{"id":45512,"date":"2025-09-13T13:22:22","date_gmt":"2025-09-13T11:22:22","guid":{"rendered":"https:\/\/cannasmart.ch\/produit\/angebot-dein-deal-2-flaeschchen-cbd-oel-broad-spectrum-6\/"},"modified":"2025-09-13T13:22:22","modified_gmt":"2025-09-13T11:22:22","slug":"angebot-dein-deal-2-flaeschchen-cbd-oel-broad-spectrum-6","status":"publish","type":"product","link":"https:\/\/cannasmart.ch\/de\/produit\/angebot-dein-deal-2-flaeschchen-cbd-oel-broad-spectrum-6\/","title":{"rendered":"Angebot Dein Deal 2 Fl\u00e4schchen CBD-\u00d6l broad spectrum 6%."},"content":{"rendered":"<p>CBD-\u00d6l &#8211; 100% Swiss Made, BioSuisse-zertifiziert<\/p>\n<p>Hanf ist eine der \u00e4ltesten Kulturpflanzen in der Geschichte der Menschheit und ein wahrer Naturschatz. Unser hochwertiges CBD-\u00d6l wird aus Industriehanf gewonnen und enth\u00e4lt reines Cannabidiol (CBD), garantiert ohne Zusatzstoffe und mit einem THC-Gehalt, der unter dem gesetzlichen Grenzwert in der Schweiz liegt. <\/p>\n<p>Unsere St\u00e4rken :<\/p>\n<p>BioSuisse-zertifiziert und aus einem Anbau, der den strengsten Schweizer Normen entspricht.<\/p>\n<p>100% Swiss Made, vom Anbau bis zur Abf\u00fcllung<\/p>\n<p>100% nat\u00fcrlich, ohne Zusatz- oder Konservierungsstoffe<\/p>\n<p>Sanfte Extraktion, um das breite Spektrum der Pflanze zu erhalten<\/p>\n<p>Regelm\u00e4\u00dfige Qualit\u00e4tskontrollen im Labor (Swiss GAP, CACP, ISO, HACCP)<\/p>\n<p>Der verwendete Rohstoff stammt ausschlie\u00dflich aus biologischem Anbau in der Schweiz, der den Richtlinien von BioSuisse entspricht.<\/p>\n<p>Anwendung:<br \/>\nTragen Sie zweimal t\u00e4glich 2-3 Tropfen auf die Haut auf. F\u00fcr beste Ergebnisse wird empfohlen, einen Monat lang eine regelm\u00e4\u00dfige Routine beizubehalten. <\/p>\n<p>Nach dem \u00d6ffnen der Flasche innerhalb von 12 Monaten zu verwenden.<\/p>\n","protected":false},"excerpt":{"rendered":"<p>CBD-\u00d6l 100% Swiss Made &#8211; BioSuisse-zertifiziert<\/p>\n<p>Entdecken Sie die Exzellenz des Schweizer Hanfs mit unserem Premium CBD-\u00d6l. Es wird vom Anbau bis zur Abf\u00fcllung ausschlie\u00dflich in der Schweiz hergestellt und verk\u00f6rpert Reinheit und Authentizit\u00e4t. <\/p>\n<p>Warum sollten Sie sich f\u00fcr unser CBD-\u00d6l entscheiden?<\/p>\n<p>BioSuisse-zertifiziert: aus biologischem Anbau in der Schweiz, der den h\u00f6chsten Standards entspricht.<\/p>\n<p>100% nat\u00fcrlich: ohne Zusatzstoffe, ohne Konservierungsmittel<\/p>\n<p>Sanfte Extraktion: bewahrt das breite Spektrum und den Reichtum der Pflanze<\/p>\n<p>Kontrollierte Qualit\u00e4t: regelm\u00e4\u00dfige Labortests (Swiss GAP, ISO, HACCP)<\/p>\n<p>THC-Gehalt entspricht der schweizerischen Gesetzgebung<\/p>\n<p>Einfache und effektive Anwendung<br \/>\nTragen Sie zweimal t\u00e4glich 2-3 Tropfen auf die Haut auf. Um optimale Ergebnisse zu erzielen, behalten Sie Ihre regelm\u00e4\u00dfige Routine 1 Monat lang bei. <\/p>\n<p>Nach dem \u00d6ffnen innerhalb von 12 Monaten verwenden.<\/p>\n","protected":false},"featured_media":44537,"comment_status":"open","ping_status":"closed","template":"","meta":{"_et_pb_use_builder":"","_et_pb_old_content":"","_et_gb_content_width":""},"product_brand":[],"product_cat":[55],"product_tag":[],"class_list":{"0":"post-45512","1":"product","2":"type-product","3":"status-publish","4":"has-post-thumbnail","6":"product_cat-kombinationen","8":"first","9":"instock","10":"shipping-taxable","11":"purchasable","12":"product-type-simple"},"yoast_head":"<!-- This site is optimized with the Yoast SEO plugin v26.0 - https:\/\/yoast.com\/wordpress\/plugins\/seo\/ -->\n<title>Angebot Dein Deal 2 Fl\u00e4schchen CBD-\u00d6l broad spectrum 6%. - CannaSmart.ch<\/title>\n<meta name=\"robots\" content=\"index, follow, max-snippet:-1, max-image-preview:large, max-video-preview:-1\" \/>\n<link rel=\"canonical\" href=\"https:\/\/cannasmart.ch\/de\/produit\/angebot-dein-deal-2-flaeschchen-cbd-oel-broad-spectrum-6\/\" \/>\n<meta property=\"og:locale\" content=\"de_DE\" \/>\n<meta property=\"og:type\" content=\"article\" \/>\n<meta property=\"og:title\" content=\"Angebot Dein Deal 2 Fl\u00e4schchen CBD-\u00d6l broad spectrum 6%. - CannaSmart.ch\" \/>\n<meta property=\"og:description\" content=\"CBD-\u00d6l 100% Swiss Made - BioSuisse-zertifiziert Entdecken Sie die Exzellenz des Schweizer Hanfs mit unserem Premium CBD-\u00d6l. Es wird vom Anbau bis zur Abf\u00fcllung ausschlie\u00dflich in der Schweiz hergestellt und verk\u00f6rpert Reinheit und Authentizit\u00e4t.  Warum sollten Sie sich f\u00fcr unser CBD-\u00d6l entscheiden? BioSuisse-zertifiziert: aus biologischem Anbau in der Schweiz, der den h\u00f6chsten Standards entspricht. 100% nat\u00fcrlich: ohne Zusatzstoffe, ohne Konservierungsmittel Sanfte Extraktion: bewahrt das breite Spektrum und den Reichtum der Pflanze Kontrollierte Qualit\u00e4t: regelm\u00e4\u00dfige Labortests (Swiss GAP, ISO, HACCP) THC-Gehalt entspricht der schweizerischen Gesetzgebung Einfache und effektive Anwendung Tragen Sie zweimal t\u00e4glich 2-3 Tropfen auf die Haut auf. Um optimale Ergebnisse zu erzielen, behalten Sie Ihre regelm\u00e4\u00dfige Routine 1 Monat lang bei.  Nach dem \u00d6ffnen innerhalb von 12 Monaten verwenden.\" \/>\n<meta property=\"og:url\" content=\"https:\/\/cannasmart.ch\/de\/produit\/angebot-dein-deal-2-flaeschchen-cbd-oel-broad-spectrum-6\/\" \/>\n<meta property=\"og:site_name\" content=\"CannaSmart.ch\" \/>\n<meta property=\"og:image\" content=\"https:\/\/cannasmart.ch\/wp-content\/uploads\/2025\/07\/HUILE_MOCKUP_6pc.jpg\" \/>\n\t<meta property=\"og:image:width\" content=\"1920\" \/>\n\t<meta property=\"og:image:height\" content=\"1920\" \/>\n\t<meta property=\"og:image:type\" content=\"image\/jpeg\" \/>\n<meta name=\"twitter:card\" content=\"summary_large_image\" \/>\n<meta name=\"twitter:label1\" content=\"Gesch\u00e4tzte Lesezeit\" \/>\n\t<meta name=\"twitter:data1\" content=\"1 minute\" \/>\n<script type=\"application\/ld+json\" class=\"yoast-schema-graph\">{\"@context\":\"https:\/\/schema.org\",\"@graph\":[{\"@type\":\"WebPage\",\"@id\":\"https:\/\/cannasmart.ch\/de\/produit\/angebot-dein-deal-2-flaeschchen-cbd-oel-broad-spectrum-6\/\",\"url\":\"https:\/\/cannasmart.ch\/de\/produit\/angebot-dein-deal-2-flaeschchen-cbd-oel-broad-spectrum-6\/\",\"name\":\"Angebot Dein Deal 2 Fl\u00e4schchen CBD-\u00d6l broad spectrum 6%. - CannaSmart.ch\",\"isPartOf\":{\"@id\":\"https:\/\/cannasmart.ch\/de\/#website\"},\"primaryImageOfPage\":{\"@id\":\"https:\/\/cannasmart.ch\/de\/produit\/angebot-dein-deal-2-flaeschchen-cbd-oel-broad-spectrum-6\/#primaryimage\"},\"image\":{\"@id\":\"https:\/\/cannasmart.ch\/de\/produit\/angebot-dein-deal-2-flaeschchen-cbd-oel-broad-spectrum-6\/#primaryimage\"},\"thumbnailUrl\":\"https:\/\/cannasmart.ch\/wp-content\/uploads\/2025\/07\/HUILE_MOCKUP_6pc.jpg\",\"datePublished\":\"2025-09-13T11:22:22+00:00\",\"breadcrumb\":{\"@id\":\"https:\/\/cannasmart.ch\/de\/produit\/angebot-dein-deal-2-flaeschchen-cbd-oel-broad-spectrum-6\/#breadcrumb\"},\"inLanguage\":\"de-DE\",\"potentialAction\":[{\"@type\":\"ReadAction\",\"target\":[\"https:\/\/cannasmart.ch\/de\/produit\/angebot-dein-deal-2-flaeschchen-cbd-oel-broad-spectrum-6\/\"]}]},{\"@type\":\"ImageObject\",\"inLanguage\":\"de-DE\",\"@id\":\"https:\/\/cannasmart.ch\/de\/produit\/angebot-dein-deal-2-flaeschchen-cbd-oel-broad-spectrum-6\/#primaryimage\",\"url\":\"https:\/\/cannasmart.ch\/wp-content\/uploads\/2025\/07\/HUILE_MOCKUP_6pc.jpg\",\"contentUrl\":\"https:\/\/cannasmart.ch\/wp-content\/uploads\/2025\/07\/HUILE_MOCKUP_6pc.jpg\",\"width\":1920,\"height\":1920,\"caption\":\"Wohlbefinden und Gesundheit\"},{\"@type\":\"BreadcrumbList\",\"@id\":\"https:\/\/cannasmart.ch\/de\/produit\/angebot-dein-deal-2-flaeschchen-cbd-oel-broad-spectrum-6\/#breadcrumb\",\"itemListElement\":[{\"@type\":\"ListItem\",\"position\":1,\"name\":\"Accueil\",\"item\":\"https:\/\/cannasmart.ch\/de\/startseite\/?lang=de\"},{\"@type\":\"ListItem\",\"position\":2,\"name\":\"Shop\",\"item\":\"https:\/\/cannasmart.ch\/boutique\/\"},{\"@type\":\"ListItem\",\"position\":3,\"name\":\"Angebot Dein Deal 2 Fl\u00e4schchen CBD-\u00d6l broad spectrum 6%.\"}]},{\"@type\":\"WebSite\",\"@id\":\"https:\/\/cannasmart.ch\/de\/#website\",\"url\":\"https:\/\/cannasmart.ch\/de\/\",\"name\":\"CannaSmart.ch\",\"description\":\"Produits de CBD artisanaux\",\"publisher\":{\"@id\":\"https:\/\/cannasmart.ch\/de\/#organization\"},\"potentialAction\":[{\"@type\":\"SearchAction\",\"target\":{\"@type\":\"EntryPoint\",\"urlTemplate\":\"https:\/\/cannasmart.ch\/de\/?s={search_term_string}\"},\"query-input\":{\"@type\":\"PropertyValueSpecification\",\"valueRequired\":true,\"valueName\":\"search_term_string\"}}],\"inLanguage\":\"de-DE\"},{\"@type\":\"Organization\",\"@id\":\"https:\/\/cannasmart.ch\/de\/#organization\",\"name\":\"CannaSmart.ch\",\"url\":\"https:\/\/cannasmart.ch\/de\/\",\"logo\":{\"@type\":\"ImageObject\",\"inLanguage\":\"de-DE\",\"@id\":\"https:\/\/cannasmart.ch\/de\/#\/schema\/logo\/image\/\",\"url\":\"https:\/\/cannasmart.ch\/wp-content\/uploads\/2025\/09\/CS_Logo_V1.png\",\"contentUrl\":\"https:\/\/cannasmart.ch\/wp-content\/uploads\/2025\/09\/CS_Logo_V1.png\",\"width\":2000,\"height\":2000,\"caption\":\"CannaSmart.ch\"},\"image\":{\"@id\":\"https:\/\/cannasmart.ch\/de\/#\/schema\/logo\/image\/\"},\"sameAs\":[\"https:\/\/www.instagram.com\/cannasmart.ch\/\"]}]}<\/script>\n<!-- \/ Yoast SEO plugin. -->","yoast_head_json":{"title":"Angebot Dein Deal 2 Fl\u00e4schchen CBD-\u00d6l broad spectrum 6%. - CannaSmart.ch","robots":{"index":"index","follow":"follow","max-snippet":"max-snippet:-1","max-image-preview":"max-image-preview:large","max-video-preview":"max-video-preview:-1"},"canonical":"https:\/\/cannasmart.ch\/de\/produit\/angebot-dein-deal-2-flaeschchen-cbd-oel-broad-spectrum-6\/","og_locale":"de_DE","og_type":"article","og_title":"Angebot Dein Deal 2 Fl\u00e4schchen CBD-\u00d6l broad spectrum 6%. - CannaSmart.ch","og_description":"CBD-\u00d6l 100% Swiss Made - BioSuisse-zertifiziert Entdecken Sie die Exzellenz des Schweizer Hanfs mit unserem Premium CBD-\u00d6l. Es wird vom Anbau bis zur Abf\u00fcllung ausschlie\u00dflich in der Schweiz hergestellt und verk\u00f6rpert Reinheit und Authentizit\u00e4t.  Warum sollten Sie sich f\u00fcr unser CBD-\u00d6l entscheiden? BioSuisse-zertifiziert: aus biologischem Anbau in der Schweiz, der den h\u00f6chsten Standards entspricht. 100% nat\u00fcrlich: ohne Zusatzstoffe, ohne Konservierungsmittel Sanfte Extraktion: bewahrt das breite Spektrum und den Reichtum der Pflanze Kontrollierte Qualit\u00e4t: regelm\u00e4\u00dfige Labortests (Swiss GAP, ISO, HACCP) THC-Gehalt entspricht der schweizerischen Gesetzgebung Einfache und effektive Anwendung Tragen Sie zweimal t\u00e4glich 2-3 Tropfen auf die Haut auf. Um optimale Ergebnisse zu erzielen, behalten Sie Ihre regelm\u00e4\u00dfige Routine 1 Monat lang bei.  Nach dem \u00d6ffnen innerhalb von 12 Monaten verwenden.","og_url":"https:\/\/cannasmart.ch\/de\/produit\/angebot-dein-deal-2-flaeschchen-cbd-oel-broad-spectrum-6\/","og_site_name":"CannaSmart.ch","og_image":[{"width":1920,"height":1920,"url":"https:\/\/cannasmart.ch\/wp-content\/uploads\/2025\/07\/HUILE_MOCKUP_6pc.jpg","type":"image\/jpeg"}],"twitter_card":"summary_large_image","twitter_misc":{"Gesch\u00e4tzte Lesezeit":"1 minute"},"schema":{"@context":"https:\/\/schema.org","@graph":[{"@type":"WebPage","@id":"https:\/\/cannasmart.ch\/de\/produit\/angebot-dein-deal-2-flaeschchen-cbd-oel-broad-spectrum-6\/","url":"https:\/\/cannasmart.ch\/de\/produit\/angebot-dein-deal-2-flaeschchen-cbd-oel-broad-spectrum-6\/","name":"Angebot Dein Deal 2 Fl\u00e4schchen CBD-\u00d6l broad spectrum 6%. - CannaSmart.ch","isPartOf":{"@id":"https:\/\/cannasmart.ch\/de\/#website"},"primaryImageOfPage":{"@id":"https:\/\/cannasmart.ch\/de\/produit\/angebot-dein-deal-2-flaeschchen-cbd-oel-broad-spectrum-6\/#primaryimage"},"image":{"@id":"https:\/\/cannasmart.ch\/de\/produit\/angebot-dein-deal-2-flaeschchen-cbd-oel-broad-spectrum-6\/#primaryimage"},"thumbnailUrl":"https:\/\/cannasmart.ch\/wp-content\/uploads\/2025\/07\/HUILE_MOCKUP_6pc.jpg","datePublished":"2025-09-13T11:22:22+00:00","breadcrumb":{"@id":"https:\/\/cannasmart.ch\/de\/produit\/angebot-dein-deal-2-flaeschchen-cbd-oel-broad-spectrum-6\/#breadcrumb"},"inLanguage":"de-DE","potentialAction":[{"@type":"ReadAction","target":["https:\/\/cannasmart.ch\/de\/produit\/angebot-dein-deal-2-flaeschchen-cbd-oel-broad-spectrum-6\/"]}]},{"@type":"ImageObject","inLanguage":"de-DE","@id":"https:\/\/cannasmart.ch\/de\/produit\/angebot-dein-deal-2-flaeschchen-cbd-oel-broad-spectrum-6\/#primaryimage","url":"https:\/\/cannasmart.ch\/wp-content\/uploads\/2025\/07\/HUILE_MOCKUP_6pc.jpg","contentUrl":"https:\/\/cannasmart.ch\/wp-content\/uploads\/2025\/07\/HUILE_MOCKUP_6pc.jpg","width":1920,"height":1920,"caption":"Wohlbefinden und Gesundheit"},{"@type":"BreadcrumbList","@id":"https:\/\/cannasmart.ch\/de\/produit\/angebot-dein-deal-2-flaeschchen-cbd-oel-broad-spectrum-6\/#breadcrumb","itemListElement":[{"@type":"ListItem","position":1,"name":"Accueil","item":"https:\/\/cannasmart.ch\/de\/startseite\/?lang=de"},{"@type":"ListItem","position":2,"name":"Shop","item":"https:\/\/cannasmart.ch\/boutique\/"},{"@type":"ListItem","position":3,"name":"Angebot Dein Deal 2 Fl\u00e4schchen CBD-\u00d6l broad spectrum 6%."}]},{"@type":"WebSite","@id":"https:\/\/cannasmart.ch\/de\/#website","url":"https:\/\/cannasmart.ch\/de\/","name":"CannaSmart.ch","description":"Produits de CBD artisanaux","publisher":{"@id":"https:\/\/cannasmart.ch\/de\/#organization"},"potentialAction":[{"@type":"SearchAction","target":{"@type":"EntryPoint","urlTemplate":"https:\/\/cannasmart.ch\/de\/?s={search_term_string}"},"query-input":{"@type":"PropertyValueSpecification","valueRequired":true,"valueName":"search_term_string"}}],"inLanguage":"de-DE"},{"@type":"Organization","@id":"https:\/\/cannasmart.ch\/de\/#organization","name":"CannaSmart.ch","url":"https:\/\/cannasmart.ch\/de\/","logo":{"@type":"ImageObject","inLanguage":"de-DE","@id":"https:\/\/cannasmart.ch\/de\/#\/schema\/logo\/image\/","url":"https:\/\/cannasmart.ch\/wp-content\/uploads\/2025\/09\/CS_Logo_V1.png","contentUrl":"https:\/\/cannasmart.ch\/wp-content\/uploads\/2025\/09\/CS_Logo_V1.png","width":2000,"height":2000,"caption":"CannaSmart.ch"},"image":{"@id":"https:\/\/cannasmart.ch\/de\/#\/schema\/logo\/image\/"},"sameAs":["https:\/\/www.instagram.com\/cannasmart.ch\/"]}]}},"_links":{"self":[{"href":"https:\/\/cannasmart.ch\/de\/wp-json\/wp\/v2\/product\/45512","targetHints":{"allow":["GET"]}}],"collection":[{"href":"https:\/\/cannasmart.ch\/de\/wp-json\/wp\/v2\/product"}],"about":[{"href":"https:\/\/cannasmart.ch\/de\/wp-json\/wp\/v2\/types\/product"}],"replies":[{"embeddable":true,"href":"https:\/\/cannasmart.ch\/de\/wp-json\/wp\/v2\/comments?post=45512"}],"wp:featuredmedia":[{"embeddable":true,"href":"https:\/\/cannasmart.ch\/de\/wp-json\/wp\/v2\/media\/44537"}],"wp:attachment":[{"href":"https:\/\/cannasmart.ch\/de\/wp-json\/wp\/v2\/media?parent=45512"}],"wp:term":[{"taxonomy":"product_brand","embeddable":true,"href":"https:\/\/cannasmart.ch\/de\/wp-json\/wp\/v2\/product_brand?post=45512"},{"taxonomy":"product_cat","embeddable":true,"href":"https:\/\/cannasmart.ch\/de\/wp-json\/wp\/v2\/product_cat?post=45512"},{"taxonomy":"product_tag","embeddable":true,"href":"https:\/\/cannasmart.ch\/de\/wp-json\/wp\/v2\/product_tag?post=45512"}],"curies":[{"name":"wp","href":"https:\/\/api.w.org\/{rel}","templated":true}]}}