{"id":45508,"date":"2025-11-26T19:44:19","date_gmt":"2025-11-26T18:44:19","guid":{"rendered":"https:\/\/cannasmart.ch\/produit\/pack-2x-pollen-10gr\/"},"modified":"2025-11-26T19:44:19","modified_gmt":"2025-11-26T18:44:19","slug":"pack-2x-pollen-10gr","status":"publish","type":"product","link":"https:\/\/cannasmart.ch\/de\/produit\/pack-2x-pollen-10gr\/","title":{"rendered":"Pack 2x Pollen 10gr"},"content":{"rendered":"<p>Entdecken Sie unsere Packung mit 2 \u00d7 10 g gepressten Pollen, die f\u00fcr Hanfkenner gedacht ist, die ein authentisches und aromatisches Produkt suchen.<\/p>\n<p>Jede Pollencharge wird sorgf\u00e4ltig gesiebt, um eine weiche und kompakte Textur zu gew\u00e4hrleisten, die leicht zu handhaben ist und eine optimale Konzentration an nat\u00fcrlichen Aromen aufweist. Seine warmen und erdigen Noten bieten ein reiches und traditionelles sensorisches Erlebnis, das typisch f\u00fcr gepressten Qualit\u00e4tspollen ist.<\/p>\n<p>Dieser Doppelpack erm\u00f6glicht es Ihnen, die Reinheit und Best\u00e4ndigkeit des Produkts voll zu genie\u00dfen, perfekt f\u00fcr diejenigen, die den Geschmack und das Harz von Premium-Pollen erforschen m\u00f6chten. Eine ideale Wahl f\u00fcr die t\u00e4gliche Kombination von Zweckm\u00e4\u00dfigkeit, Qualit\u00e4t und aromatischer Intensit\u00e4t.<\/p>\n","protected":false},"excerpt":{"rendered":"<p>Premium-Packung mit 2 \u00d7 10 g gepressten Pollen, die sorgf\u00e4ltig gesiebt wurden, um eine gleichm\u00e4\u00dfige, harzige Textur und intensive, tiefe Aromen zu bieten. Ideal f\u00fcr CBD-Liebhaber, die Qualit\u00e4t und Authentizit\u00e4t auf einfache Weise suchen.<\/p>\n","protected":false},"featured_media":43714,"comment_status":"open","ping_status":"closed","template":"","meta":{"_et_pb_use_builder":"","_et_pb_old_content":"","_et_gb_content_width":""},"product_brand":[],"product_cat":[55],"product_tag":[],"class_list":{"0":"post-45508","1":"product","2":"type-product","3":"status-publish","4":"has-post-thumbnail","6":"product_cat-kombinationen","8":"first","9":"instock","10":"shipping-taxable","11":"purchasable","12":"product-type-simple"},"yoast_head":"<!-- This site is optimized with the Yoast SEO plugin v26.0 - https:\/\/yoast.com\/wordpress\/plugins\/seo\/ -->\n<title>Pack 2x Pollen 10gr - CannaSmart.ch<\/title>\n<meta name=\"robots\" content=\"index, follow, max-snippet:-1, max-image-preview:large, max-video-preview:-1\" \/>\n<link rel=\"canonical\" href=\"https:\/\/cannasmart.ch\/de\/produit\/pack-2x-pollen-10gr\/\" \/>\n<meta property=\"og:locale\" content=\"de_DE\" \/>\n<meta property=\"og:type\" content=\"article\" \/>\n<meta property=\"og:title\" content=\"Pack 2x Pollen 10gr - CannaSmart.ch\" \/>\n<meta property=\"og:description\" content=\"Premium-Packung mit 2 \u00d7 10 g gepressten Pollen, die sorgf\u00e4ltig gesiebt wurden, um eine gleichm\u00e4\u00dfige, harzige Textur und intensive, tiefe Aromen zu bieten. Ideal f\u00fcr CBD-Liebhaber, die Qualit\u00e4t und Authentizit\u00e4t auf einfache Weise suchen.\" \/>\n<meta property=\"og:url\" content=\"https:\/\/cannasmart.ch\/de\/produit\/pack-2x-pollen-10gr\/\" \/>\n<meta property=\"og:site_name\" content=\"CannaSmart.ch\" \/>\n<meta property=\"og:image\" content=\"https:\/\/cannasmart.ch\/wp-content\/uploads\/2023\/10\/4_Coupon_detail_648x432-e1700218225266.jpg\" \/>\n\t<meta property=\"og:image:width\" content=\"532\" \/>\n\t<meta property=\"og:image:height\" content=\"432\" \/>\n\t<meta property=\"og:image:type\" content=\"image\/jpeg\" \/>\n<meta name=\"twitter:card\" content=\"summary_large_image\" \/>\n<meta name=\"twitter:label1\" content=\"Gesch\u00e4tzte Lesezeit\" \/>\n\t<meta name=\"twitter:data1\" content=\"1 minute\" \/>\n<script type=\"application\/ld+json\" class=\"yoast-schema-graph\">{\"@context\":\"https:\/\/schema.org\",\"@graph\":[{\"@type\":\"WebPage\",\"@id\":\"https:\/\/cannasmart.ch\/de\/produit\/pack-2x-pollen-10gr\/\",\"url\":\"https:\/\/cannasmart.ch\/de\/produit\/pack-2x-pollen-10gr\/\",\"name\":\"Pack 2x Pollen 10gr - CannaSmart.ch\",\"isPartOf\":{\"@id\":\"https:\/\/cannasmart.ch\/de\/#website\"},\"primaryImageOfPage\":{\"@id\":\"https:\/\/cannasmart.ch\/de\/produit\/pack-2x-pollen-10gr\/#primaryimage\"},\"image\":{\"@id\":\"https:\/\/cannasmart.ch\/de\/produit\/pack-2x-pollen-10gr\/#primaryimage\"},\"thumbnailUrl\":\"https:\/\/cannasmart.ch\/wp-content\/uploads\/2023\/10\/4_Coupon_detail_648x432-e1700218225266.jpg\",\"datePublished\":\"2025-11-26T18:44:19+00:00\",\"breadcrumb\":{\"@id\":\"https:\/\/cannasmart.ch\/de\/produit\/pack-2x-pollen-10gr\/#breadcrumb\"},\"inLanguage\":\"de-DE\",\"potentialAction\":[{\"@type\":\"ReadAction\",\"target\":[\"https:\/\/cannasmart.ch\/de\/produit\/pack-2x-pollen-10gr\/\"]}]},{\"@type\":\"ImageObject\",\"inLanguage\":\"de-DE\",\"@id\":\"https:\/\/cannasmart.ch\/de\/produit\/pack-2x-pollen-10gr\/#primaryimage\",\"url\":\"https:\/\/cannasmart.ch\/wp-content\/uploads\/2023\/10\/4_Coupon_detail_648x432-e1700218225266.jpg\",\"contentUrl\":\"https:\/\/cannasmart.ch\/wp-content\/uploads\/2023\/10\/4_Coupon_detail_648x432-e1700218225266.jpg\",\"width\":532,\"height\":432},{\"@type\":\"BreadcrumbList\",\"@id\":\"https:\/\/cannasmart.ch\/de\/produit\/pack-2x-pollen-10gr\/#breadcrumb\",\"itemListElement\":[{\"@type\":\"ListItem\",\"position\":1,\"name\":\"Accueil\",\"item\":\"https:\/\/cannasmart.ch\/de\/startseite\/?lang=de\"},{\"@type\":\"ListItem\",\"position\":2,\"name\":\"Shop\",\"item\":\"https:\/\/cannasmart.ch\/boutique\/\"},{\"@type\":\"ListItem\",\"position\":3,\"name\":\"Pack 2x Pollen 10gr\"}]},{\"@type\":\"WebSite\",\"@id\":\"https:\/\/cannasmart.ch\/de\/#website\",\"url\":\"https:\/\/cannasmart.ch\/de\/\",\"name\":\"CannaSmart.ch\",\"description\":\"Produits de CBD artisanaux\",\"publisher\":{\"@id\":\"https:\/\/cannasmart.ch\/de\/#organization\"},\"potentialAction\":[{\"@type\":\"SearchAction\",\"target\":{\"@type\":\"EntryPoint\",\"urlTemplate\":\"https:\/\/cannasmart.ch\/de\/?s={search_term_string}\"},\"query-input\":{\"@type\":\"PropertyValueSpecification\",\"valueRequired\":true,\"valueName\":\"search_term_string\"}}],\"inLanguage\":\"de-DE\"},{\"@type\":\"Organization\",\"@id\":\"https:\/\/cannasmart.ch\/de\/#organization\",\"name\":\"CannaSmart.ch\",\"url\":\"https:\/\/cannasmart.ch\/de\/\",\"logo\":{\"@type\":\"ImageObject\",\"inLanguage\":\"de-DE\",\"@id\":\"https:\/\/cannasmart.ch\/de\/#\/schema\/logo\/image\/\",\"url\":\"https:\/\/cannasmart.ch\/wp-content\/uploads\/2025\/09\/CS_Logo_V1.png\",\"contentUrl\":\"https:\/\/cannasmart.ch\/wp-content\/uploads\/2025\/09\/CS_Logo_V1.png\",\"width\":2000,\"height\":2000,\"caption\":\"CannaSmart.ch\"},\"image\":{\"@id\":\"https:\/\/cannasmart.ch\/de\/#\/schema\/logo\/image\/\"},\"sameAs\":[\"https:\/\/www.instagram.com\/cannasmart.ch\/\"]}]}<\/script>\n<!-- \/ Yoast SEO plugin. -->","yoast_head_json":{"title":"Pack 2x Pollen 10gr - CannaSmart.ch","robots":{"index":"index","follow":"follow","max-snippet":"max-snippet:-1","max-image-preview":"max-image-preview:large","max-video-preview":"max-video-preview:-1"},"canonical":"https:\/\/cannasmart.ch\/de\/produit\/pack-2x-pollen-10gr\/","og_locale":"de_DE","og_type":"article","og_title":"Pack 2x Pollen 10gr - CannaSmart.ch","og_description":"Premium-Packung mit 2 \u00d7 10 g gepressten Pollen, die sorgf\u00e4ltig gesiebt wurden, um eine gleichm\u00e4\u00dfige, harzige Textur und intensive, tiefe Aromen zu bieten. Ideal f\u00fcr CBD-Liebhaber, die Qualit\u00e4t und Authentizit\u00e4t auf einfache Weise suchen.","og_url":"https:\/\/cannasmart.ch\/de\/produit\/pack-2x-pollen-10gr\/","og_site_name":"CannaSmart.ch","og_image":[{"width":532,"height":432,"url":"https:\/\/cannasmart.ch\/wp-content\/uploads\/2023\/10\/4_Coupon_detail_648x432-e1700218225266.jpg","type":"image\/jpeg"}],"twitter_card":"summary_large_image","twitter_misc":{"Gesch\u00e4tzte Lesezeit":"1 minute"},"schema":{"@context":"https:\/\/schema.org","@graph":[{"@type":"WebPage","@id":"https:\/\/cannasmart.ch\/de\/produit\/pack-2x-pollen-10gr\/","url":"https:\/\/cannasmart.ch\/de\/produit\/pack-2x-pollen-10gr\/","name":"Pack 2x Pollen 10gr - CannaSmart.ch","isPartOf":{"@id":"https:\/\/cannasmart.ch\/de\/#website"},"primaryImageOfPage":{"@id":"https:\/\/cannasmart.ch\/de\/produit\/pack-2x-pollen-10gr\/#primaryimage"},"image":{"@id":"https:\/\/cannasmart.ch\/de\/produit\/pack-2x-pollen-10gr\/#primaryimage"},"thumbnailUrl":"https:\/\/cannasmart.ch\/wp-content\/uploads\/2023\/10\/4_Coupon_detail_648x432-e1700218225266.jpg","datePublished":"2025-11-26T18:44:19+00:00","breadcrumb":{"@id":"https:\/\/cannasmart.ch\/de\/produit\/pack-2x-pollen-10gr\/#breadcrumb"},"inLanguage":"de-DE","potentialAction":[{"@type":"ReadAction","target":["https:\/\/cannasmart.ch\/de\/produit\/pack-2x-pollen-10gr\/"]}]},{"@type":"ImageObject","inLanguage":"de-DE","@id":"https:\/\/cannasmart.ch\/de\/produit\/pack-2x-pollen-10gr\/#primaryimage","url":"https:\/\/cannasmart.ch\/wp-content\/uploads\/2023\/10\/4_Coupon_detail_648x432-e1700218225266.jpg","contentUrl":"https:\/\/cannasmart.ch\/wp-content\/uploads\/2023\/10\/4_Coupon_detail_648x432-e1700218225266.jpg","width":532,"height":432},{"@type":"BreadcrumbList","@id":"https:\/\/cannasmart.ch\/de\/produit\/pack-2x-pollen-10gr\/#breadcrumb","itemListElement":[{"@type":"ListItem","position":1,"name":"Accueil","item":"https:\/\/cannasmart.ch\/de\/startseite\/?lang=de"},{"@type":"ListItem","position":2,"name":"Shop","item":"https:\/\/cannasmart.ch\/boutique\/"},{"@type":"ListItem","position":3,"name":"Pack 2x Pollen 10gr"}]},{"@type":"WebSite","@id":"https:\/\/cannasmart.ch\/de\/#website","url":"https:\/\/cannasmart.ch\/de\/","name":"CannaSmart.ch","description":"Produits de CBD artisanaux","publisher":{"@id":"https:\/\/cannasmart.ch\/de\/#organization"},"potentialAction":[{"@type":"SearchAction","target":{"@type":"EntryPoint","urlTemplate":"https:\/\/cannasmart.ch\/de\/?s={search_term_string}"},"query-input":{"@type":"PropertyValueSpecification","valueRequired":true,"valueName":"search_term_string"}}],"inLanguage":"de-DE"},{"@type":"Organization","@id":"https:\/\/cannasmart.ch\/de\/#organization","name":"CannaSmart.ch","url":"https:\/\/cannasmart.ch\/de\/","logo":{"@type":"ImageObject","inLanguage":"de-DE","@id":"https:\/\/cannasmart.ch\/de\/#\/schema\/logo\/image\/","url":"https:\/\/cannasmart.ch\/wp-content\/uploads\/2025\/09\/CS_Logo_V1.png","contentUrl":"https:\/\/cannasmart.ch\/wp-content\/uploads\/2025\/09\/CS_Logo_V1.png","width":2000,"height":2000,"caption":"CannaSmart.ch"},"image":{"@id":"https:\/\/cannasmart.ch\/de\/#\/schema\/logo\/image\/"},"sameAs":["https:\/\/www.instagram.com\/cannasmart.ch\/"]}]}},"_links":{"self":[{"href":"https:\/\/cannasmart.ch\/de\/wp-json\/wp\/v2\/product\/45508","targetHints":{"allow":["GET"]}}],"collection":[{"href":"https:\/\/cannasmart.ch\/de\/wp-json\/wp\/v2\/product"}],"about":[{"href":"https:\/\/cannasmart.ch\/de\/wp-json\/wp\/v2\/types\/product"}],"replies":[{"embeddable":true,"href":"https:\/\/cannasmart.ch\/de\/wp-json\/wp\/v2\/comments?post=45508"}],"wp:featuredmedia":[{"embeddable":true,"href":"https:\/\/cannasmart.ch\/de\/wp-json\/wp\/v2\/media\/43714"}],"wp:attachment":[{"href":"https:\/\/cannasmart.ch\/de\/wp-json\/wp\/v2\/media?parent=45508"}],"wp:term":[{"taxonomy":"product_brand","embeddable":true,"href":"https:\/\/cannasmart.ch\/de\/wp-json\/wp\/v2\/product_brand?post=45508"},{"taxonomy":"product_cat","embeddable":true,"href":"https:\/\/cannasmart.ch\/de\/wp-json\/wp\/v2\/product_cat?post=45508"},{"taxonomy":"product_tag","embeddable":true,"href":"https:\/\/cannasmart.ch\/de\/wp-json\/wp\/v2\/product_tag?post=45508"}],"curies":[{"name":"wp","href":"https:\/\/api.w.org\/{rel}","templated":true}]}}