{"id":44071,"date":"2025-04-01T17:18:40","date_gmt":"2025-04-01T15:18:40","guid":{"rendered":"https:\/\/cannasmart.ch\/produit\/44071\/"},"modified":"2025-12-11T15:31:09","modified_gmt":"2025-12-11T14:31:09","slug":"44071","status":"publish","type":"product","link":"https:\/\/cannasmart.ch\/de\/produit\/44071\/","title":{"rendered":"Teufelskralle \/ Hanf Curia Raetorum Gel"},"content":{"rendered":"<p>Franz\u00f6sisch:<\/p>\n<p>Teufelskralle\/Hanf Curia Raetorum Gel<br \/>\nDie kraftvolle Kombination aus Hanf und Teufelskralle hat starke entz\u00fcndungshemmende Eigenschaften und hilft bei der Schmerzlinderung.<br \/>\nArnika und Rosskastanie erg\u00e4nzen die Formel und machen das Gel zu einem wertvollen Verb\u00fcndeten bei Beschwerden.<br \/>\nEs zieht schnell ein und ist praktisch geruchlos.<\/p>\n<p>Deutsch:<\/p>\n<p>Teufelskralle \/ Hanf Gel Curia Raetorum<br \/>\nDie kraftvolle Kombination aus Hanf und Teufelskralle besitzt ausgepr\u00e4gte entz\u00fcndungshemmende Eigenschaften und hilft, Schmerzen zu lindern.<br \/>\nArnika und Rosskastanie erg\u00e4nzen die Formel und machen dieses Gel zu einem wertvollen Begleiter bei Beschwerden.<br \/>\nEs zieht schnell ein und ist nahezu geruchsneutral.<\/p>\n<p>English:<\/p>\n<p>Devil&#8217;s Claw \/ Hemp Gel Curia Raetorum<br \/>\nThe powerful combination of hemp and devil&#8217;s claw has strong anti-inflammatory properties and helps relieve pain.<br \/>\nArnica and horse chestnut enhance the formula, making this gel a valuable companion for discomfort.<br \/>\nIt absorbs quickly and is virtually odorless.<\/p>\n","protected":false},"excerpt":{"rendered":"<p>Franz\u00f6sisch:<\/p>\n<p>Teufelskralle\/Hanf Curia Raetorum Gel<br \/>\nDie kraftvolle Kombination aus Hanf und Teufelskralle hat starke entz\u00fcndungshemmende Eigenschaften und hilft bei der Schmerzlinderung.<br \/>\nArnika und Rosskastanie erg\u00e4nzen die Formel und machen das Gel zu einem wertvollen Verb\u00fcndeten bei Beschwerden.<br \/>\nEs zieht schnell ein und ist praktisch geruchlos.<\/p>\n<p>Deutsch:<\/p>\n<p>Teufelskralle \/ Hanf Gel Curia Raetorum<br \/>\nDie kraftvolle Kombination aus Hanf und Teufelskralle besitzt ausgepr\u00e4gte entz\u00fcndungshemmende Eigenschaften und hilft, Schmerzen zu lindern.<br \/>\nArnika und Rosskastanie erg\u00e4nzen die Formel und machen dieses Gel zu einem wertvollen Begleiter bei Beschwerden.<br \/>\nEs zieht schnell ein und ist nahezu geruchsneutral.<\/p>\n<p>English:<\/p>\n<p>Devil&#8217;s Claw \/ Hemp Gel Curia Raetorum<br \/>\nThe powerful combination of hemp and devil&#8217;s claw has strong anti-inflammatory properties and helps relieve pain.<br \/>\nArnica and horse chestnut enhance the formula, making this gel a valuable companion for discomfort.<br \/>\nIt absorbs quickly and is virtually odorless.<\/p>\n","protected":false},"featured_media":44070,"comment_status":"open","ping_status":"closed","template":"","meta":{"_et_pb_use_builder":"","_et_pb_old_content":"","_et_gb_content_width":""},"product_brand":[],"product_cat":[61],"product_tag":[],"class_list":{"0":"post-44071","1":"product","2":"type-product","3":"status-publish","4":"has-post-thumbnail","6":"product_cat-gesundheit-und-wohlbefinden","8":"first","9":"instock","10":"shipping-taxable","11":"purchasable","12":"product-type-simple"},"yoast_head":"<!-- This site is optimized with the Yoast SEO plugin v26.0 - https:\/\/yoast.com\/wordpress\/plugins\/seo\/ -->\n<title>Teufelskralle \/ Hanf Curia Raetorum Gel - CannaSmart.ch<\/title>\n<meta name=\"robots\" content=\"index, follow, max-snippet:-1, max-image-preview:large, max-video-preview:-1\" \/>\n<link rel=\"canonical\" href=\"https:\/\/cannasmart.ch\/de\/produit\/44071\/\" \/>\n<meta property=\"og:locale\" content=\"de_DE\" \/>\n<meta property=\"og:type\" content=\"article\" \/>\n<meta property=\"og:title\" content=\"Teufelskralle \/ Hanf Curia Raetorum Gel - CannaSmart.ch\" \/>\n<meta property=\"og:description\" content=\"Franz\u00f6sisch: Teufelskralle\/Hanf Curia Raetorum Gel Die kraftvolle Kombination aus Hanf und Teufelskralle hat starke entz\u00fcndungshemmende Eigenschaften und hilft bei der Schmerzlinderung. Arnika und Rosskastanie erg\u00e4nzen die Formel und machen das Gel zu einem wertvollen Verb\u00fcndeten bei Beschwerden. Es zieht schnell ein und ist praktisch geruchlos. Deutsch: Teufelskralle \/ Hanf Gel Curia Raetorum Die kraftvolle Kombination aus Hanf und Teufelskralle besitzt ausgepr\u00e4gte entz\u00fcndungshemmende Eigenschaften und hilft, Schmerzen zu lindern. Arnika und Rosskastanie erg\u00e4nzen die Formel und machen dieses Gel zu einem wertvollen Begleiter bei Beschwerden. Es zieht schnell ein und ist nahezu geruchsneutral.  English: Devil&#039;s Claw \/ Hemp Gel Curia Raetorum The powerful combination of hemp and devil&#039;s claw has strong anti-inflammatory properties and helps relieve pain. Arnica and horse chestnut enhance the formula, making this gel a valuable companion for discomfort. It absorbs quickly and is virtually odorless.\" \/>\n<meta property=\"og:url\" content=\"https:\/\/cannasmart.ch\/de\/produit\/44071\/\" \/>\n<meta property=\"og:site_name\" content=\"CannaSmart.ch\" \/>\n<meta property=\"article:modified_time\" content=\"2025-12-11T14:31:09+00:00\" \/>\n<meta property=\"og:image\" content=\"https:\/\/cannasmart.ch\/wp-content\/uploads\/2025\/04\/Hanf-Gel-Curia-Raetorum-75ml-Kopie-1024x681.png\" \/>\n\t<meta property=\"og:image:width\" content=\"1024\" \/>\n\t<meta property=\"og:image:height\" content=\"681\" \/>\n\t<meta property=\"og:image:type\" content=\"image\/png\" \/>\n<meta name=\"twitter:card\" content=\"summary_large_image\" \/>\n<meta name=\"twitter:label1\" content=\"Gesch\u00e4tzte Lesezeit\" \/>\n\t<meta name=\"twitter:data1\" content=\"1 minute\" \/>\n<script type=\"application\/ld+json\" class=\"yoast-schema-graph\">{\"@context\":\"https:\/\/schema.org\",\"@graph\":[{\"@type\":\"WebPage\",\"@id\":\"https:\/\/cannasmart.ch\/de\/produit\/44071\/\",\"url\":\"https:\/\/cannasmart.ch\/de\/produit\/44071\/\",\"name\":\"Teufelskralle \/ Hanf Curia Raetorum Gel - CannaSmart.ch\",\"isPartOf\":{\"@id\":\"https:\/\/cannasmart.ch\/de\/#website\"},\"primaryImageOfPage\":{\"@id\":\"https:\/\/cannasmart.ch\/de\/produit\/44071\/#primaryimage\"},\"image\":{\"@id\":\"https:\/\/cannasmart.ch\/de\/produit\/44071\/#primaryimage\"},\"thumbnailUrl\":\"https:\/\/cannasmart.ch\/wp-content\/uploads\/2025\/04\/Hanf-Gel-Curia-Raetorum-75ml-Kopie.png\",\"datePublished\":\"2025-04-01T15:18:40+00:00\",\"dateModified\":\"2025-12-11T14:31:09+00:00\",\"breadcrumb\":{\"@id\":\"https:\/\/cannasmart.ch\/de\/produit\/44071\/#breadcrumb\"},\"inLanguage\":\"de-DE\",\"potentialAction\":[{\"@type\":\"ReadAction\",\"target\":[\"https:\/\/cannasmart.ch\/de\/produit\/44071\/\"]}]},{\"@type\":\"ImageObject\",\"inLanguage\":\"de-DE\",\"@id\":\"https:\/\/cannasmart.ch\/de\/produit\/44071\/#primaryimage\",\"url\":\"https:\/\/cannasmart.ch\/wp-content\/uploads\/2025\/04\/Hanf-Gel-Curia-Raetorum-75ml-Kopie.png\",\"contentUrl\":\"https:\/\/cannasmart.ch\/wp-content\/uploads\/2025\/04\/Hanf-Gel-Curia-Raetorum-75ml-Kopie.png\",\"width\":5678,\"height\":3778},{\"@type\":\"BreadcrumbList\",\"@id\":\"https:\/\/cannasmart.ch\/de\/produit\/44071\/#breadcrumb\",\"itemListElement\":[{\"@type\":\"ListItem\",\"position\":1,\"name\":\"Accueil\",\"item\":\"https:\/\/cannasmart.ch\/de\/startseite\/?lang=de\"},{\"@type\":\"ListItem\",\"position\":2,\"name\":\"Shop\",\"item\":\"https:\/\/cannasmart.ch\/boutique\/\"},{\"@type\":\"ListItem\",\"position\":3,\"name\":\"Teufelskralle \/ Hanf Curia Raetorum Gel\"}]},{\"@type\":\"WebSite\",\"@id\":\"https:\/\/cannasmart.ch\/de\/#website\",\"url\":\"https:\/\/cannasmart.ch\/de\/\",\"name\":\"CannaSmart.ch\",\"description\":\"Produits de CBD artisanaux\",\"publisher\":{\"@id\":\"https:\/\/cannasmart.ch\/de\/#organization\"},\"potentialAction\":[{\"@type\":\"SearchAction\",\"target\":{\"@type\":\"EntryPoint\",\"urlTemplate\":\"https:\/\/cannasmart.ch\/de\/?s={search_term_string}\"},\"query-input\":{\"@type\":\"PropertyValueSpecification\",\"valueRequired\":true,\"valueName\":\"search_term_string\"}}],\"inLanguage\":\"de-DE\"},{\"@type\":\"Organization\",\"@id\":\"https:\/\/cannasmart.ch\/de\/#organization\",\"name\":\"CannaSmart.ch\",\"url\":\"https:\/\/cannasmart.ch\/de\/\",\"logo\":{\"@type\":\"ImageObject\",\"inLanguage\":\"de-DE\",\"@id\":\"https:\/\/cannasmart.ch\/de\/#\/schema\/logo\/image\/\",\"url\":\"https:\/\/cannasmart.ch\/wp-content\/uploads\/2025\/09\/CS_Logo_V1.png\",\"contentUrl\":\"https:\/\/cannasmart.ch\/wp-content\/uploads\/2025\/09\/CS_Logo_V1.png\",\"width\":2000,\"height\":2000,\"caption\":\"CannaSmart.ch\"},\"image\":{\"@id\":\"https:\/\/cannasmart.ch\/de\/#\/schema\/logo\/image\/\"},\"sameAs\":[\"https:\/\/www.instagram.com\/cannasmart.ch\/\"]}]}<\/script>\n<!-- \/ Yoast SEO plugin. -->","yoast_head_json":{"title":"Teufelskralle \/ Hanf Curia Raetorum Gel - CannaSmart.ch","robots":{"index":"index","follow":"follow","max-snippet":"max-snippet:-1","max-image-preview":"max-image-preview:large","max-video-preview":"max-video-preview:-1"},"canonical":"https:\/\/cannasmart.ch\/de\/produit\/44071\/","og_locale":"de_DE","og_type":"article","og_title":"Teufelskralle \/ Hanf Curia Raetorum Gel - CannaSmart.ch","og_description":"Franz\u00f6sisch: Teufelskralle\/Hanf Curia Raetorum Gel Die kraftvolle Kombination aus Hanf und Teufelskralle hat starke entz\u00fcndungshemmende Eigenschaften und hilft bei der Schmerzlinderung. Arnika und Rosskastanie erg\u00e4nzen die Formel und machen das Gel zu einem wertvollen Verb\u00fcndeten bei Beschwerden. Es zieht schnell ein und ist praktisch geruchlos. Deutsch: Teufelskralle \/ Hanf Gel Curia Raetorum Die kraftvolle Kombination aus Hanf und Teufelskralle besitzt ausgepr\u00e4gte entz\u00fcndungshemmende Eigenschaften und hilft, Schmerzen zu lindern. Arnika und Rosskastanie erg\u00e4nzen die Formel und machen dieses Gel zu einem wertvollen Begleiter bei Beschwerden. Es zieht schnell ein und ist nahezu geruchsneutral.  English: Devil's Claw \/ Hemp Gel Curia Raetorum The powerful combination of hemp and devil's claw has strong anti-inflammatory properties and helps relieve pain. Arnica and horse chestnut enhance the formula, making this gel a valuable companion for discomfort. It absorbs quickly and is virtually odorless.","og_url":"https:\/\/cannasmart.ch\/de\/produit\/44071\/","og_site_name":"CannaSmart.ch","article_modified_time":"2025-12-11T14:31:09+00:00","og_image":[{"width":1024,"height":681,"url":"https:\/\/cannasmart.ch\/wp-content\/uploads\/2025\/04\/Hanf-Gel-Curia-Raetorum-75ml-Kopie-1024x681.png","type":"image\/png"}],"twitter_card":"summary_large_image","twitter_misc":{"Gesch\u00e4tzte Lesezeit":"1 minute"},"schema":{"@context":"https:\/\/schema.org","@graph":[{"@type":"WebPage","@id":"https:\/\/cannasmart.ch\/de\/produit\/44071\/","url":"https:\/\/cannasmart.ch\/de\/produit\/44071\/","name":"Teufelskralle \/ Hanf Curia Raetorum Gel - CannaSmart.ch","isPartOf":{"@id":"https:\/\/cannasmart.ch\/de\/#website"},"primaryImageOfPage":{"@id":"https:\/\/cannasmart.ch\/de\/produit\/44071\/#primaryimage"},"image":{"@id":"https:\/\/cannasmart.ch\/de\/produit\/44071\/#primaryimage"},"thumbnailUrl":"https:\/\/cannasmart.ch\/wp-content\/uploads\/2025\/04\/Hanf-Gel-Curia-Raetorum-75ml-Kopie.png","datePublished":"2025-04-01T15:18:40+00:00","dateModified":"2025-12-11T14:31:09+00:00","breadcrumb":{"@id":"https:\/\/cannasmart.ch\/de\/produit\/44071\/#breadcrumb"},"inLanguage":"de-DE","potentialAction":[{"@type":"ReadAction","target":["https:\/\/cannasmart.ch\/de\/produit\/44071\/"]}]},{"@type":"ImageObject","inLanguage":"de-DE","@id":"https:\/\/cannasmart.ch\/de\/produit\/44071\/#primaryimage","url":"https:\/\/cannasmart.ch\/wp-content\/uploads\/2025\/04\/Hanf-Gel-Curia-Raetorum-75ml-Kopie.png","contentUrl":"https:\/\/cannasmart.ch\/wp-content\/uploads\/2025\/04\/Hanf-Gel-Curia-Raetorum-75ml-Kopie.png","width":5678,"height":3778},{"@type":"BreadcrumbList","@id":"https:\/\/cannasmart.ch\/de\/produit\/44071\/#breadcrumb","itemListElement":[{"@type":"ListItem","position":1,"name":"Accueil","item":"https:\/\/cannasmart.ch\/de\/startseite\/?lang=de"},{"@type":"ListItem","position":2,"name":"Shop","item":"https:\/\/cannasmart.ch\/boutique\/"},{"@type":"ListItem","position":3,"name":"Teufelskralle \/ Hanf Curia Raetorum Gel"}]},{"@type":"WebSite","@id":"https:\/\/cannasmart.ch\/de\/#website","url":"https:\/\/cannasmart.ch\/de\/","name":"CannaSmart.ch","description":"Produits de CBD artisanaux","publisher":{"@id":"https:\/\/cannasmart.ch\/de\/#organization"},"potentialAction":[{"@type":"SearchAction","target":{"@type":"EntryPoint","urlTemplate":"https:\/\/cannasmart.ch\/de\/?s={search_term_string}"},"query-input":{"@type":"PropertyValueSpecification","valueRequired":true,"valueName":"search_term_string"}}],"inLanguage":"de-DE"},{"@type":"Organization","@id":"https:\/\/cannasmart.ch\/de\/#organization","name":"CannaSmart.ch","url":"https:\/\/cannasmart.ch\/de\/","logo":{"@type":"ImageObject","inLanguage":"de-DE","@id":"https:\/\/cannasmart.ch\/de\/#\/schema\/logo\/image\/","url":"https:\/\/cannasmart.ch\/wp-content\/uploads\/2025\/09\/CS_Logo_V1.png","contentUrl":"https:\/\/cannasmart.ch\/wp-content\/uploads\/2025\/09\/CS_Logo_V1.png","width":2000,"height":2000,"caption":"CannaSmart.ch"},"image":{"@id":"https:\/\/cannasmart.ch\/de\/#\/schema\/logo\/image\/"},"sameAs":["https:\/\/www.instagram.com\/cannasmart.ch\/"]}]}},"_links":{"self":[{"href":"https:\/\/cannasmart.ch\/de\/wp-json\/wp\/v2\/product\/44071","targetHints":{"allow":["GET"]}}],"collection":[{"href":"https:\/\/cannasmart.ch\/de\/wp-json\/wp\/v2\/product"}],"about":[{"href":"https:\/\/cannasmart.ch\/de\/wp-json\/wp\/v2\/types\/product"}],"replies":[{"embeddable":true,"href":"https:\/\/cannasmart.ch\/de\/wp-json\/wp\/v2\/comments?post=44071"}],"wp:featuredmedia":[{"embeddable":true,"href":"https:\/\/cannasmart.ch\/de\/wp-json\/wp\/v2\/media\/44070"}],"wp:attachment":[{"href":"https:\/\/cannasmart.ch\/de\/wp-json\/wp\/v2\/media?parent=44071"}],"wp:term":[{"taxonomy":"product_brand","embeddable":true,"href":"https:\/\/cannasmart.ch\/de\/wp-json\/wp\/v2\/product_brand?post=44071"},{"taxonomy":"product_cat","embeddable":true,"href":"https:\/\/cannasmart.ch\/de\/wp-json\/wp\/v2\/product_cat?post=44071"},{"taxonomy":"product_tag","embeddable":true,"href":"https:\/\/cannasmart.ch\/de\/wp-json\/wp\/v2\/product_tag?post=44071"}],"curies":[{"name":"wp","href":"https:\/\/api.w.org\/{rel}","templated":true}]}}