{"id":43844,"date":"2021-10-19T18:15:13","date_gmt":"2021-10-19T16:15:13","guid":{"rendered":"https:\/\/cannasmart.ch\/produit\/hanfsamenoel-500-ml\/"},"modified":"2025-03-05T23:04:22","modified_gmt":"2025-03-05T22:04:22","slug":"hanfsamenoel-500-ml","status":"publish","type":"product","link":"https:\/\/cannasmart.ch\/de\/produit\/hanfsamenoel-500-ml\/","title":{"rendered":"Hanfsamen\u00f6l | 500 ml"},"content":{"rendered":"<p>[et_pb_section fb_built=&#8221;1&#8243; _builder_version=&#8221;4.16&#8243; custom_padding=&#8221;0px||||false|false&#8221; global_colors_info=&#8221;{}&#8221;][et_pb_row _builder_version=&#8221;4.16&#8243; background_size=&#8221;initial&#8221; background_position=&#8221;top_left&#8221; background_repeat=&#8221;repeat&#8221; width=&#8221;100%&#8221; custom_padding=&#8221;0px||0px||false|false&#8221; global_colors_info=&#8221;{}&#8221;][et_pb_column type=&#8221;4_4&#8243; _builder_version=&#8221;4.16&#8243; custom_padding=&#8221;|||&#8221; global_colors_info=&#8221;{}&#8221; custom_padding__hover=&#8221;|||&#8221;][et_pb_wc_breadcrumb _builder_version=&#8221;4.16&#8243; global_colors_info=&#8221;{}&#8221;][\/et_pb_wc_breadcrumb][et_pb_wc_cart_notice _builder_version=&#8221;4.16&#8243; custom_button=&#8221;on&#8221; button_bg_color=&#8221;#F7EB71&#8243; button_font=&#8221;Oswald||||||||&#8221; global_colors_info=&#8221;{}&#8221;][\/et_pb_wc_cart_notice][\/et_pb_column][\/et_pb_row][et_pb_row column_structure=&#8221;1_2,1_2&#8243; _builder_version=&#8221;4.16&#8243; background_size=&#8221;initial&#8221; background_position=&#8221;top_left&#8221; background_repeat=&#8221;repeat&#8221; width=&#8221;100%&#8221; custom_padding=&#8221;0px||||false|false&#8221; global_colors_info=&#8221;{}&#8221;][et_pb_column type=&#8221;1_2&#8243; _builder_version=&#8221;4.16&#8243; custom_padding=&#8221;|||&#8221; global_colors_info=&#8221;{}&#8221; custom_padding__hover=&#8221;|||&#8221;][et_pb_wc_images sale_badge_color=&#8221;#F7EB71&#8243; _builder_version=&#8221;4.16&#8243; global_colors_info=&#8221;{}&#8221;][\/et_pb_wc_images][\/et_pb_column][et_pb_column type=&#8221;1_2&#8243; _builder_version=&#8221;4.16&#8243; custom_padding=&#8221;|||&#8221; global_colors_info=&#8221;{}&#8221; custom_padding__hover=&#8221;|||&#8221;][et_pb_wc_title _builder_version=&#8221;4.16&#8243; global_colors_info=&#8221;{}&#8221;][\/et_pb_wc_title][et_pb_wc_rating _builder_version=&#8221;4.16&#8243; global_colors_info=&#8221;{}&#8221;][\/et_pb_wc_rating][et_pb_wc_price _builder_version=&#8221;4.16&#8243; global_colors_info=&#8221;{}&#8221;][\/et_pb_wc_price][et_pb_wc_description _builder_version=&#8221;4.16&#8243; global_colors_info=&#8221;{}&#8221;][\/et_pb_wc_description][et_pb_wc_add_to_cart show_stock=&#8221;off&#8221; admin_label=&#8221;Woo Product Add To Cart&#8221; _builder_version=&#8221;4.16&#8243; custom_button=&#8221;on&#8221; button_text_color=&#8221;#326C6D&#8221; button_bg_color=&#8221;#F7EB71&#8243; button_font=&#8221;Oswald||||||||&#8221; global_colors_info=&#8221;{}&#8221;][\/et_pb_wc_add_to_cart][et_pb_wc_meta show_sku=&#8221;off&#8221; show_tags=&#8221;off&#8221; _builder_version=&#8221;4.16&#8243; global_colors_info=&#8221;{}&#8221;][\/et_pb_wc_meta][\/et_pb_column][\/et_pb_row][et_pb_row _builder_version=&#8221;4.16&#8243; background_size=&#8221;initial&#8221; background_position=&#8221;top_left&#8221; background_repeat=&#8221;repeat&#8221; width=&#8221;100%&#8221; global_colors_info=&#8221;{}&#8221;][et_pb_column type=&#8221;4_4&#8243; _builder_version=&#8221;4.16&#8243; custom_padding=&#8221;|||&#8221; global_colors_info=&#8221;{}&#8221; custom_padding__hover=&#8221;|||&#8221;][et_pb_wc_tabs active_tab_background_color=&#8221;#326C6D&#8221; inactive_tab_background_color=&#8221;#FFFFFF&#8221; active_tab_text_color=&#8221;#FFFFFF&#8221; _builder_version=&#8221;4.16&#8243; body_font=&#8221;Open Sans||||||||&#8221; tab_font=&#8221;Oswald||||||||&#8221; tab_font_size=&#8221;23px&#8221; tab_line_height=&#8221;3em&#8221; global_colors_info=&#8221;{}&#8221;]\t\t\t\t\t[\/et_pb_wc_tabs][et_pb_wc_upsells _builder_version=&#8221;4.16&#8243; global_colors_info=&#8221;{}&#8221;][\/et_pb_wc_upsells][et_pb_wc_related_products _builder_version=&#8221;4.16&#8243; global_colors_info=&#8221;{}&#8221;][\/et_pb_wc_related_products][\/et_pb_column][\/et_pb_row][\/et_pb_section][et_pb_section fb_built=&#8221;1&#8243; _builder_version=&#8221;4.25.0&#8243; _module_preset=&#8221;default&#8221; global_colors_info=&#8221;{}&#8221;][et_pb_row _builder_version=&#8221;4.25.0&#8243; _module_preset=&#8221;default&#8221; global_colors_info=&#8221;{}&#8221;][et_pb_column type=&#8221;4_4&#8243; _builder_version=&#8221;4.25.0&#8243; _module_preset=&#8221;default&#8221; global_colors_info=&#8221;{}&#8221;][et_pb_image src=&#8221;https:\/\/cannasmart.ch\/wp-content\/uploads\/2021\/10\/Bottle_MOCKUP.jpg&#8221; _builder_version=&#8221;4.25.0&#8243; _module_preset=&#8221;default&#8221; global_colors_info=&#8221;{}&#8221;][\/et_pb_image][\/et_pb_column][\/et_pb_row][\/et_pb_section][et_pb_section fb_built=&#8221;1&#8243; _builder_version=&#8221;4.25.0&#8243; _module_preset=&#8221;default&#8221; global_colors_info=&#8221;{}&#8221;][et_pb_row _builder_version=&#8221;4.25.0&#8243; _module_preset=&#8221;default&#8221; global_colors_info=&#8221;{}&#8221;][et_pb_column type=&#8221;4_4&#8243; _builder_version=&#8221;4.25.0&#8243; _module_preset=&#8221;default&#8221; global_colors_info=&#8221;{}&#8221;][et_pb_image src=&#8221;https:\/\/cannasmart.ch\/wp-content\/uploads\/2021\/10\/Bottle_MOCKUP_arriere.jpg&#8221; _builder_version=&#8221;4.25.0&#8243; _module_preset=&#8221;default&#8221; global_colors_info=&#8221;{}&#8221;][\/et_pb_image][\/et_pb_column][\/et_pb_row][\/et_pb_section]<\/p>\n","protected":false},"excerpt":{"rendered":"<p>Kaltgepresstes Hanfsamen\u00f6l ist eine unglaubliche Quelle von N\u00e4hrstoffen f\u00fcr Ihren K\u00f6rper und Ihre Haut. Mit seinem hohen Gehalt an essentiellen Fetts\u00e4uren und Vitamin E spendet es Feuchtigkeit und n\u00e4hrt tiefgreifend f\u00fcr eine gesunde und strahlende Haut und unterst\u00fctzt die Gesundheit des Herz-Kreislauf-Systems und des Gehirns. Verwenden Sie es zum Kochen oder f\u00fcr die Hautpflege, um alle seine nat\u00fcrlichen Vorteile zu genie\u00dfen. W\u00e4hlen Sie die h\u00f6chste Qualit\u00e4t mit unserem kaltgepressten Hanfsamen\u00f6l.   <\/p>\n","protected":false},"featured_media":43723,"comment_status":"open","ping_status":"closed","template":"","meta":{"_et_pb_use_builder":"on","_et_pb_old_content":"Hanfsamen\u00f6l ist ein pflanzliches \u00d6l, das aus den Samen der Hanfpflanze gewonnen wird. Es wird h\u00e4ufig als eines der nahrhaftesten und gesundheitsf\u00f6rderndsten \u00d6le angesehen, da es einen hohen Gehalt an essentiellen Fetts\u00e4uren und anderen wichtigen N\u00e4hrstoffen aufweist. \n\nEs enth\u00e4lt ein ausgewogenes Verh\u00e4ltnis von Omega-3- und Omega-6-Fetts\u00e4uren sowie einfach und mehrfach unges\u00e4ttigte Fetts\u00e4uren. Diese Fetts\u00e4uren sind f\u00fcr die Gesundheit des Gehirns, des Herzens und der Gelenke unerl\u00e4sslich. Hanfsamen\u00f6l ist auch reich an Vitamin E, einem starken Antioxidans, das dazu beitragen kann, Sch\u00e4den durch freie Radikale zu verhindern.  \n\nNeben seinen gesundheitlichen Vorteilen wird Hanfsamen\u00f6l auch f\u00fcr kulinarische und kosmetische Zwecke verwendet. Wegen seines nussigen Geschmacks und seiner hohen Hitzebest\u00e4ndigkeit wird es h\u00e4ufig als Speise\u00f6l verwendet. Es kann auch zu Smoothies, Salaten und anderen Gerichten hinzugef\u00fcgt werden, um eine Dosis an n\u00fctzlichen N\u00e4hrstoffen hinzuzuf\u00fcgen. In der Kosmetik wird Hanfsamen\u00f6l h\u00e4ufig verwendet, um die Haut zu befeuchten und weich zu machen und um Hautkrankheiten wie Ekzeme und Psoriasis zu behandeln.   \n\nZusammenfassend l\u00e4sst sich sagen, dass Hanfsamen\u00f6l ein nahrhaftes und gesundheitsf\u00f6rderndes \u00d6l ist, das sowohl in der K\u00fcche als auch in der Kosmetik verwendet werden kann. Sein hoher Gehalt an essentiellen Fetts\u00e4uren, Vitamin E und anderen N\u00e4hrstoffen macht es zu einer gesunden und vielseitigen Option f\u00fcr diejenigen, die ihre Ern\u00e4hrung und Hautpflegeroutine verbessern m\u00f6chten. \n<div class=\"row item-row\">\n<div class=\"col-xs-24\">\n<h3><strong>Vorgeschlagene Verwendung<\/strong><\/h3>\n<div class=\"prodOverviewDetail\">\n\nnach dem \u00d6ffnen k\u00fchlen\n\nZum t\u00e4glichen Verzehr f\u00fcr einen nahrhaften Schub. Zur Verwendung in Pesto & So\u00dfen. In Salat mischen & anziehen.  \n\n<\/div>\n<\/div>\n<\/div>\n<div class=\"row item-row\">\n<div class=\"col-xs-24\">\n<h3><strong>Andere Zutaten<\/strong><\/h3>\n<div class=\"prodOverviewIngred\">\n\nKaltgepresstes, biologisches Hanfsamen\u00f6l.\n\n<\/div>\n<\/div>\n<\/div>\n<div class=\"row item-row\">\n<div class=\"col-xs-24\">\n<h3><strong>Warnungen<\/strong><\/h3>\n<div class=\"prodOverviewDetail\">\n\nNicht zum Frittieren verwenden oder \u00fcber 350 %\u00b0F (176\u00b0C) erhitzen.\n\n<\/div>\n<\/div>\n<\/div>\n<div class=\"row item-row\">\n<div class=\"col-xs-24\">\n<h3><strong>Haftungsausschluss<\/strong><\/h3>\n<div id=\"disclaimer\" class=\"prodOverviewDetail\">\n\nObwohl CannaSmart sich bem\u00fcht, die Richtigkeit der Produktabbildungen und -informationen zu gew\u00e4hrleisten, kann es vorkommen, dass die Verpackung und\/oder die Zutaten noch nicht auf unserer Website aktualisiert wurden. Einige Artikel k\u00f6nnen m\u00f6glicherweise in einer anderen Verpackung versendet werden; die Frische ist jedoch immer garantiert. Wir empfehlen Ihnen, die Etiketten, Warnungen und Richtlinien aller Produkte vor der Verwendung zu lesen und sich nicht ausschlie\u00dflich auf die von CannaSmart bereitgestellten Informationen zu verlassen. Bitte beachten Sie, dass einige unserer Anzeigen mit Hilfe der maschinellen \u00dcbersetzung \u00fcbersetzt werden konnten. Dies wurde nur zu Ihrer Bequemlichkeit getan. Der Inhalt wird in K\u00fcrze durch eine menschliche \u00dcbersetzung ersetzt.     \n\n<\/div>\n<\/div>\n<\/div>","_et_gb_content_width":""},"product_brand":[],"product_cat":[56],"product_tag":[],"class_list":{"0":"post-43844","1":"product","2":"type-product","3":"status-publish","4":"has-post-thumbnail","6":"product_cat-ol","8":"first","9":"instock","10":"shipping-taxable","11":"purchasable","12":"product-type-simple"},"yoast_head":"<!-- This site is optimized with the Yoast SEO plugin v26.0 - https:\/\/yoast.com\/wordpress\/plugins\/seo\/ -->\n<title>Hanfsamen\u00f6l - kaltgepresst, jetzt kaufen - CannaSmart.ch<\/title>\n<meta name=\"description\" content=\"Kaufen Sie kalt gepresstes Hanfsamen\u00f6l. Reich an Omega-Fetts\u00e4uren und Vitaminen, ideal zum Kochen und f\u00fcr die Pflege. Nutzen Sie seine nat\u00fcrlichen Vorteile!\" \/>\n<meta name=\"robots\" content=\"index, follow, max-snippet:-1, max-image-preview:large, max-video-preview:-1\" \/>\n<link rel=\"canonical\" href=\"https:\/\/cannasmart.ch\/de\/produit\/hanfsamenoel-500-ml\/\" \/>\n<meta property=\"og:locale\" content=\"de_DE\" \/>\n<meta property=\"og:type\" content=\"article\" \/>\n<meta property=\"og:title\" content=\"Hanfsamen\u00f6l - kaltgepresst, jetzt kaufen - CannaSmart.ch\" \/>\n<meta property=\"og:description\" content=\"Kaufen Sie kalt gepresstes Hanfsamen\u00f6l. Reich an Omega-Fetts\u00e4uren und Vitaminen, ideal zum Kochen und f\u00fcr die Pflege. Nutzen Sie seine nat\u00fcrlichen Vorteile!\" \/>\n<meta property=\"og:url\" content=\"https:\/\/cannasmart.ch\/de\/produit\/hanfsamenoel-500-ml\/\" \/>\n<meta property=\"og:site_name\" content=\"CannaSmart.ch\" \/>\n<meta property=\"article:modified_time\" content=\"2025-03-05T22:04:22+00:00\" \/>\n<meta property=\"og:image\" content=\"https:\/\/cannasmart.ch\/wp-content\/uploads\/2021\/10\/Bottle_MOCKUP-1.jpg\" \/>\n\t<meta property=\"og:image:width\" content=\"1920\" \/>\n\t<meta property=\"og:image:height\" content=\"1920\" \/>\n\t<meta property=\"og:image:type\" content=\"image\/jpeg\" \/>\n<meta name=\"twitter:card\" content=\"summary_large_image\" \/>\n<meta name=\"twitter:label1\" content=\"Gesch\u00e4tzte Lesezeit\" \/>\n\t<meta name=\"twitter:data1\" content=\"3 minutes\" \/>\n<script type=\"application\/ld+json\" class=\"yoast-schema-graph\">{\"@context\":\"https:\/\/schema.org\",\"@graph\":[{\"@type\":\"WebPage\",\"@id\":\"https:\/\/cannasmart.ch\/de\/produit\/hanfsamenoel-500-ml\/\",\"url\":\"https:\/\/cannasmart.ch\/de\/produit\/hanfsamenoel-500-ml\/\",\"name\":\"Hanfsamen\u00f6l - kaltgepresst, jetzt kaufen - CannaSmart.ch\",\"isPartOf\":{\"@id\":\"https:\/\/cannasmart.ch\/de\/#website\"},\"primaryImageOfPage\":{\"@id\":\"https:\/\/cannasmart.ch\/de\/produit\/hanfsamenoel-500-ml\/#primaryimage\"},\"image\":{\"@id\":\"https:\/\/cannasmart.ch\/de\/produit\/hanfsamenoel-500-ml\/#primaryimage\"},\"thumbnailUrl\":\"https:\/\/cannasmart.ch\/wp-content\/uploads\/2021\/10\/Bottle_MOCKUP-1.jpg\",\"datePublished\":\"2021-10-19T16:15:13+00:00\",\"dateModified\":\"2025-03-05T22:04:22+00:00\",\"description\":\"Kaufen Sie kalt gepresstes Hanfsamen\u00f6l. Reich an Omega-Fetts\u00e4uren und Vitaminen, ideal zum Kochen und f\u00fcr die Pflege. Nutzen Sie seine nat\u00fcrlichen Vorteile!\",\"breadcrumb\":{\"@id\":\"https:\/\/cannasmart.ch\/de\/produit\/hanfsamenoel-500-ml\/#breadcrumb\"},\"inLanguage\":\"de-DE\",\"potentialAction\":[{\"@type\":\"ReadAction\",\"target\":[\"https:\/\/cannasmart.ch\/de\/produit\/hanfsamenoel-500-ml\/\"]}]},{\"@type\":\"ImageObject\",\"inLanguage\":\"de-DE\",\"@id\":\"https:\/\/cannasmart.ch\/de\/produit\/hanfsamenoel-500-ml\/#primaryimage\",\"url\":\"https:\/\/cannasmart.ch\/wp-content\/uploads\/2021\/10\/Bottle_MOCKUP-1.jpg\",\"contentUrl\":\"https:\/\/cannasmart.ch\/wp-content\/uploads\/2021\/10\/Bottle_MOCKUP-1.jpg\",\"width\":1920,\"height\":1920},{\"@type\":\"BreadcrumbList\",\"@id\":\"https:\/\/cannasmart.ch\/de\/produit\/hanfsamenoel-500-ml\/#breadcrumb\",\"itemListElement\":[{\"@type\":\"ListItem\",\"position\":1,\"name\":\"Accueil\",\"item\":\"https:\/\/cannasmart.ch\/de\/startseite\/?lang=de\"},{\"@type\":\"ListItem\",\"position\":2,\"name\":\"Shop\",\"item\":\"https:\/\/cannasmart.ch\/boutique\/\"},{\"@type\":\"ListItem\",\"position\":3,\"name\":\"Privat: Hanfsamen\u00f6l | 500 ml\"}]},{\"@type\":\"WebSite\",\"@id\":\"https:\/\/cannasmart.ch\/de\/#website\",\"url\":\"https:\/\/cannasmart.ch\/de\/\",\"name\":\"CannaSmart.ch\",\"description\":\"Produits de CBD artisanaux\",\"publisher\":{\"@id\":\"https:\/\/cannasmart.ch\/de\/#organization\"},\"potentialAction\":[{\"@type\":\"SearchAction\",\"target\":{\"@type\":\"EntryPoint\",\"urlTemplate\":\"https:\/\/cannasmart.ch\/de\/?s={search_term_string}\"},\"query-input\":{\"@type\":\"PropertyValueSpecification\",\"valueRequired\":true,\"valueName\":\"search_term_string\"}}],\"inLanguage\":\"de-DE\"},{\"@type\":\"Organization\",\"@id\":\"https:\/\/cannasmart.ch\/de\/#organization\",\"name\":\"CannaSmart.ch\",\"url\":\"https:\/\/cannasmart.ch\/de\/\",\"logo\":{\"@type\":\"ImageObject\",\"inLanguage\":\"de-DE\",\"@id\":\"https:\/\/cannasmart.ch\/de\/#\/schema\/logo\/image\/\",\"url\":\"https:\/\/cannasmart.ch\/wp-content\/uploads\/2025\/09\/CS_Logo_V1.png\",\"contentUrl\":\"https:\/\/cannasmart.ch\/wp-content\/uploads\/2025\/09\/CS_Logo_V1.png\",\"width\":2000,\"height\":2000,\"caption\":\"CannaSmart.ch\"},\"image\":{\"@id\":\"https:\/\/cannasmart.ch\/de\/#\/schema\/logo\/image\/\"},\"sameAs\":[\"https:\/\/www.instagram.com\/cannasmart.ch\/\"]}]}<\/script>\n<!-- \/ Yoast SEO plugin. -->","yoast_head_json":{"title":"Hanfsamen\u00f6l - kaltgepresst, jetzt kaufen - CannaSmart.ch","description":"Kaufen Sie kalt gepresstes Hanfsamen\u00f6l. Reich an Omega-Fetts\u00e4uren und Vitaminen, ideal zum Kochen und f\u00fcr die Pflege. Nutzen Sie seine nat\u00fcrlichen Vorteile!","robots":{"index":"index","follow":"follow","max-snippet":"max-snippet:-1","max-image-preview":"max-image-preview:large","max-video-preview":"max-video-preview:-1"},"canonical":"https:\/\/cannasmart.ch\/de\/produit\/hanfsamenoel-500-ml\/","og_locale":"de_DE","og_type":"article","og_title":"Hanfsamen\u00f6l - kaltgepresst, jetzt kaufen - CannaSmart.ch","og_description":"Kaufen Sie kalt gepresstes Hanfsamen\u00f6l. Reich an Omega-Fetts\u00e4uren und Vitaminen, ideal zum Kochen und f\u00fcr die Pflege. Nutzen Sie seine nat\u00fcrlichen Vorteile!","og_url":"https:\/\/cannasmart.ch\/de\/produit\/hanfsamenoel-500-ml\/","og_site_name":"CannaSmart.ch","article_modified_time":"2025-03-05T22:04:22+00:00","og_image":[{"width":1920,"height":1920,"url":"https:\/\/cannasmart.ch\/wp-content\/uploads\/2021\/10\/Bottle_MOCKUP-1.jpg","type":"image\/jpeg"}],"twitter_card":"summary_large_image","twitter_misc":{"Gesch\u00e4tzte Lesezeit":"3 minutes"},"schema":{"@context":"https:\/\/schema.org","@graph":[{"@type":"WebPage","@id":"https:\/\/cannasmart.ch\/de\/produit\/hanfsamenoel-500-ml\/","url":"https:\/\/cannasmart.ch\/de\/produit\/hanfsamenoel-500-ml\/","name":"Hanfsamen\u00f6l - kaltgepresst, jetzt kaufen - CannaSmart.ch","isPartOf":{"@id":"https:\/\/cannasmart.ch\/de\/#website"},"primaryImageOfPage":{"@id":"https:\/\/cannasmart.ch\/de\/produit\/hanfsamenoel-500-ml\/#primaryimage"},"image":{"@id":"https:\/\/cannasmart.ch\/de\/produit\/hanfsamenoel-500-ml\/#primaryimage"},"thumbnailUrl":"https:\/\/cannasmart.ch\/wp-content\/uploads\/2021\/10\/Bottle_MOCKUP-1.jpg","datePublished":"2021-10-19T16:15:13+00:00","dateModified":"2025-03-05T22:04:22+00:00","description":"Kaufen Sie kalt gepresstes Hanfsamen\u00f6l. Reich an Omega-Fetts\u00e4uren und Vitaminen, ideal zum Kochen und f\u00fcr die Pflege. Nutzen Sie seine nat\u00fcrlichen Vorteile!","breadcrumb":{"@id":"https:\/\/cannasmart.ch\/de\/produit\/hanfsamenoel-500-ml\/#breadcrumb"},"inLanguage":"de-DE","potentialAction":[{"@type":"ReadAction","target":["https:\/\/cannasmart.ch\/de\/produit\/hanfsamenoel-500-ml\/"]}]},{"@type":"ImageObject","inLanguage":"de-DE","@id":"https:\/\/cannasmart.ch\/de\/produit\/hanfsamenoel-500-ml\/#primaryimage","url":"https:\/\/cannasmart.ch\/wp-content\/uploads\/2021\/10\/Bottle_MOCKUP-1.jpg","contentUrl":"https:\/\/cannasmart.ch\/wp-content\/uploads\/2021\/10\/Bottle_MOCKUP-1.jpg","width":1920,"height":1920},{"@type":"BreadcrumbList","@id":"https:\/\/cannasmart.ch\/de\/produit\/hanfsamenoel-500-ml\/#breadcrumb","itemListElement":[{"@type":"ListItem","position":1,"name":"Accueil","item":"https:\/\/cannasmart.ch\/de\/startseite\/?lang=de"},{"@type":"ListItem","position":2,"name":"Shop","item":"https:\/\/cannasmart.ch\/boutique\/"},{"@type":"ListItem","position":3,"name":"Privat: Hanfsamen\u00f6l | 500 ml"}]},{"@type":"WebSite","@id":"https:\/\/cannasmart.ch\/de\/#website","url":"https:\/\/cannasmart.ch\/de\/","name":"CannaSmart.ch","description":"Produits de CBD artisanaux","publisher":{"@id":"https:\/\/cannasmart.ch\/de\/#organization"},"potentialAction":[{"@type":"SearchAction","target":{"@type":"EntryPoint","urlTemplate":"https:\/\/cannasmart.ch\/de\/?s={search_term_string}"},"query-input":{"@type":"PropertyValueSpecification","valueRequired":true,"valueName":"search_term_string"}}],"inLanguage":"de-DE"},{"@type":"Organization","@id":"https:\/\/cannasmart.ch\/de\/#organization","name":"CannaSmart.ch","url":"https:\/\/cannasmart.ch\/de\/","logo":{"@type":"ImageObject","inLanguage":"de-DE","@id":"https:\/\/cannasmart.ch\/de\/#\/schema\/logo\/image\/","url":"https:\/\/cannasmart.ch\/wp-content\/uploads\/2025\/09\/CS_Logo_V1.png","contentUrl":"https:\/\/cannasmart.ch\/wp-content\/uploads\/2025\/09\/CS_Logo_V1.png","width":2000,"height":2000,"caption":"CannaSmart.ch"},"image":{"@id":"https:\/\/cannasmart.ch\/de\/#\/schema\/logo\/image\/"},"sameAs":["https:\/\/www.instagram.com\/cannasmart.ch\/"]}]}},"_links":{"self":[{"href":"https:\/\/cannasmart.ch\/de\/wp-json\/wp\/v2\/product\/43844","targetHints":{"allow":["GET"]}}],"collection":[{"href":"https:\/\/cannasmart.ch\/de\/wp-json\/wp\/v2\/product"}],"about":[{"href":"https:\/\/cannasmart.ch\/de\/wp-json\/wp\/v2\/types\/product"}],"replies":[{"embeddable":true,"href":"https:\/\/cannasmart.ch\/de\/wp-json\/wp\/v2\/comments?post=43844"}],"wp:featuredmedia":[{"embeddable":true,"href":"https:\/\/cannasmart.ch\/de\/wp-json\/wp\/v2\/media\/43723"}],"wp:attachment":[{"href":"https:\/\/cannasmart.ch\/de\/wp-json\/wp\/v2\/media?parent=43844"}],"wp:term":[{"taxonomy":"product_brand","embeddable":true,"href":"https:\/\/cannasmart.ch\/de\/wp-json\/wp\/v2\/product_brand?post=43844"},{"taxonomy":"product_cat","embeddable":true,"href":"https:\/\/cannasmart.ch\/de\/wp-json\/wp\/v2\/product_cat?post=43844"},{"taxonomy":"product_tag","embeddable":true,"href":"https:\/\/cannasmart.ch\/de\/wp-json\/wp\/v2\/product_tag?post=43844"}],"curies":[{"name":"wp","href":"https:\/\/api.w.org\/{rel}","templated":true}]}}