{"id":43838,"date":"2021-10-19T18:46:46","date_gmt":"2021-10-19T16:46:46","guid":{"rendered":"https:\/\/cannasmart.ch\/produit\/cbd-blueten-strawberry-10g\/"},"modified":"2025-02-02T20:28:12","modified_gmt":"2025-02-02T19:28:12","slug":"cbd-blueten-strawberry-10g","status":"publish","type":"product","link":"https:\/\/cannasmart.ch\/de\/produit\/cbd-blueten-strawberry-10g\/","title":{"rendered":"CBD-Bl\u00fcten Strawberry 10g"},"content":{"rendered":"<p>[et_pb_section fb_built=&#8221;1&#8243; _builder_version=&#8221;4.16&#8243; custom_padding=&#8221;0px||||false|false&#8221; global_colors_info=&#8221;{}&#8221;][et_pb_row _builder_version=&#8221;4.16&#8243; background_size=&#8221;initial&#8221; background_position=&#8221;top_left&#8221; background_repeat=&#8221;repeat&#8221; width=&#8221;100%&#8221; custom_padding=&#8221;0px||0px||false|false&#8221; global_colors_info=&#8221;{}&#8221;][et_pb_column type=&#8221;4_4&#8243; _builder_version=&#8221;4.16&#8243; custom_padding=&#8221;|||&#8221; global_colors_info=&#8221;{}&#8221; custom_padding__hover=&#8221;|||&#8221;][et_pb_wc_breadcrumb _builder_version=&#8221;4.16&#8243; global_colors_info=&#8221;{}&#8221;][\/et_pb_wc_breadcrumb][et_pb_wc_cart_notice _builder_version=&#8221;4.16&#8243; custom_button=&#8221;on&#8221; button_bg_color=&#8221;#F7EB71&#8243; button_font=&#8221;Oswald||||||||&#8221; global_colors_info=&#8221;{}&#8221;][\/et_pb_wc_cart_notice][\/et_pb_column][\/et_pb_row][et_pb_row column_structure=&#8221;1_2,1_2&#8243; _builder_version=&#8221;4.16&#8243; background_size=&#8221;initial&#8221; background_position=&#8221;top_left&#8221; background_repeat=&#8221;repeat&#8221; width=&#8221;100%&#8221; custom_padding=&#8221;0px||||false|false&#8221; global_colors_info=&#8221;{}&#8221;][et_pb_column type=&#8221;1_2&#8243; _builder_version=&#8221;4.16&#8243; custom_padding=&#8221;|||&#8221; global_colors_info=&#8221;{}&#8221; custom_padding__hover=&#8221;|||&#8221;][et_pb_wc_images sale_badge_color=&#8221;#F7EB71&#8243; _builder_version=&#8221;4.16&#8243; global_colors_info=&#8221;{}&#8221;][\/et_pb_wc_images][\/et_pb_column][et_pb_column type=&#8221;1_2&#8243; _builder_version=&#8221;4.16&#8243; custom_padding=&#8221;|||&#8221; global_colors_info=&#8221;{}&#8221; custom_padding__hover=&#8221;|||&#8221;][et_pb_wc_title _builder_version=&#8221;4.16&#8243; global_colors_info=&#8221;{}&#8221;][\/et_pb_wc_title][et_pb_wc_rating _builder_version=&#8221;4.16&#8243; global_colors_info=&#8221;{}&#8221;][\/et_pb_wc_rating][et_pb_wc_price _builder_version=&#8221;4.16&#8243; global_colors_info=&#8221;{}&#8221;][\/et_pb_wc_price][et_pb_wc_description _builder_version=&#8221;4.16&#8243; global_colors_info=&#8221;{}&#8221;][\/et_pb_wc_description][et_pb_wc_add_to_cart _builder_version=&#8221;4.16&#8243; custom_button=&#8221;on&#8221; button_text_color=&#8221;#326C6D&#8221; button_bg_color=&#8221;#F7EB71&#8243; button_font=&#8221;Oswald||||||||&#8221; global_colors_info=&#8221;{}&#8221;][\/et_pb_wc_add_to_cart][et_pb_wc_meta show_sku=&#8221;off&#8221; show_tags=&#8221;off&#8221; _builder_version=&#8221;4.16&#8243; global_colors_info=&#8221;{}&#8221;][\/et_pb_wc_meta][\/et_pb_column][\/et_pb_row][et_pb_row _builder_version=&#8221;4.16&#8243; background_size=&#8221;initial&#8221; background_position=&#8221;top_left&#8221; background_repeat=&#8221;repeat&#8221; width=&#8221;100%&#8221; global_colors_info=&#8221;{}&#8221;][et_pb_column type=&#8221;4_4&#8243; _builder_version=&#8221;4.16&#8243; custom_padding=&#8221;|||&#8221; global_colors_info=&#8221;{}&#8221; custom_padding__hover=&#8221;|||&#8221;][et_pb_wc_tabs active_tab_background_color=&#8221;#326C6D&#8221; inactive_tab_background_color=&#8221;#FFFFFF&#8221; active_tab_text_color=&#8221;#FFFFFF&#8221; _builder_version=&#8221;4.16&#8243; body_font=&#8221;Open Sans||||||||&#8221; tab_font=&#8221;Oswald||||||||&#8221; tab_font_size=&#8221;23px&#8221; tab_line_height=&#8221;3em&#8221; global_colors_info=&#8221;{}&#8221;] [\/et_pb_wc_tabs][et_pb_wc_upsells _builder_version=&#8221;4.16&#8243; global_colors_info=&#8221;{}&#8221;][\/et_pb_wc_upsells][et_pb_wc_related_products _builder_version=&#8221;4.16&#8243; global_colors_info=&#8221;{}&#8221;][\/et_pb_wc_related_products][\/et_pb_column][\/et_pb_row][\/et_pb_section]<\/p>\n","protected":false},"excerpt":{"rendered":"<div>\n<p><strong>Sorte :<\/strong><span class=\"apple-converted-space\"><b> <\/b><\/span> Strawberry<\/p>\n<\/div>\n<div>\n<p><strong>Anbaumethode: <\/strong><b>    <\/b>Im Freien \/ Outdoor, handmanik\u00fcrt<\/p>\n<\/div>\n<div>\n<p><strong>Aroma: <\/strong><span class=\"apple-converted-space\"> <\/span> Fruchtig, s\u00fc\u00df<\/p>\n<\/div>\n<div>\n<p><strong>Herkunft: <\/strong> Aus Schweizer Bio-Landwirtschaft<\/p>\n<\/div>\n<div>\n<p><strong>CBD-Gehalt: <\/strong> 14,4%<strong>. <\/strong> <\/p>\n<\/div>\n<div>\n<p><strong>THC-Gehalt:<\/strong> &lt;1%<\/p>\n<\/div>\n<div>\n<p><strong>Der Verbrauch: <\/strong><span class=\"apple-converted-space\"><b> <\/b><\/span>Durch Verbrennung, Infusion oder Verdampfung<\/p>\n<\/div>\n<div>\n<p><strong>Aufbewahrung:<\/strong> Am besten in einem luftdichten Beutel.<\/p>\n<\/div>\n","protected":false},"featured_media":43698,"comment_status":"open","ping_status":"closed","template":"","meta":{"_et_pb_use_builder":"on","_et_pb_old_content":"<div class=\"flex-shrink-0 flex flex-col relative items-end\">\n<div>\n<div class=\"pt-0\">\n<div class=\"gizmo-bot-avatar flex h-8 w-8 items-center justify-center overflow-hidden rounded-full\">\n<div class=\"relative p-1 rounded-sm flex items-center justify-center bg-token-main-surface-primary text-token-text-primary h-8 w-8\"><strong>Deutsch :<\/strong><\/div>\n<\/div>\n<\/div>\n<\/div>\n<\/div>\n<div class=\"group\/conversation-turn relative flex w-full min-w-0 flex-col agent-turn\">\n<div class=\"flex-col gap-1 md:gap-3\">\n<div class=\"flex max-w-full flex-col flex-grow\">\n<div class=\"min-h-8 text-message flex w-full flex-col items-end gap-2 whitespace-normal break-words [.text-message+&]:mt-5\" dir=\"auto\" data-message-author-role=\"assistant\" data-message-id=\"a1acbfaf-e1e4-44ac-88c1-0fe8ddf5e96d\">\n<div class=\"flex w-full flex-col gap-1 empty:hidden first:pt-[3px]\">\n<div class=\"markdown prose w-full break-words dark:prose-invert light\">\n\nDie mit Spannung erwartete Strawberry ist wieder da! Dieser Hybrid aus 80% Sativa und 20% Indica mit einem CBD-Gehalt von 14,4% ist bekannt f\u00fcr seine delikate Balance und seine universellen Effekte. Die kompakten, sehr hellen Bl\u00fcten erinnern an einen Indoor-Anbau. Getreu ihrem Namen verstr\u00f6mt sie ein bet\u00f6rendes fruchtiges Aroma von roten Fr\u00fcchten, was Strawberry zur neuen Spitzensorte von Cannasmart macht.   \n\n<hr>\n\n<strong>Deutsch:<\/strong>\nDie lang ersehnte Sorte Strawberry ist zur\u00fcck! Dieser Hybrid aus 80% Sativa und 20% Indica, mit 14,4% CBD, ist bekannt f\u00fcr sein ausgewogenes Profil und seine vielseitige Wirkung. Ihre kompakten, hellen Bl\u00fcten \u00e4hneln Indoor-Ernten. Der Name h\u00e4lt, was er verspricht: Ein berauschendes Fruchtaroma umh\u00fcllt Sie, w\u00e4hrend rote Beeren den Raum f\u00fcllen. Strawberry ist Cannasmarts neue Top-Sorte.    \n\n<hr>\n\n<strong>English:<\/strong>\nThe highly anticipated Strawberry is finally back! Dieser Hybrid aus 80% Sativa und 20% Indica, der 14,4% CBD enth\u00e4lt, ist bekannt f\u00fcr seine zarte Balance und universelle Wirkung. Seine kompakten, leichten Buds erinnern an Indoor-Pflanzen. True to its name, it envops you in a fruity, intoxicating aroma of red berries, making Strawberry Cannasmart's new flagship strain.   \n\n<\/div>\n<\/div>\n<\/div>\n<\/div>\n<\/div>\n<\/div>\n\u00a0\n\n\u00a0","_et_gb_content_width":""},"product_brand":[],"product_cat":[52],"product_tag":[],"class_list":{"0":"post-43838","1":"product","2":"type-product","3":"status-publish","4":"has-post-thumbnail","6":"product_cat-blumen","8":"first","9":"instock","10":"shipping-taxable","11":"purchasable","12":"product-type-simple"},"yoast_head":"<!-- This site is optimized with the Yoast SEO plugin v26.0 - https:\/\/yoast.com\/wordpress\/plugins\/seo\/ -->\n<title>CBD Strawberry Bl\u00fcten - Kaufen Sie Ihre CBD jetzt - CannaSmart.ch<\/title>\n<meta name=\"description\" content=\"Genie\u00dfen Sie die hochwertigen CBD Strawberry Cannabisbl\u00fcten mit ihren s\u00fc\u00dfen und fruchtigen Aromen. Bestellen Sie jetzt f\u00fcr eine nat\u00fcrliche und beruhigende Entspannung!\" \/>\n<meta name=\"robots\" content=\"index, follow, max-snippet:-1, max-image-preview:large, max-video-preview:-1\" \/>\n<link rel=\"canonical\" href=\"https:\/\/cannasmart.ch\/de\/produit\/cbd-blueten-strawberry-10g\/\" \/>\n<meta property=\"og:locale\" content=\"de_DE\" \/>\n<meta property=\"og:type\" content=\"article\" \/>\n<meta property=\"og:title\" content=\"CBD Strawberry Bl\u00fcten - Kaufen Sie Ihre CBD jetzt - CannaSmart.ch\" \/>\n<meta property=\"og:description\" content=\"Genie\u00dfen Sie die hochwertigen CBD Strawberry Cannabisbl\u00fcten mit ihren s\u00fc\u00dfen und fruchtigen Aromen. Bestellen Sie jetzt f\u00fcr eine nat\u00fcrliche und beruhigende Entspannung!\" \/>\n<meta property=\"og:url\" content=\"https:\/\/cannasmart.ch\/de\/produit\/cbd-blueten-strawberry-10g\/\" \/>\n<meta property=\"og:site_name\" content=\"CannaSmart.ch\" \/>\n<meta property=\"article:modified_time\" content=\"2025-02-02T19:28:12+00:00\" \/>\n<meta property=\"og:image\" content=\"https:\/\/cannasmart.ch\/wp-content\/uploads\/2023\/02\/Visu_Doypack_STRAWBERRY-10g.jpg\" \/>\n\t<meta property=\"og:image:width\" content=\"1920\" \/>\n\t<meta property=\"og:image:height\" content=\"1920\" \/>\n\t<meta property=\"og:image:type\" content=\"image\/jpeg\" \/>\n<meta name=\"twitter:card\" content=\"summary_large_image\" \/>\n<meta name=\"twitter:label1\" content=\"Gesch\u00e4tzte Lesezeit\" \/>\n\t<meta name=\"twitter:data1\" content=\"2 minutes\" \/>\n<script type=\"application\/ld+json\" class=\"yoast-schema-graph\">{\"@context\":\"https:\/\/schema.org\",\"@graph\":[{\"@type\":\"WebPage\",\"@id\":\"https:\/\/cannasmart.ch\/de\/produit\/cbd-blueten-strawberry-10g\/\",\"url\":\"https:\/\/cannasmart.ch\/de\/produit\/cbd-blueten-strawberry-10g\/\",\"name\":\"CBD Strawberry Bl\u00fcten - Kaufen Sie Ihre CBD jetzt - CannaSmart.ch\",\"isPartOf\":{\"@id\":\"https:\/\/cannasmart.ch\/de\/#website\"},\"primaryImageOfPage\":{\"@id\":\"https:\/\/cannasmart.ch\/de\/produit\/cbd-blueten-strawberry-10g\/#primaryimage\"},\"image\":{\"@id\":\"https:\/\/cannasmart.ch\/de\/produit\/cbd-blueten-strawberry-10g\/#primaryimage\"},\"thumbnailUrl\":\"https:\/\/cannasmart.ch\/wp-content\/uploads\/2023\/02\/Visu_Doypack_STRAWBERRY-10g.jpg\",\"datePublished\":\"2021-10-19T16:46:46+00:00\",\"dateModified\":\"2025-02-02T19:28:12+00:00\",\"description\":\"Genie\u00dfen Sie die hochwertigen CBD Strawberry Cannabisbl\u00fcten mit ihren s\u00fc\u00dfen und fruchtigen Aromen. Bestellen Sie jetzt f\u00fcr eine nat\u00fcrliche und beruhigende Entspannung!\",\"breadcrumb\":{\"@id\":\"https:\/\/cannasmart.ch\/de\/produit\/cbd-blueten-strawberry-10g\/#breadcrumb\"},\"inLanguage\":\"de-DE\",\"potentialAction\":[{\"@type\":\"ReadAction\",\"target\":[\"https:\/\/cannasmart.ch\/de\/produit\/cbd-blueten-strawberry-10g\/\"]}]},{\"@type\":\"ImageObject\",\"inLanguage\":\"de-DE\",\"@id\":\"https:\/\/cannasmart.ch\/de\/produit\/cbd-blueten-strawberry-10g\/#primaryimage\",\"url\":\"https:\/\/cannasmart.ch\/wp-content\/uploads\/2023\/02\/Visu_Doypack_STRAWBERRY-10g.jpg\",\"contentUrl\":\"https:\/\/cannasmart.ch\/wp-content\/uploads\/2023\/02\/Visu_Doypack_STRAWBERRY-10g.jpg\",\"width\":1920,\"height\":1920,\"caption\":\"Fleurs de CBD strawberry\"},{\"@type\":\"BreadcrumbList\",\"@id\":\"https:\/\/cannasmart.ch\/de\/produit\/cbd-blueten-strawberry-10g\/#breadcrumb\",\"itemListElement\":[{\"@type\":\"ListItem\",\"position\":1,\"name\":\"Accueil\",\"item\":\"https:\/\/cannasmart.ch\/de\/startseite\/?lang=de\"},{\"@type\":\"ListItem\",\"position\":2,\"name\":\"Shop\",\"item\":\"https:\/\/cannasmart.ch\/boutique\/\"},{\"@type\":\"ListItem\",\"position\":3,\"name\":\"CBD-Bl\u00fcten Strawberry 10g\"}]},{\"@type\":\"WebSite\",\"@id\":\"https:\/\/cannasmart.ch\/de\/#website\",\"url\":\"https:\/\/cannasmart.ch\/de\/\",\"name\":\"CannaSmart.ch\",\"description\":\"Produits de CBD artisanaux\",\"publisher\":{\"@id\":\"https:\/\/cannasmart.ch\/de\/#organization\"},\"potentialAction\":[{\"@type\":\"SearchAction\",\"target\":{\"@type\":\"EntryPoint\",\"urlTemplate\":\"https:\/\/cannasmart.ch\/de\/?s={search_term_string}\"},\"query-input\":{\"@type\":\"PropertyValueSpecification\",\"valueRequired\":true,\"valueName\":\"search_term_string\"}}],\"inLanguage\":\"de-DE\"},{\"@type\":\"Organization\",\"@id\":\"https:\/\/cannasmart.ch\/de\/#organization\",\"name\":\"CannaSmart.ch\",\"url\":\"https:\/\/cannasmart.ch\/de\/\",\"logo\":{\"@type\":\"ImageObject\",\"inLanguage\":\"de-DE\",\"@id\":\"https:\/\/cannasmart.ch\/de\/#\/schema\/logo\/image\/\",\"url\":\"https:\/\/cannasmart.ch\/wp-content\/uploads\/2025\/09\/CS_Logo_V1.png\",\"contentUrl\":\"https:\/\/cannasmart.ch\/wp-content\/uploads\/2025\/09\/CS_Logo_V1.png\",\"width\":2000,\"height\":2000,\"caption\":\"CannaSmart.ch\"},\"image\":{\"@id\":\"https:\/\/cannasmart.ch\/de\/#\/schema\/logo\/image\/\"},\"sameAs\":[\"https:\/\/www.instagram.com\/cannasmart.ch\/\"]}]}<\/script>\n<!-- \/ Yoast SEO plugin. -->","yoast_head_json":{"title":"CBD Strawberry Bl\u00fcten - Kaufen Sie Ihre CBD jetzt - CannaSmart.ch","description":"Genie\u00dfen Sie die hochwertigen CBD Strawberry Cannabisbl\u00fcten mit ihren s\u00fc\u00dfen und fruchtigen Aromen. Bestellen Sie jetzt f\u00fcr eine nat\u00fcrliche und beruhigende Entspannung!","robots":{"index":"index","follow":"follow","max-snippet":"max-snippet:-1","max-image-preview":"max-image-preview:large","max-video-preview":"max-video-preview:-1"},"canonical":"https:\/\/cannasmart.ch\/de\/produit\/cbd-blueten-strawberry-10g\/","og_locale":"de_DE","og_type":"article","og_title":"CBD Strawberry Bl\u00fcten - Kaufen Sie Ihre CBD jetzt - CannaSmart.ch","og_description":"Genie\u00dfen Sie die hochwertigen CBD Strawberry Cannabisbl\u00fcten mit ihren s\u00fc\u00dfen und fruchtigen Aromen. Bestellen Sie jetzt f\u00fcr eine nat\u00fcrliche und beruhigende Entspannung!","og_url":"https:\/\/cannasmart.ch\/de\/produit\/cbd-blueten-strawberry-10g\/","og_site_name":"CannaSmart.ch","article_modified_time":"2025-02-02T19:28:12+00:00","og_image":[{"width":1920,"height":1920,"url":"https:\/\/cannasmart.ch\/wp-content\/uploads\/2023\/02\/Visu_Doypack_STRAWBERRY-10g.jpg","type":"image\/jpeg"}],"twitter_card":"summary_large_image","twitter_misc":{"Gesch\u00e4tzte Lesezeit":"2 minutes"},"schema":{"@context":"https:\/\/schema.org","@graph":[{"@type":"WebPage","@id":"https:\/\/cannasmart.ch\/de\/produit\/cbd-blueten-strawberry-10g\/","url":"https:\/\/cannasmart.ch\/de\/produit\/cbd-blueten-strawberry-10g\/","name":"CBD Strawberry Bl\u00fcten - Kaufen Sie Ihre CBD jetzt - CannaSmart.ch","isPartOf":{"@id":"https:\/\/cannasmart.ch\/de\/#website"},"primaryImageOfPage":{"@id":"https:\/\/cannasmart.ch\/de\/produit\/cbd-blueten-strawberry-10g\/#primaryimage"},"image":{"@id":"https:\/\/cannasmart.ch\/de\/produit\/cbd-blueten-strawberry-10g\/#primaryimage"},"thumbnailUrl":"https:\/\/cannasmart.ch\/wp-content\/uploads\/2023\/02\/Visu_Doypack_STRAWBERRY-10g.jpg","datePublished":"2021-10-19T16:46:46+00:00","dateModified":"2025-02-02T19:28:12+00:00","description":"Genie\u00dfen Sie die hochwertigen CBD Strawberry Cannabisbl\u00fcten mit ihren s\u00fc\u00dfen und fruchtigen Aromen. Bestellen Sie jetzt f\u00fcr eine nat\u00fcrliche und beruhigende Entspannung!","breadcrumb":{"@id":"https:\/\/cannasmart.ch\/de\/produit\/cbd-blueten-strawberry-10g\/#breadcrumb"},"inLanguage":"de-DE","potentialAction":[{"@type":"ReadAction","target":["https:\/\/cannasmart.ch\/de\/produit\/cbd-blueten-strawberry-10g\/"]}]},{"@type":"ImageObject","inLanguage":"de-DE","@id":"https:\/\/cannasmart.ch\/de\/produit\/cbd-blueten-strawberry-10g\/#primaryimage","url":"https:\/\/cannasmart.ch\/wp-content\/uploads\/2023\/02\/Visu_Doypack_STRAWBERRY-10g.jpg","contentUrl":"https:\/\/cannasmart.ch\/wp-content\/uploads\/2023\/02\/Visu_Doypack_STRAWBERRY-10g.jpg","width":1920,"height":1920,"caption":"Fleurs de CBD strawberry"},{"@type":"BreadcrumbList","@id":"https:\/\/cannasmart.ch\/de\/produit\/cbd-blueten-strawberry-10g\/#breadcrumb","itemListElement":[{"@type":"ListItem","position":1,"name":"Accueil","item":"https:\/\/cannasmart.ch\/de\/startseite\/?lang=de"},{"@type":"ListItem","position":2,"name":"Shop","item":"https:\/\/cannasmart.ch\/boutique\/"},{"@type":"ListItem","position":3,"name":"CBD-Bl\u00fcten Strawberry 10g"}]},{"@type":"WebSite","@id":"https:\/\/cannasmart.ch\/de\/#website","url":"https:\/\/cannasmart.ch\/de\/","name":"CannaSmart.ch","description":"Produits de CBD artisanaux","publisher":{"@id":"https:\/\/cannasmart.ch\/de\/#organization"},"potentialAction":[{"@type":"SearchAction","target":{"@type":"EntryPoint","urlTemplate":"https:\/\/cannasmart.ch\/de\/?s={search_term_string}"},"query-input":{"@type":"PropertyValueSpecification","valueRequired":true,"valueName":"search_term_string"}}],"inLanguage":"de-DE"},{"@type":"Organization","@id":"https:\/\/cannasmart.ch\/de\/#organization","name":"CannaSmart.ch","url":"https:\/\/cannasmart.ch\/de\/","logo":{"@type":"ImageObject","inLanguage":"de-DE","@id":"https:\/\/cannasmart.ch\/de\/#\/schema\/logo\/image\/","url":"https:\/\/cannasmart.ch\/wp-content\/uploads\/2025\/09\/CS_Logo_V1.png","contentUrl":"https:\/\/cannasmart.ch\/wp-content\/uploads\/2025\/09\/CS_Logo_V1.png","width":2000,"height":2000,"caption":"CannaSmart.ch"},"image":{"@id":"https:\/\/cannasmart.ch\/de\/#\/schema\/logo\/image\/"},"sameAs":["https:\/\/www.instagram.com\/cannasmart.ch\/"]}]}},"_links":{"self":[{"href":"https:\/\/cannasmart.ch\/de\/wp-json\/wp\/v2\/product\/43838","targetHints":{"allow":["GET"]}}],"collection":[{"href":"https:\/\/cannasmart.ch\/de\/wp-json\/wp\/v2\/product"}],"about":[{"href":"https:\/\/cannasmart.ch\/de\/wp-json\/wp\/v2\/types\/product"}],"replies":[{"embeddable":true,"href":"https:\/\/cannasmart.ch\/de\/wp-json\/wp\/v2\/comments?post=43838"}],"wp:featuredmedia":[{"embeddable":true,"href":"https:\/\/cannasmart.ch\/de\/wp-json\/wp\/v2\/media\/43698"}],"wp:attachment":[{"href":"https:\/\/cannasmart.ch\/de\/wp-json\/wp\/v2\/media?parent=43838"}],"wp:term":[{"taxonomy":"product_brand","embeddable":true,"href":"https:\/\/cannasmart.ch\/de\/wp-json\/wp\/v2\/product_brand?post=43838"},{"taxonomy":"product_cat","embeddable":true,"href":"https:\/\/cannasmart.ch\/de\/wp-json\/wp\/v2\/product_cat?post=43838"},{"taxonomy":"product_tag","embeddable":true,"href":"https:\/\/cannasmart.ch\/de\/wp-json\/wp\/v2\/product_tag?post=43838"}],"curies":[{"name":"wp","href":"https:\/\/api.w.org\/{rel}","templated":true}]}}