{"id":43835,"date":"2023-02-24T20:07:44","date_gmt":"2023-02-24T19:07:44","guid":{"rendered":"https:\/\/cannasmart.ch\/produit\/nlx-cbd-blueten-10g\/"},"modified":"2025-12-11T15:31:10","modified_gmt":"2025-12-11T14:31:10","slug":"nlx-cbd-blueten-10g","status":"publish","type":"product","link":"https:\/\/cannasmart.ch\/de\/produit\/nlx-cbd-blueten-10g\/","title":{"rendered":"NLX CBD-Bl\u00fcten 10g"},"content":{"rendered":"<p><strong><span style=\"vertical-align: inherit;\"><span style=\"vertical-align: inherit;\">Our Northern<\/span><\/span><\/strong><br \/>\n<span style=\"vertical-align: inherit;\"><span style=\"vertical-align: inherit;\">  Lights hat einen CBD-Gehalt von 15,6%. Sein Terpenprofil bietet einen harzigen und fruchtigen Duft mit einer leichten Zitrusnote. Die dichten, harzigen Bl\u00fcten sind f\u00fcr ihre entspannende Wirkung bekannt und helfen, \u00c4ngste, Stress und Schmerzen zu lindern. Viele Schmerzpatienten und Menschen mit hohem Stresspegel genie\u00dfen regelm\u00e4\u00dfig Momente der Entspannung mit CBD-Bl\u00fcten.   <\/span><\/span><\/p>\n<hr>\n<p><strong><span style=\"vertical-align: inherit;\"><span style=\"vertical-align: inherit;\">Deutsch:<\/span><\/span><\/strong><br \/>\n<span style=\"vertical-align: inherit;\"><span style=\"vertical-align: inherit;\">  Unsere Northern Lights hat einen CBD-Gehalt von 15.6%. Ihr Terpenprofil bietet einen harzig-fruchtigen Geruch mit einem leichten Zitrusaroma. Die dichten und harzigen Bl\u00fcten sind bekannt f\u00fcr ihre entspannende Wirkung, die bei der Linderung von Angstzust\u00e4nden, Stress und Schmerzen hilft. Langzeitpatienten und M\u00e4nner mit hohen Stresswerten werden in der Regel kurzfristig mit CBD-Bl\u00fcten reguliert.   <\/span><\/span><\/p>\n<hr>\n<p><strong><span style=\"vertical-align: inherit;\"><span style=\"vertical-align: inherit;\">English:<\/span><\/span><\/strong><br \/>\n<span style=\"vertical-align: inherit;\"><span style=\"vertical-align: inherit;\">  Unser Northern Lights enth\u00e4lt 15,6% CBD. Sein Terpenprofil bietet ein harziges, fruchtiges Aroma mit einem Hauch von Zitrusfr\u00fcchten. Die dichten, harzkoatierten Bl\u00fcten sind f\u00fcr ihre entspannende Wirkung bekannt und helfen, \u00c4ngste, Stress und Schmerzen zu lindern. Viele Schmerzpatienten und Menschen mit hohem Stresspegel genie\u00dfen regelm\u00e4\u00dfig entspannende Momente mit CBD-Bl\u00fcten.   <\/span><\/span><\/p>\n","protected":false},"excerpt":{"rendered":"<div>\n<p><strong><span style=\"vertical-align: inherit;\"><span style=\"vertical-align: inherit;\">Die Auswahl ist gro\u00df:<\/span><\/span><\/strong><span class=\"apple-converted-space\"><b> <\/b><\/span><span style=\"vertical-align: inherit;\"><span style=\"vertical-align: inherit;\"> NLX, Northern x White Widow<\/span><\/span><\/p>\n<\/div>\n<div>\n<p><strong><span style=\"vertical-align: inherit;\"><span style=\"vertical-align: inherit;\">Methode f\u00fcr die Aufzucht: <\/span><\/span><\/strong><span class=\"apple-converted-space\"><b>   <\/b><\/span><span style=\"vertical-align: inherit;\"><span style=\"vertical-align: inherit;\"> Outdoor, handgepfl\u00fcckt<\/span><\/span><\/p>\n<\/div>\n<div>\n<p><strong><span style=\"vertical-align: inherit;\"><span style=\"vertical-align: inherit;\">Aroma: <\/span><\/span><\/strong><span class=\"apple-converted-space\"> <\/span><span style=\"vertical-align: inherit;\"><span style=\"vertical-align: inherit;\"> Woody, sweet<\/span><\/span><\/p>\n<\/div>\n<div>\n<p><strong><span style=\"vertical-align: inherit;\"><span style=\"vertical-align: inherit;\">Herkunft: <\/span><\/span><\/strong><span style=\"vertical-align: inherit;\"><span style=\"vertical-align: inherit;\"> Gewachsen in der Schweiz, organische Landwirtschaft<\/span><\/span><\/p>\n<\/div>\n<div>\n<p><strong><span style=\"vertical-align: inherit;\"><span style=\"vertical-align: inherit;\">CBD Rate: <\/span><\/span><\/strong><span style=\"vertical-align: inherit;\"><span style=\"vertical-align: inherit;\"> 15.6%<\/span><\/span><\/p>\n<\/div>\n<div>\n<p><strong><span style=\"vertical-align: inherit;\"><span style=\"vertical-align: inherit;\">THC Level:<\/span><\/span><\/strong><span style=\"vertical-align: inherit;\"><span style=\"vertical-align: inherit;\">                         &lt;1%<\/span><\/span><\/p>\n<\/div>\n<div>\n<p><strong><span style=\"vertical-align: inherit;\"><span style=\"vertical-align: inherit;\">Der Verbrauch: <\/span><\/span><\/strong><span class=\"apple-converted-space\"><b> <\/b><\/span><span style=\"vertical-align: inherit;\"><span style=\"vertical-align: inherit;\"> Durch Verbrennung, Infusion oder Verdampfung.<\/span><\/span><\/p>\n<\/div>\n<div>\n<p><strong><span style=\"vertical-align: inherit;\"><span style=\"vertical-align: inherit;\">Lagerung:<\/span><\/span><\/strong><span style=\"vertical-align: inherit;\"><span style=\"vertical-align: inherit;\"> Vorzugsweise in seinem luftdichten Beutel.<\/span><\/span><\/p>\n<\/div>\n","protected":false},"featured_media":43703,"comment_status":"open","ping_status":"closed","template":"","meta":{"_et_pb_use_builder":"","_et_pb_old_content":"","_et_gb_content_width":""},"product_brand":[],"product_cat":[52],"product_tag":[],"class_list":{"0":"post-43835","1":"product","2":"type-product","3":"status-publish","4":"has-post-thumbnail","6":"product_cat-blumen","8":"first","9":"instock","10":"shipping-taxable","11":"purchasable","12":"product-type-simple"},"yoast_head":"<!-- This site is optimized with the Yoast SEO plugin v26.0 - https:\/\/yoast.com\/wordpress\/plugins\/seo\/ -->\n<title>NLX CBD-Bl\u00fcten - Kaufen Sie hochwertiges CBD - CannaSmart.ch<\/title>\n<meta name=\"description\" content=\"Kaufen Sie hochwertige NLX CBD-Bl\u00fcten auf Cannasmart. Genie\u00dfen Sie die nat\u00fcrlichen Vorteile von CBD f\u00fcr einen Moment der Entspannung und Erholung.\" \/>\n<meta name=\"robots\" content=\"index, follow, max-snippet:-1, max-image-preview:large, max-video-preview:-1\" \/>\n<link rel=\"canonical\" href=\"https:\/\/cannasmart.ch\/de\/produit\/nlx-cbd-blueten-10g\/\" \/>\n<meta property=\"og:locale\" content=\"de_DE\" \/>\n<meta property=\"og:type\" content=\"article\" \/>\n<meta property=\"og:title\" content=\"NLX CBD-Bl\u00fcten - Kaufen Sie hochwertiges CBD - CannaSmart.ch\" \/>\n<meta property=\"og:description\" content=\"Kaufen Sie hochwertige NLX CBD-Bl\u00fcten auf Cannasmart. Genie\u00dfen Sie die nat\u00fcrlichen Vorteile von CBD f\u00fcr einen Moment der Entspannung und Erholung.\" \/>\n<meta property=\"og:url\" content=\"https:\/\/cannasmart.ch\/de\/produit\/nlx-cbd-blueten-10g\/\" \/>\n<meta property=\"og:site_name\" content=\"CannaSmart.ch\" \/>\n<meta property=\"article:modified_time\" content=\"2025-12-11T14:31:10+00:00\" \/>\n<meta property=\"og:image\" content=\"https:\/\/cannasmart.ch\/wp-content\/uploads\/2023\/02\/Visu_Doypack_NORTHERN-LIGHTS-10g.jpg\" \/>\n\t<meta property=\"og:image:width\" content=\"1920\" \/>\n\t<meta property=\"og:image:height\" content=\"1920\" \/>\n\t<meta property=\"og:image:type\" content=\"image\/jpeg\" \/>\n<meta name=\"twitter:card\" content=\"summary_large_image\" \/>\n<meta name=\"twitter:label1\" content=\"Gesch\u00e4tzte Lesezeit\" \/>\n\t<meta name=\"twitter:data1\" content=\"1 minute\" \/>\n<script type=\"application\/ld+json\" class=\"yoast-schema-graph\">{\"@context\":\"https:\/\/schema.org\",\"@graph\":[{\"@type\":\"WebPage\",\"@id\":\"https:\/\/cannasmart.ch\/de\/produit\/nlx-cbd-blueten-10g\/\",\"url\":\"https:\/\/cannasmart.ch\/de\/produit\/nlx-cbd-blueten-10g\/\",\"name\":\"NLX CBD-Bl\u00fcten - Kaufen Sie hochwertiges CBD - CannaSmart.ch\",\"isPartOf\":{\"@id\":\"https:\/\/cannasmart.ch\/de\/#website\"},\"primaryImageOfPage\":{\"@id\":\"https:\/\/cannasmart.ch\/de\/produit\/nlx-cbd-blueten-10g\/#primaryimage\"},\"image\":{\"@id\":\"https:\/\/cannasmart.ch\/de\/produit\/nlx-cbd-blueten-10g\/#primaryimage\"},\"thumbnailUrl\":\"https:\/\/cannasmart.ch\/wp-content\/uploads\/2023\/02\/Visu_Doypack_NORTHERN-LIGHTS-10g.jpg\",\"datePublished\":\"2023-02-24T19:07:44+00:00\",\"dateModified\":\"2025-12-11T14:31:10+00:00\",\"description\":\"Kaufen Sie hochwertige NLX CBD-Bl\u00fcten auf Cannasmart. Genie\u00dfen Sie die nat\u00fcrlichen Vorteile von CBD f\u00fcr einen Moment der Entspannung und Erholung.\",\"breadcrumb\":{\"@id\":\"https:\/\/cannasmart.ch\/de\/produit\/nlx-cbd-blueten-10g\/#breadcrumb\"},\"inLanguage\":\"de-DE\",\"potentialAction\":[{\"@type\":\"ReadAction\",\"target\":[\"https:\/\/cannasmart.ch\/de\/produit\/nlx-cbd-blueten-10g\/\"]}]},{\"@type\":\"ImageObject\",\"inLanguage\":\"de-DE\",\"@id\":\"https:\/\/cannasmart.ch\/de\/produit\/nlx-cbd-blueten-10g\/#primaryimage\",\"url\":\"https:\/\/cannasmart.ch\/wp-content\/uploads\/2023\/02\/Visu_Doypack_NORTHERN-LIGHTS-10g.jpg\",\"contentUrl\":\"https:\/\/cannasmart.ch\/wp-content\/uploads\/2023\/02\/Visu_Doypack_NORTHERN-LIGHTS-10g.jpg\",\"width\":1920,\"height\":1920},{\"@type\":\"BreadcrumbList\",\"@id\":\"https:\/\/cannasmart.ch\/de\/produit\/nlx-cbd-blueten-10g\/#breadcrumb\",\"itemListElement\":[{\"@type\":\"ListItem\",\"position\":1,\"name\":\"Accueil\",\"item\":\"https:\/\/cannasmart.ch\/de\/startseite\/?lang=de\"},{\"@type\":\"ListItem\",\"position\":2,\"name\":\"Shop\",\"item\":\"https:\/\/cannasmart.ch\/boutique\/\"},{\"@type\":\"ListItem\",\"position\":3,\"name\":\"NLX CBD-Bl\u00fcten 10g\"}]},{\"@type\":\"WebSite\",\"@id\":\"https:\/\/cannasmart.ch\/de\/#website\",\"url\":\"https:\/\/cannasmart.ch\/de\/\",\"name\":\"CannaSmart.ch\",\"description\":\"Produits de CBD artisanaux\",\"publisher\":{\"@id\":\"https:\/\/cannasmart.ch\/de\/#organization\"},\"potentialAction\":[{\"@type\":\"SearchAction\",\"target\":{\"@type\":\"EntryPoint\",\"urlTemplate\":\"https:\/\/cannasmart.ch\/de\/?s={search_term_string}\"},\"query-input\":{\"@type\":\"PropertyValueSpecification\",\"valueRequired\":true,\"valueName\":\"search_term_string\"}}],\"inLanguage\":\"de-DE\"},{\"@type\":\"Organization\",\"@id\":\"https:\/\/cannasmart.ch\/de\/#organization\",\"name\":\"CannaSmart.ch\",\"url\":\"https:\/\/cannasmart.ch\/de\/\",\"logo\":{\"@type\":\"ImageObject\",\"inLanguage\":\"de-DE\",\"@id\":\"https:\/\/cannasmart.ch\/de\/#\/schema\/logo\/image\/\",\"url\":\"https:\/\/cannasmart.ch\/wp-content\/uploads\/2025\/09\/CS_Logo_V1.png\",\"contentUrl\":\"https:\/\/cannasmart.ch\/wp-content\/uploads\/2025\/09\/CS_Logo_V1.png\",\"width\":2000,\"height\":2000,\"caption\":\"CannaSmart.ch\"},\"image\":{\"@id\":\"https:\/\/cannasmart.ch\/de\/#\/schema\/logo\/image\/\"},\"sameAs\":[\"https:\/\/www.instagram.com\/cannasmart.ch\/\"]}]}<\/script>\n<!-- \/ Yoast SEO plugin. -->","yoast_head_json":{"title":"NLX CBD-Bl\u00fcten - Kaufen Sie hochwertiges CBD - CannaSmart.ch","description":"Kaufen Sie hochwertige NLX CBD-Bl\u00fcten auf Cannasmart. Genie\u00dfen Sie die nat\u00fcrlichen Vorteile von CBD f\u00fcr einen Moment der Entspannung und Erholung.","robots":{"index":"index","follow":"follow","max-snippet":"max-snippet:-1","max-image-preview":"max-image-preview:large","max-video-preview":"max-video-preview:-1"},"canonical":"https:\/\/cannasmart.ch\/de\/produit\/nlx-cbd-blueten-10g\/","og_locale":"de_DE","og_type":"article","og_title":"NLX CBD-Bl\u00fcten - Kaufen Sie hochwertiges CBD - CannaSmart.ch","og_description":"Kaufen Sie hochwertige NLX CBD-Bl\u00fcten auf Cannasmart. Genie\u00dfen Sie die nat\u00fcrlichen Vorteile von CBD f\u00fcr einen Moment der Entspannung und Erholung.","og_url":"https:\/\/cannasmart.ch\/de\/produit\/nlx-cbd-blueten-10g\/","og_site_name":"CannaSmart.ch","article_modified_time":"2025-12-11T14:31:10+00:00","og_image":[{"width":1920,"height":1920,"url":"https:\/\/cannasmart.ch\/wp-content\/uploads\/2023\/02\/Visu_Doypack_NORTHERN-LIGHTS-10g.jpg","type":"image\/jpeg"}],"twitter_card":"summary_large_image","twitter_misc":{"Gesch\u00e4tzte Lesezeit":"1 minute"},"schema":{"@context":"https:\/\/schema.org","@graph":[{"@type":"WebPage","@id":"https:\/\/cannasmart.ch\/de\/produit\/nlx-cbd-blueten-10g\/","url":"https:\/\/cannasmart.ch\/de\/produit\/nlx-cbd-blueten-10g\/","name":"NLX CBD-Bl\u00fcten - Kaufen Sie hochwertiges CBD - CannaSmart.ch","isPartOf":{"@id":"https:\/\/cannasmart.ch\/de\/#website"},"primaryImageOfPage":{"@id":"https:\/\/cannasmart.ch\/de\/produit\/nlx-cbd-blueten-10g\/#primaryimage"},"image":{"@id":"https:\/\/cannasmart.ch\/de\/produit\/nlx-cbd-blueten-10g\/#primaryimage"},"thumbnailUrl":"https:\/\/cannasmart.ch\/wp-content\/uploads\/2023\/02\/Visu_Doypack_NORTHERN-LIGHTS-10g.jpg","datePublished":"2023-02-24T19:07:44+00:00","dateModified":"2025-12-11T14:31:10+00:00","description":"Kaufen Sie hochwertige NLX CBD-Bl\u00fcten auf Cannasmart. Genie\u00dfen Sie die nat\u00fcrlichen Vorteile von CBD f\u00fcr einen Moment der Entspannung und Erholung.","breadcrumb":{"@id":"https:\/\/cannasmart.ch\/de\/produit\/nlx-cbd-blueten-10g\/#breadcrumb"},"inLanguage":"de-DE","potentialAction":[{"@type":"ReadAction","target":["https:\/\/cannasmart.ch\/de\/produit\/nlx-cbd-blueten-10g\/"]}]},{"@type":"ImageObject","inLanguage":"de-DE","@id":"https:\/\/cannasmart.ch\/de\/produit\/nlx-cbd-blueten-10g\/#primaryimage","url":"https:\/\/cannasmart.ch\/wp-content\/uploads\/2023\/02\/Visu_Doypack_NORTHERN-LIGHTS-10g.jpg","contentUrl":"https:\/\/cannasmart.ch\/wp-content\/uploads\/2023\/02\/Visu_Doypack_NORTHERN-LIGHTS-10g.jpg","width":1920,"height":1920},{"@type":"BreadcrumbList","@id":"https:\/\/cannasmart.ch\/de\/produit\/nlx-cbd-blueten-10g\/#breadcrumb","itemListElement":[{"@type":"ListItem","position":1,"name":"Accueil","item":"https:\/\/cannasmart.ch\/de\/startseite\/?lang=de"},{"@type":"ListItem","position":2,"name":"Shop","item":"https:\/\/cannasmart.ch\/boutique\/"},{"@type":"ListItem","position":3,"name":"NLX CBD-Bl\u00fcten 10g"}]},{"@type":"WebSite","@id":"https:\/\/cannasmart.ch\/de\/#website","url":"https:\/\/cannasmart.ch\/de\/","name":"CannaSmart.ch","description":"Produits de CBD artisanaux","publisher":{"@id":"https:\/\/cannasmart.ch\/de\/#organization"},"potentialAction":[{"@type":"SearchAction","target":{"@type":"EntryPoint","urlTemplate":"https:\/\/cannasmart.ch\/de\/?s={search_term_string}"},"query-input":{"@type":"PropertyValueSpecification","valueRequired":true,"valueName":"search_term_string"}}],"inLanguage":"de-DE"},{"@type":"Organization","@id":"https:\/\/cannasmart.ch\/de\/#organization","name":"CannaSmart.ch","url":"https:\/\/cannasmart.ch\/de\/","logo":{"@type":"ImageObject","inLanguage":"de-DE","@id":"https:\/\/cannasmart.ch\/de\/#\/schema\/logo\/image\/","url":"https:\/\/cannasmart.ch\/wp-content\/uploads\/2025\/09\/CS_Logo_V1.png","contentUrl":"https:\/\/cannasmart.ch\/wp-content\/uploads\/2025\/09\/CS_Logo_V1.png","width":2000,"height":2000,"caption":"CannaSmart.ch"},"image":{"@id":"https:\/\/cannasmart.ch\/de\/#\/schema\/logo\/image\/"},"sameAs":["https:\/\/www.instagram.com\/cannasmart.ch\/"]}]}},"_links":{"self":[{"href":"https:\/\/cannasmart.ch\/de\/wp-json\/wp\/v2\/product\/43835","targetHints":{"allow":["GET"]}}],"collection":[{"href":"https:\/\/cannasmart.ch\/de\/wp-json\/wp\/v2\/product"}],"about":[{"href":"https:\/\/cannasmart.ch\/de\/wp-json\/wp\/v2\/types\/product"}],"replies":[{"embeddable":true,"href":"https:\/\/cannasmart.ch\/de\/wp-json\/wp\/v2\/comments?post=43835"}],"wp:featuredmedia":[{"embeddable":true,"href":"https:\/\/cannasmart.ch\/de\/wp-json\/wp\/v2\/media\/43703"}],"wp:attachment":[{"href":"https:\/\/cannasmart.ch\/de\/wp-json\/wp\/v2\/media?parent=43835"}],"wp:term":[{"taxonomy":"product_brand","embeddable":true,"href":"https:\/\/cannasmart.ch\/de\/wp-json\/wp\/v2\/product_brand?post=43835"},{"taxonomy":"product_cat","embeddable":true,"href":"https:\/\/cannasmart.ch\/de\/wp-json\/wp\/v2\/product_cat?post=43835"},{"taxonomy":"product_tag","embeddable":true,"href":"https:\/\/cannasmart.ch\/de\/wp-json\/wp\/v2\/product_tag?post=43835"}],"curies":[{"name":"wp","href":"https:\/\/api.w.org\/{rel}","templated":true}]}}