{"id":43833,"date":"2023-08-20T18:16:26","date_gmt":"2023-08-20T16:16:26","guid":{"rendered":"https:\/\/cannasmart.ch\/produit\/cbd-blueten-mango-rambo-10g\/"},"modified":"2025-02-02T20:28:08","modified_gmt":"2025-02-02T19:28:08","slug":"cbd-blueten-mango-rambo-10g","status":"publish","type":"product","link":"https:\/\/cannasmart.ch\/de\/produit\/cbd-blueten-mango-rambo-10g\/","title":{"rendered":"CBD Bl\u00fcten Mango Rambo 10g"},"content":{"rendered":"<p>&nbsp;<\/p>\n<p><strong>Franz\u00f6sisch:<\/strong><\/p>\n<p>Unsere Mango Rambo wurde sorgf\u00e4ltig im Freien angebaut, um eine au\u00dfergew\u00f6hnliche Qualit\u00e4t und einen unverwechselbaren Geschmack zu gew\u00e4hrleisten. Die Bl\u00fcten wurden von Hand geschnitten, um die Bl\u00e4tter zu entfernen und ein reines, qualitativ hochwertiges Produkt zu erhalten. Diese Sorte hat eine CBD-Konzentration von 11,4 % und einen THC-Gehalt von 0,4 %. Mango Rambo ist f\u00fcr ihr fruchtiges und tropisches Aroma bekannt, mit Noten von reifen Mangos und einem subtilen Hauch von Erde. Dieses angenehme Aromaprofil macht ihn zu einer beliebten Wahl f\u00fcr diejenigen, die s\u00fc\u00dfe und exotische Aromen sch\u00e4tzen.  <\/p>\n<hr>\n<p>Deutsch: Unser Mango Rambo wurde sorgf\u00e4ltig im Freien angebaut, was eine au\u00dfergew\u00f6hnliche Qualit\u00e4t und einen unverwechselbaren Geschmack garantiert. Die Bl\u00fcten wurden von Hand geschnitten, um die Bl\u00e4tter zu entfernen und ein reines, hochwertiges Produkt zu erhalten. Diese Sorte hat einen Gehalt an CBD von 11,4 % und einen THC-Gehalt von 0,4 %. Die Mango Rambo ist bekannt f\u00fcr ihr fruchtiges und tropisches Aroma, das reife Mango-Noten mit subtilen erdigen Nuancen vereint. Dieses angenehme Aromaprofil macht sie zu einer beliebten Wahl f\u00fcr Liebhaber s\u00fc\u00dfer und exotischer Geschm\u00e4cker.<\/p>\n<hr>\n<p>English: Unsere Mango Rambo wurde sorgf\u00e4ltig im Freien angebaut, um eine au\u00dfergew\u00f6hnliche Qualit\u00e4t und einen unverwechselbaren Geschmack zu gew\u00e4hrleisten. Die Bl\u00fcten wurden von Hand geschnitten, um \u00fcbersch\u00fcssige Bl\u00e4tter zu entfernen, was zu einem reinen, hochwertigen Produkt f\u00fchrt. Diese Sorte hat einen CBD-Gehalt von 11,4% und einen THC-Gehalt von 0,4%. Die Mango Rambo ist bekannt f\u00fcr ihr fruchtiges und tropisches Aroma, das reife Mangonoten mit subtilen Erdt\u00f6nen verbindet. Dieses angenehme Aromaprofil macht es zu einer beliebten Wahl f\u00fcr diejenigen, die s\u00fc\u00dfe und exotische Aromen genie\u00dfen.<\/p>\n","protected":false},"excerpt":{"rendered":"<div>\n<p><strong>Sorte :<\/strong><span class=\"apple-converted-space\"><b> <\/b><\/span> Mango Rambo<\/p>\n<\/div>\n<div>\n<p><strong>Art der Kultivierung : <\/strong><span class=\"apple-converted-space\"><b>   <\/b><\/span>Outdoor, handmanik\u00fcrt<\/p>\n<\/div>\n<div>\n<p><strong>Aroma: <\/strong><span class=\"apple-converted-space\"> <\/span> Fruchtig und tropisch<\/p>\n<\/div>\n<div>\n<p><strong>Herkunft: <\/strong> Angebaut in der Schweiz, biologische Landwirtschaft<\/p>\n<\/div>\n<div>\n<p><strong>CBD-Gehalt: <\/strong> 11.4%.<\/p>\n<\/div>\n<div>\n<p><strong>THC-Gehalt:<\/strong> &lt;1%<\/p>\n<\/div>\n<div>\n<p><strong>Der Verbrauch: <\/strong><span class=\"apple-converted-space\"><b> <\/b><\/span>Durch Verbrennung, Infusion oder Verdampfung<\/p>\n<\/div>\n<div>\n<p><strong>Aufbewahrung:<\/strong> Am besten in einem luftdichten Beutel.<\/p>\n<\/div>\n","protected":false},"featured_media":43702,"comment_status":"open","ping_status":"closed","template":"","meta":{"_et_pb_use_builder":"","_et_pb_old_content":"","_et_gb_content_width":""},"product_brand":[],"product_cat":[52],"product_tag":[],"class_list":{"0":"post-43833","1":"product","2":"type-product","3":"status-publish","4":"has-post-thumbnail","6":"product_cat-blumen","8":"first","9":"instock","10":"shipping-taxable","11":"purchasable","12":"product-type-simple"},"yoast_head":"<!-- This site is optimized with the Yoast SEO plugin v26.0 - https:\/\/yoast.com\/wordpress\/plugins\/seo\/ -->\n<title>CBD-Bl\u00fcten Mango Rambo - 10g jetzt kaufen - CannaSmart.ch<\/title>\n<meta name=\"description\" content=\"Kaufen Sie CBD Mango Rambo Bl\u00fcten 10g, ein fruchtiges und entspannendes Aroma. Genie\u00dfen Sie die nat\u00fcrlichen Vorteile von CBD mit dieser einzigartigen Sorte. Bestellen Sie noch heute!\" \/>\n<meta name=\"robots\" content=\"index, follow, max-snippet:-1, max-image-preview:large, max-video-preview:-1\" \/>\n<link rel=\"canonical\" href=\"https:\/\/cannasmart.ch\/de\/produit\/cbd-blueten-mango-rambo-10g\/\" \/>\n<meta property=\"og:locale\" content=\"de_DE\" \/>\n<meta property=\"og:type\" content=\"article\" \/>\n<meta property=\"og:title\" content=\"CBD-Bl\u00fcten Mango Rambo - 10g jetzt kaufen - CannaSmart.ch\" \/>\n<meta property=\"og:description\" content=\"Kaufen Sie CBD Mango Rambo Bl\u00fcten 10g, ein fruchtiges und entspannendes Aroma. Genie\u00dfen Sie die nat\u00fcrlichen Vorteile von CBD mit dieser einzigartigen Sorte. Bestellen Sie noch heute!\" \/>\n<meta property=\"og:url\" content=\"https:\/\/cannasmart.ch\/de\/produit\/cbd-blueten-mango-rambo-10g\/\" \/>\n<meta property=\"og:site_name\" content=\"CannaSmart.ch\" \/>\n<meta property=\"article:modified_time\" content=\"2025-02-02T19:28:08+00:00\" \/>\n<meta property=\"og:image\" content=\"https:\/\/cannasmart.ch\/wp-content\/uploads\/2023\/02\/Visu_Doypack_MANGO-RAMBO-10g.jpg\" \/>\n\t<meta property=\"og:image:width\" content=\"1920\" \/>\n\t<meta property=\"og:image:height\" content=\"1920\" \/>\n\t<meta property=\"og:image:type\" content=\"image\/jpeg\" \/>\n<meta name=\"twitter:card\" content=\"summary_large_image\" \/>\n<meta name=\"twitter:label1\" content=\"Gesch\u00e4tzte Lesezeit\" \/>\n\t<meta name=\"twitter:data1\" content=\"1 minute\" \/>\n<script type=\"application\/ld+json\" class=\"yoast-schema-graph\">{\"@context\":\"https:\/\/schema.org\",\"@graph\":[{\"@type\":\"WebPage\",\"@id\":\"https:\/\/cannasmart.ch\/de\/produit\/cbd-blueten-mango-rambo-10g\/\",\"url\":\"https:\/\/cannasmart.ch\/de\/produit\/cbd-blueten-mango-rambo-10g\/\",\"name\":\"CBD-Bl\u00fcten Mango Rambo - 10g jetzt kaufen - CannaSmart.ch\",\"isPartOf\":{\"@id\":\"https:\/\/cannasmart.ch\/de\/#website\"},\"primaryImageOfPage\":{\"@id\":\"https:\/\/cannasmart.ch\/de\/produit\/cbd-blueten-mango-rambo-10g\/#primaryimage\"},\"image\":{\"@id\":\"https:\/\/cannasmart.ch\/de\/produit\/cbd-blueten-mango-rambo-10g\/#primaryimage\"},\"thumbnailUrl\":\"https:\/\/cannasmart.ch\/wp-content\/uploads\/2023\/02\/Visu_Doypack_MANGO-RAMBO-10g.jpg\",\"datePublished\":\"2023-08-20T16:16:26+00:00\",\"dateModified\":\"2025-02-02T19:28:08+00:00\",\"description\":\"Kaufen Sie CBD Mango Rambo Bl\u00fcten 10g, ein fruchtiges und entspannendes Aroma. Genie\u00dfen Sie die nat\u00fcrlichen Vorteile von CBD mit dieser einzigartigen Sorte. Bestellen Sie noch heute!\",\"breadcrumb\":{\"@id\":\"https:\/\/cannasmart.ch\/de\/produit\/cbd-blueten-mango-rambo-10g\/#breadcrumb\"},\"inLanguage\":\"de-DE\",\"potentialAction\":[{\"@type\":\"ReadAction\",\"target\":[\"https:\/\/cannasmart.ch\/de\/produit\/cbd-blueten-mango-rambo-10g\/\"]}]},{\"@type\":\"ImageObject\",\"inLanguage\":\"de-DE\",\"@id\":\"https:\/\/cannasmart.ch\/de\/produit\/cbd-blueten-mango-rambo-10g\/#primaryimage\",\"url\":\"https:\/\/cannasmart.ch\/wp-content\/uploads\/2023\/02\/Visu_Doypack_MANGO-RAMBO-10g.jpg\",\"contentUrl\":\"https:\/\/cannasmart.ch\/wp-content\/uploads\/2023\/02\/Visu_Doypack_MANGO-RAMBO-10g.jpg\",\"width\":1920,\"height\":1920,\"caption\":\"Mango Rambo 10g\"},{\"@type\":\"BreadcrumbList\",\"@id\":\"https:\/\/cannasmart.ch\/de\/produit\/cbd-blueten-mango-rambo-10g\/#breadcrumb\",\"itemListElement\":[{\"@type\":\"ListItem\",\"position\":1,\"name\":\"Accueil\",\"item\":\"https:\/\/cannasmart.ch\/de\/startseite\/?lang=de\"},{\"@type\":\"ListItem\",\"position\":2,\"name\":\"Shop\",\"item\":\"https:\/\/cannasmart.ch\/boutique\/\"},{\"@type\":\"ListItem\",\"position\":3,\"name\":\"CBD Bl\u00fcten Mango Rambo 10g\"}]},{\"@type\":\"WebSite\",\"@id\":\"https:\/\/cannasmart.ch\/de\/#website\",\"url\":\"https:\/\/cannasmart.ch\/de\/\",\"name\":\"CannaSmart.ch\",\"description\":\"Produits de CBD artisanaux\",\"publisher\":{\"@id\":\"https:\/\/cannasmart.ch\/de\/#organization\"},\"potentialAction\":[{\"@type\":\"SearchAction\",\"target\":{\"@type\":\"EntryPoint\",\"urlTemplate\":\"https:\/\/cannasmart.ch\/de\/?s={search_term_string}\"},\"query-input\":{\"@type\":\"PropertyValueSpecification\",\"valueRequired\":true,\"valueName\":\"search_term_string\"}}],\"inLanguage\":\"de-DE\"},{\"@type\":\"Organization\",\"@id\":\"https:\/\/cannasmart.ch\/de\/#organization\",\"name\":\"CannaSmart.ch\",\"url\":\"https:\/\/cannasmart.ch\/de\/\",\"logo\":{\"@type\":\"ImageObject\",\"inLanguage\":\"de-DE\",\"@id\":\"https:\/\/cannasmart.ch\/de\/#\/schema\/logo\/image\/\",\"url\":\"https:\/\/cannasmart.ch\/wp-content\/uploads\/2025\/09\/CS_Logo_V1.png\",\"contentUrl\":\"https:\/\/cannasmart.ch\/wp-content\/uploads\/2025\/09\/CS_Logo_V1.png\",\"width\":2000,\"height\":2000,\"caption\":\"CannaSmart.ch\"},\"image\":{\"@id\":\"https:\/\/cannasmart.ch\/de\/#\/schema\/logo\/image\/\"},\"sameAs\":[\"https:\/\/www.instagram.com\/cannasmart.ch\/\"]}]}<\/script>\n<!-- \/ Yoast SEO plugin. -->","yoast_head_json":{"title":"CBD-Bl\u00fcten Mango Rambo - 10g jetzt kaufen - CannaSmart.ch","description":"Kaufen Sie CBD Mango Rambo Bl\u00fcten 10g, ein fruchtiges und entspannendes Aroma. Genie\u00dfen Sie die nat\u00fcrlichen Vorteile von CBD mit dieser einzigartigen Sorte. Bestellen Sie noch heute!","robots":{"index":"index","follow":"follow","max-snippet":"max-snippet:-1","max-image-preview":"max-image-preview:large","max-video-preview":"max-video-preview:-1"},"canonical":"https:\/\/cannasmart.ch\/de\/produit\/cbd-blueten-mango-rambo-10g\/","og_locale":"de_DE","og_type":"article","og_title":"CBD-Bl\u00fcten Mango Rambo - 10g jetzt kaufen - CannaSmart.ch","og_description":"Kaufen Sie CBD Mango Rambo Bl\u00fcten 10g, ein fruchtiges und entspannendes Aroma. Genie\u00dfen Sie die nat\u00fcrlichen Vorteile von CBD mit dieser einzigartigen Sorte. Bestellen Sie noch heute!","og_url":"https:\/\/cannasmart.ch\/de\/produit\/cbd-blueten-mango-rambo-10g\/","og_site_name":"CannaSmart.ch","article_modified_time":"2025-02-02T19:28:08+00:00","og_image":[{"width":1920,"height":1920,"url":"https:\/\/cannasmart.ch\/wp-content\/uploads\/2023\/02\/Visu_Doypack_MANGO-RAMBO-10g.jpg","type":"image\/jpeg"}],"twitter_card":"summary_large_image","twitter_misc":{"Gesch\u00e4tzte Lesezeit":"1 minute"},"schema":{"@context":"https:\/\/schema.org","@graph":[{"@type":"WebPage","@id":"https:\/\/cannasmart.ch\/de\/produit\/cbd-blueten-mango-rambo-10g\/","url":"https:\/\/cannasmart.ch\/de\/produit\/cbd-blueten-mango-rambo-10g\/","name":"CBD-Bl\u00fcten Mango Rambo - 10g jetzt kaufen - CannaSmart.ch","isPartOf":{"@id":"https:\/\/cannasmart.ch\/de\/#website"},"primaryImageOfPage":{"@id":"https:\/\/cannasmart.ch\/de\/produit\/cbd-blueten-mango-rambo-10g\/#primaryimage"},"image":{"@id":"https:\/\/cannasmart.ch\/de\/produit\/cbd-blueten-mango-rambo-10g\/#primaryimage"},"thumbnailUrl":"https:\/\/cannasmart.ch\/wp-content\/uploads\/2023\/02\/Visu_Doypack_MANGO-RAMBO-10g.jpg","datePublished":"2023-08-20T16:16:26+00:00","dateModified":"2025-02-02T19:28:08+00:00","description":"Kaufen Sie CBD Mango Rambo Bl\u00fcten 10g, ein fruchtiges und entspannendes Aroma. Genie\u00dfen Sie die nat\u00fcrlichen Vorteile von CBD mit dieser einzigartigen Sorte. Bestellen Sie noch heute!","breadcrumb":{"@id":"https:\/\/cannasmart.ch\/de\/produit\/cbd-blueten-mango-rambo-10g\/#breadcrumb"},"inLanguage":"de-DE","potentialAction":[{"@type":"ReadAction","target":["https:\/\/cannasmart.ch\/de\/produit\/cbd-blueten-mango-rambo-10g\/"]}]},{"@type":"ImageObject","inLanguage":"de-DE","@id":"https:\/\/cannasmart.ch\/de\/produit\/cbd-blueten-mango-rambo-10g\/#primaryimage","url":"https:\/\/cannasmart.ch\/wp-content\/uploads\/2023\/02\/Visu_Doypack_MANGO-RAMBO-10g.jpg","contentUrl":"https:\/\/cannasmart.ch\/wp-content\/uploads\/2023\/02\/Visu_Doypack_MANGO-RAMBO-10g.jpg","width":1920,"height":1920,"caption":"Mango Rambo 10g"},{"@type":"BreadcrumbList","@id":"https:\/\/cannasmart.ch\/de\/produit\/cbd-blueten-mango-rambo-10g\/#breadcrumb","itemListElement":[{"@type":"ListItem","position":1,"name":"Accueil","item":"https:\/\/cannasmart.ch\/de\/startseite\/?lang=de"},{"@type":"ListItem","position":2,"name":"Shop","item":"https:\/\/cannasmart.ch\/boutique\/"},{"@type":"ListItem","position":3,"name":"CBD Bl\u00fcten Mango Rambo 10g"}]},{"@type":"WebSite","@id":"https:\/\/cannasmart.ch\/de\/#website","url":"https:\/\/cannasmart.ch\/de\/","name":"CannaSmart.ch","description":"Produits de CBD artisanaux","publisher":{"@id":"https:\/\/cannasmart.ch\/de\/#organization"},"potentialAction":[{"@type":"SearchAction","target":{"@type":"EntryPoint","urlTemplate":"https:\/\/cannasmart.ch\/de\/?s={search_term_string}"},"query-input":{"@type":"PropertyValueSpecification","valueRequired":true,"valueName":"search_term_string"}}],"inLanguage":"de-DE"},{"@type":"Organization","@id":"https:\/\/cannasmart.ch\/de\/#organization","name":"CannaSmart.ch","url":"https:\/\/cannasmart.ch\/de\/","logo":{"@type":"ImageObject","inLanguage":"de-DE","@id":"https:\/\/cannasmart.ch\/de\/#\/schema\/logo\/image\/","url":"https:\/\/cannasmart.ch\/wp-content\/uploads\/2025\/09\/CS_Logo_V1.png","contentUrl":"https:\/\/cannasmart.ch\/wp-content\/uploads\/2025\/09\/CS_Logo_V1.png","width":2000,"height":2000,"caption":"CannaSmart.ch"},"image":{"@id":"https:\/\/cannasmart.ch\/de\/#\/schema\/logo\/image\/"},"sameAs":["https:\/\/www.instagram.com\/cannasmart.ch\/"]}]}},"_links":{"self":[{"href":"https:\/\/cannasmart.ch\/de\/wp-json\/wp\/v2\/product\/43833","targetHints":{"allow":["GET"]}}],"collection":[{"href":"https:\/\/cannasmart.ch\/de\/wp-json\/wp\/v2\/product"}],"about":[{"href":"https:\/\/cannasmart.ch\/de\/wp-json\/wp\/v2\/types\/product"}],"replies":[{"embeddable":true,"href":"https:\/\/cannasmart.ch\/de\/wp-json\/wp\/v2\/comments?post=43833"}],"wp:featuredmedia":[{"embeddable":true,"href":"https:\/\/cannasmart.ch\/de\/wp-json\/wp\/v2\/media\/43702"}],"wp:attachment":[{"href":"https:\/\/cannasmart.ch\/de\/wp-json\/wp\/v2\/media?parent=43833"}],"wp:term":[{"taxonomy":"product_brand","embeddable":true,"href":"https:\/\/cannasmart.ch\/de\/wp-json\/wp\/v2\/product_brand?post=43833"},{"taxonomy":"product_cat","embeddable":true,"href":"https:\/\/cannasmart.ch\/de\/wp-json\/wp\/v2\/product_cat?post=43833"},{"taxonomy":"product_tag","embeddable":true,"href":"https:\/\/cannasmart.ch\/de\/wp-json\/wp\/v2\/product_tag?post=43833"}],"curies":[{"name":"wp","href":"https:\/\/api.w.org\/{rel}","templated":true}]}}