{"id":43829,"date":"2024-08-13T13:49:19","date_gmt":"2024-08-13T11:49:19","guid":{"rendered":"https:\/\/cannasmart.ch\/produit\/gepresste-cbd-bluetenpollen-5g\/"},"modified":"2025-02-02T20:28:07","modified_gmt":"2025-02-02T19:28:07","slug":"gepresste-cbd-bluetenpollen-5g","status":"publish","type":"product","link":"https:\/\/cannasmart.ch\/de\/produit\/gepresste-cbd-bluetenpollen-5g\/","title":{"rendered":"Gepresste CBD-Bl\u00fctenpollen 5g"},"content":{"rendered":"<div class=\"flex-shrink-0 flex flex-col relative items-end\">\n<div>\n<div class=\"pt-0\">\n<div class=\"gizmo-bot-avatar flex h-8 w-8 items-center justify-center overflow-hidden rounded-full\">\n<div class=\"relative p-1 rounded-sm flex items-center justify-center bg-token-main-surface-primary text-token-text-primary h-8 w-8\"><\/div>\n<\/div>\n<\/div>\n<\/div>\n<div><\/div>\n<div><strong>Franz\u00f6sisch:<\/strong><\/div>\n<\/div>\n<div class=\"group\/conversation-turn relative flex w-full min-w-0 flex-col agent-turn\">\n<div class=\"flex-col gap-1 md:gap-3\">\n<div class=\"flex max-w-full flex-col flex-grow\">\n<div class=\"min-h-[20px] text-message flex w-full flex-col items-end gap-2 break-words [.text-message+&amp;]:mt-5 overflow-x-auto whitespace-pre-wrap\" dir=\"auto\" data-message-author-role=\"assistant\" data-message-id=\"9aaeebe8-04f3-4e31-be3b-df5de997a3c7\">\n<div class=\"flex w-full flex-col gap-1 empty:hidden first:pt-[3px]\">\n<div class=\"markdown prose w-full break-words dark:prose-invert light\">\n<p>Entdecken Sie unsere gepressten CBD-Bl\u00fctenpollen, ein Premium-Konzentrat von Cannabinoiden, das f\u00fcr eine tiefe und nat\u00fcrliche Entspannung entwickelt wurde. Dieses handgefertigte Produkt, das aus einer sorgf\u00e4ltigen Auswahl hochwertiger CBD-Cannabissorten wie Strawberry, NLX und Mango Rambo stammt, bietet Ihnen eine Erfahrung, die reich an nat\u00fcrlichen Terpenen und fruchtigen Aromen ist. Jede Packung enth\u00e4lt 5g gepressten Pollen, der die Vorteile und den optimalen CBD-Gehalt der Cannabisbl\u00fcten bewahrt. Unsere Pollen werden nach einem traditionellen Verfahren hergestellt, um maximale Reinheit und ein authentisches Erlebnis zu gew\u00e4hrleisten. <\/p>\n<\/div>\n<hr>\n<\/div>\n<\/div>\n<\/div>\n<\/div>\n<\/div>\n<p><strong>Deutsch:<\/strong><\/p>\n<p>Entdecken Sie unseren gepressten CBD-Bl\u00fctenpollen, ein hochwertiges Konzentrat an Cannabinoiden, das f\u00fcr tiefe und nat\u00fcrliche Entspannung sorgt. Dieses handwerklich hergestellte Produkt stammt aus einer sorgf\u00e4ltigen Auswahl hochwertiger CBD-Cannabis-Sorten wie Strawberry, NLX und Mango Rambo. Jede Sorte bringt ihre eigenen fruchtigen Aromen und einzigartigen Vorteile mit sich und garantiert ein ausgewogenes Erlebnis mit nat\u00fcrlichen Terpenen. Jede Packung enth\u00e4lt 5g gepressten Pollen, der alle Vorteile der Cannabisbl\u00fcten bewahrt und eine optimale CBD-Konzentration bietet. Ideal f\u00fcr alle, die eine starke entspannende Wirkung suchen und die erstklassige Qualit\u00e4t von CBD genie\u00dfen m\u00f6chten. Das Pollen wird nach traditioneller Methode hergestellt, was maximale Reinheit und ein authentisches Konsumerlebnis sichert.  <\/p>\n<hr>\n<p><strong>English:<\/strong><\/p>\n<p>Entdecken Sie unsere gepressten CBD-Bl\u00fctenpollen, ein Premium-Konzentrat von Cannabinoiden, ideal f\u00fcr eine tiefe, nat\u00fcrliche Entspannung. Dieses handgefertigte Produkt wird aus einer sorgf\u00e4ltig ausgew\u00e4hlten Reihe von hochwertigen CBD Cannabis-Strains hergestellt: Strawberry, NLX und Mango Rambo. Jede Sorte bietet ihre eigenen fruchtigen Aromen und einzigartigen Vorteile und sorgt f\u00fcr ein ausgewogenes Erlebnis, das reich an nat\u00fcrlichen Terpenen ist. Jede Packung enth\u00e4lt 5g gepresste Pollen, die alle Vorteile der Cannabisbl\u00fcten mit einer optimalen CBD-Konzentration enthalten. Perfekt f\u00fcr alle, die eine starke entspannende Wirkung suchen und gleichzeitig die h\u00f6chste CBD-Qualit\u00e4t genie\u00dfen wollen. Die Pollen werden nach traditionellen Methoden hergestellt, um maximale Reinheit und ein authentisches Konsumerlebnis zu gew\u00e4hrleisten.  <\/p>\n<p><img loading=\"lazy\" decoding=\"async\" class=\"alignnone size-thumbnail wp-image-43074 lazyload\" data-src=\"https:\/\/cannasmart.ch\/wp-content\/uploads\/2024\/08\/CannaSmart-5g-150x150.png\" alt=\"\" width=\"150\" height=\"150\" src=\"data:image\/gif;base64,R0lGODlhAQABAAAAACH5BAEKAAEALAAAAAABAAEAAAICTAEAOw==\" style=\"--smush-placeholder-width: 150px; --smush-placeholder-aspect-ratio: 150\/150;\"><noscript><img loading=\"lazy\" decoding=\"async\" class=\"alignnone size-thumbnail wp-image-43074\" src=\"https:\/\/cannasmart.ch\/wp-content\/uploads\/2024\/08\/CannaSmart-5g-150x150.png\" alt=\"\" width=\"150\" height=\"150\"><\/noscript><\/p>\n","protected":false},"excerpt":{"rendered":"<p><strong>Gepresste CBD Pollen &#8211; 5g<\/strong><\/p>\n<p>Genie\u00dfen Sie einen Premium CBD-Pollen, der aus <em>Strawberry-<\/em>, <em>NLX-<\/em> und <em>Mango Rambo-Bl\u00fcten<\/em> gepresst wurde. Dieses handgefertigte Konzentrat bietet eine tiefe Entspannung mit reichen und nat\u00fcrlichen Aromen. Perfekt f\u00fcr CBD-Liebhaber, die ein hochwertiges Erlebnis suchen.  <\/p>\n","protected":false},"featured_media":43718,"comment_status":"open","ping_status":"closed","template":"","meta":{"_et_pb_use_builder":"","_et_pb_old_content":"","_et_gb_content_width":""},"product_brand":[],"product_cat":[52,54],"product_tag":[],"class_list":{"0":"post-43829","1":"product","2":"type-product","3":"status-publish","4":"has-post-thumbnail","6":"product_cat-blumen","7":"product_cat-pollen-de","9":"first","10":"instock","11":"shipping-taxable","12":"purchasable","13":"product-type-simple"},"yoast_head":"<!-- This site is optimized with the Yoast SEO plugin v26.0 - https:\/\/yoast.com\/wordpress\/plugins\/seo\/ -->\n<title>Gepresste CBD-Bl\u00fctenpollen 5g - CannaSmart.ch<\/title>\n<meta name=\"robots\" content=\"index, follow, max-snippet:-1, max-image-preview:large, max-video-preview:-1\" \/>\n<link rel=\"canonical\" href=\"https:\/\/cannasmart.ch\/de\/produit\/gepresste-cbd-bluetenpollen-5g\/\" \/>\n<meta property=\"og:locale\" content=\"de_DE\" \/>\n<meta property=\"og:type\" content=\"article\" \/>\n<meta property=\"og:title\" content=\"Gepresste CBD-Bl\u00fctenpollen 5g - CannaSmart.ch\" \/>\n<meta property=\"og:description\" content=\"Gepresste CBD Pollen - 5g Genie\u00dfen Sie einen Premium CBD-Pollen, der aus Strawberry-, NLX- und Mango Rambo-Bl\u00fcten gepresst wurde. Dieses handgefertigte Konzentrat bietet eine tiefe Entspannung mit reichen und nat\u00fcrlichen Aromen. Perfekt f\u00fcr CBD-Liebhaber, die ein hochwertiges Erlebnis suchen.\" \/>\n<meta property=\"og:url\" content=\"https:\/\/cannasmart.ch\/de\/produit\/gepresste-cbd-bluetenpollen-5g\/\" \/>\n<meta property=\"og:site_name\" content=\"CannaSmart.ch\" \/>\n<meta property=\"article:modified_time\" content=\"2025-02-02T19:28:07+00:00\" \/>\n<meta property=\"og:image\" content=\"https:\/\/cannasmart.ch\/wp-content\/uploads\/2024\/08\/CannaSmart-5g.png\" \/>\n\t<meta property=\"og:image:width\" content=\"1280\" \/>\n\t<meta property=\"og:image:height\" content=\"1280\" \/>\n\t<meta property=\"og:image:type\" content=\"image\/png\" \/>\n<meta name=\"twitter:card\" content=\"summary_large_image\" \/>\n<meta name=\"twitter:label1\" content=\"Gesch\u00e4tzte Lesezeit\" \/>\n\t<meta name=\"twitter:data1\" content=\"2 minutes\" \/>\n<script type=\"application\/ld+json\" class=\"yoast-schema-graph\">{\"@context\":\"https:\/\/schema.org\",\"@graph\":[{\"@type\":\"WebPage\",\"@id\":\"https:\/\/cannasmart.ch\/de\/produit\/gepresste-cbd-bluetenpollen-5g\/\",\"url\":\"https:\/\/cannasmart.ch\/de\/produit\/gepresste-cbd-bluetenpollen-5g\/\",\"name\":\"Gepresste CBD-Bl\u00fctenpollen 5g - CannaSmart.ch\",\"isPartOf\":{\"@id\":\"https:\/\/cannasmart.ch\/de\/#website\"},\"primaryImageOfPage\":{\"@id\":\"https:\/\/cannasmart.ch\/de\/produit\/gepresste-cbd-bluetenpollen-5g\/#primaryimage\"},\"image\":{\"@id\":\"https:\/\/cannasmart.ch\/de\/produit\/gepresste-cbd-bluetenpollen-5g\/#primaryimage\"},\"thumbnailUrl\":\"https:\/\/cannasmart.ch\/wp-content\/uploads\/2024\/08\/CannaSmart-5g.png\",\"datePublished\":\"2024-08-13T11:49:19+00:00\",\"dateModified\":\"2025-02-02T19:28:07+00:00\",\"breadcrumb\":{\"@id\":\"https:\/\/cannasmart.ch\/de\/produit\/gepresste-cbd-bluetenpollen-5g\/#breadcrumb\"},\"inLanguage\":\"de-DE\",\"potentialAction\":[{\"@type\":\"ReadAction\",\"target\":[\"https:\/\/cannasmart.ch\/de\/produit\/gepresste-cbd-bluetenpollen-5g\/\"]}]},{\"@type\":\"ImageObject\",\"inLanguage\":\"de-DE\",\"@id\":\"https:\/\/cannasmart.ch\/de\/produit\/gepresste-cbd-bluetenpollen-5g\/#primaryimage\",\"url\":\"https:\/\/cannasmart.ch\/wp-content\/uploads\/2024\/08\/CannaSmart-5g.png\",\"contentUrl\":\"https:\/\/cannasmart.ch\/wp-content\/uploads\/2024\/08\/CannaSmart-5g.png\",\"width\":1280,\"height\":1280},{\"@type\":\"BreadcrumbList\",\"@id\":\"https:\/\/cannasmart.ch\/de\/produit\/gepresste-cbd-bluetenpollen-5g\/#breadcrumb\",\"itemListElement\":[{\"@type\":\"ListItem\",\"position\":1,\"name\":\"Accueil\",\"item\":\"https:\/\/cannasmart.ch\/de\/startseite\/?lang=de\"},{\"@type\":\"ListItem\",\"position\":2,\"name\":\"Shop\",\"item\":\"https:\/\/cannasmart.ch\/boutique\/\"},{\"@type\":\"ListItem\",\"position\":3,\"name\":\"Gepresste CBD-Bl\u00fctenpollen 5g\"}]},{\"@type\":\"WebSite\",\"@id\":\"https:\/\/cannasmart.ch\/de\/#website\",\"url\":\"https:\/\/cannasmart.ch\/de\/\",\"name\":\"CannaSmart.ch\",\"description\":\"Produits de CBD artisanaux\",\"publisher\":{\"@id\":\"https:\/\/cannasmart.ch\/de\/#organization\"},\"potentialAction\":[{\"@type\":\"SearchAction\",\"target\":{\"@type\":\"EntryPoint\",\"urlTemplate\":\"https:\/\/cannasmart.ch\/de\/?s={search_term_string}\"},\"query-input\":{\"@type\":\"PropertyValueSpecification\",\"valueRequired\":true,\"valueName\":\"search_term_string\"}}],\"inLanguage\":\"de-DE\"},{\"@type\":\"Organization\",\"@id\":\"https:\/\/cannasmart.ch\/de\/#organization\",\"name\":\"CannaSmart.ch\",\"url\":\"https:\/\/cannasmart.ch\/de\/\",\"logo\":{\"@type\":\"ImageObject\",\"inLanguage\":\"de-DE\",\"@id\":\"https:\/\/cannasmart.ch\/de\/#\/schema\/logo\/image\/\",\"url\":\"https:\/\/cannasmart.ch\/wp-content\/uploads\/2025\/09\/CS_Logo_V1.png\",\"contentUrl\":\"https:\/\/cannasmart.ch\/wp-content\/uploads\/2025\/09\/CS_Logo_V1.png\",\"width\":2000,\"height\":2000,\"caption\":\"CannaSmart.ch\"},\"image\":{\"@id\":\"https:\/\/cannasmart.ch\/de\/#\/schema\/logo\/image\/\"},\"sameAs\":[\"https:\/\/www.instagram.com\/cannasmart.ch\/\"]}]}<\/script>\n<!-- \/ Yoast SEO plugin. -->","yoast_head_json":{"title":"Gepresste CBD-Bl\u00fctenpollen 5g - CannaSmart.ch","robots":{"index":"index","follow":"follow","max-snippet":"max-snippet:-1","max-image-preview":"max-image-preview:large","max-video-preview":"max-video-preview:-1"},"canonical":"https:\/\/cannasmart.ch\/de\/produit\/gepresste-cbd-bluetenpollen-5g\/","og_locale":"de_DE","og_type":"article","og_title":"Gepresste CBD-Bl\u00fctenpollen 5g - CannaSmart.ch","og_description":"Gepresste CBD Pollen - 5g Genie\u00dfen Sie einen Premium CBD-Pollen, der aus Strawberry-, NLX- und Mango Rambo-Bl\u00fcten gepresst wurde. Dieses handgefertigte Konzentrat bietet eine tiefe Entspannung mit reichen und nat\u00fcrlichen Aromen. Perfekt f\u00fcr CBD-Liebhaber, die ein hochwertiges Erlebnis suchen.","og_url":"https:\/\/cannasmart.ch\/de\/produit\/gepresste-cbd-bluetenpollen-5g\/","og_site_name":"CannaSmart.ch","article_modified_time":"2025-02-02T19:28:07+00:00","og_image":[{"width":1280,"height":1280,"url":"https:\/\/cannasmart.ch\/wp-content\/uploads\/2024\/08\/CannaSmart-5g.png","type":"image\/png"}],"twitter_card":"summary_large_image","twitter_misc":{"Gesch\u00e4tzte Lesezeit":"2 minutes"},"schema":{"@context":"https:\/\/schema.org","@graph":[{"@type":"WebPage","@id":"https:\/\/cannasmart.ch\/de\/produit\/gepresste-cbd-bluetenpollen-5g\/","url":"https:\/\/cannasmart.ch\/de\/produit\/gepresste-cbd-bluetenpollen-5g\/","name":"Gepresste CBD-Bl\u00fctenpollen 5g - CannaSmart.ch","isPartOf":{"@id":"https:\/\/cannasmart.ch\/de\/#website"},"primaryImageOfPage":{"@id":"https:\/\/cannasmart.ch\/de\/produit\/gepresste-cbd-bluetenpollen-5g\/#primaryimage"},"image":{"@id":"https:\/\/cannasmart.ch\/de\/produit\/gepresste-cbd-bluetenpollen-5g\/#primaryimage"},"thumbnailUrl":"https:\/\/cannasmart.ch\/wp-content\/uploads\/2024\/08\/CannaSmart-5g.png","datePublished":"2024-08-13T11:49:19+00:00","dateModified":"2025-02-02T19:28:07+00:00","breadcrumb":{"@id":"https:\/\/cannasmart.ch\/de\/produit\/gepresste-cbd-bluetenpollen-5g\/#breadcrumb"},"inLanguage":"de-DE","potentialAction":[{"@type":"ReadAction","target":["https:\/\/cannasmart.ch\/de\/produit\/gepresste-cbd-bluetenpollen-5g\/"]}]},{"@type":"ImageObject","inLanguage":"de-DE","@id":"https:\/\/cannasmart.ch\/de\/produit\/gepresste-cbd-bluetenpollen-5g\/#primaryimage","url":"https:\/\/cannasmart.ch\/wp-content\/uploads\/2024\/08\/CannaSmart-5g.png","contentUrl":"https:\/\/cannasmart.ch\/wp-content\/uploads\/2024\/08\/CannaSmart-5g.png","width":1280,"height":1280},{"@type":"BreadcrumbList","@id":"https:\/\/cannasmart.ch\/de\/produit\/gepresste-cbd-bluetenpollen-5g\/#breadcrumb","itemListElement":[{"@type":"ListItem","position":1,"name":"Accueil","item":"https:\/\/cannasmart.ch\/de\/startseite\/?lang=de"},{"@type":"ListItem","position":2,"name":"Shop","item":"https:\/\/cannasmart.ch\/boutique\/"},{"@type":"ListItem","position":3,"name":"Gepresste CBD-Bl\u00fctenpollen 5g"}]},{"@type":"WebSite","@id":"https:\/\/cannasmart.ch\/de\/#website","url":"https:\/\/cannasmart.ch\/de\/","name":"CannaSmart.ch","description":"Produits de CBD artisanaux","publisher":{"@id":"https:\/\/cannasmart.ch\/de\/#organization"},"potentialAction":[{"@type":"SearchAction","target":{"@type":"EntryPoint","urlTemplate":"https:\/\/cannasmart.ch\/de\/?s={search_term_string}"},"query-input":{"@type":"PropertyValueSpecification","valueRequired":true,"valueName":"search_term_string"}}],"inLanguage":"de-DE"},{"@type":"Organization","@id":"https:\/\/cannasmart.ch\/de\/#organization","name":"CannaSmart.ch","url":"https:\/\/cannasmart.ch\/de\/","logo":{"@type":"ImageObject","inLanguage":"de-DE","@id":"https:\/\/cannasmart.ch\/de\/#\/schema\/logo\/image\/","url":"https:\/\/cannasmart.ch\/wp-content\/uploads\/2025\/09\/CS_Logo_V1.png","contentUrl":"https:\/\/cannasmart.ch\/wp-content\/uploads\/2025\/09\/CS_Logo_V1.png","width":2000,"height":2000,"caption":"CannaSmart.ch"},"image":{"@id":"https:\/\/cannasmart.ch\/de\/#\/schema\/logo\/image\/"},"sameAs":["https:\/\/www.instagram.com\/cannasmart.ch\/"]}]}},"_links":{"self":[{"href":"https:\/\/cannasmart.ch\/de\/wp-json\/wp\/v2\/product\/43829","targetHints":{"allow":["GET"]}}],"collection":[{"href":"https:\/\/cannasmart.ch\/de\/wp-json\/wp\/v2\/product"}],"about":[{"href":"https:\/\/cannasmart.ch\/de\/wp-json\/wp\/v2\/types\/product"}],"replies":[{"embeddable":true,"href":"https:\/\/cannasmart.ch\/de\/wp-json\/wp\/v2\/comments?post=43829"}],"wp:featuredmedia":[{"embeddable":true,"href":"https:\/\/cannasmart.ch\/de\/wp-json\/wp\/v2\/media\/43718"}],"wp:attachment":[{"href":"https:\/\/cannasmart.ch\/de\/wp-json\/wp\/v2\/media?parent=43829"}],"wp:term":[{"taxonomy":"product_brand","embeddable":true,"href":"https:\/\/cannasmart.ch\/de\/wp-json\/wp\/v2\/product_brand?post=43829"},{"taxonomy":"product_cat","embeddable":true,"href":"https:\/\/cannasmart.ch\/de\/wp-json\/wp\/v2\/product_cat?post=43829"},{"taxonomy":"product_tag","embeddable":true,"href":"https:\/\/cannasmart.ch\/de\/wp-json\/wp\/v2\/product_tag?post=43829"}],"curies":[{"name":"wp","href":"https:\/\/api.w.org\/{rel}","templated":true}]}}