{"id":43828,"date":"2024-08-15T07:00:53","date_gmt":"2024-08-15T05:00:53","guid":{"rendered":"https:\/\/cannasmart.ch\/produit\/kraeuter-und-hanftee\/"},"modified":"2025-04-21T18:03:20","modified_gmt":"2025-04-21T16:03:20","slug":"kraeuter-und-hanftee","status":"publish","type":"product","link":"https:\/\/cannasmart.ch\/de\/produit\/kraeuter-und-hanftee\/","title":{"rendered":"Kr\u00e4uter- und Hanftee"},"content":{"rendered":"<div class=\"flex-shrink-0 flex flex-col relative items-end\">\n<div class=\"pt-0\">\n<div class=\"gizmo-bot-avatar flex h-8 w-8 items-center justify-center overflow-hidden rounded-full\">\n<div class=\"relative p-1 rounded-sm flex items-center justify-center bg-token-main-surface-primary text-token-text-primary h-8 w-8\">\n<p>&nbsp;<\/p>\n<p><strong><span style=\"vertical-align: inherit;\"><span style=\"vertical-align: inherit;\"><span style=\"vertical-align: inherit;\"><span style=\"vertical-align: inherit;\">French:<\/span><\/span><\/span><\/span><\/strong><\/p>\n<p><span style=\"vertical-align: inherit;\"><span style=\"vertical-align: inherit;\"><span style=\"vertical-align: inherit;\"><span style=\"vertical-align: inherit;\">Entdecken Sie Adelli hemp herbal tea in einer 30-Gramm-Packung, eine hochwertige Kombination von Zutaten, die ausschlie\u00dflich aus der Schweiz stammen. Dieser Tee ist nicht nur frei von Konservierungsstoffen und k\u00fcnstlichen Aromen, sondern f\u00f6rdert auch den nat\u00fcrlichen Schlaf. <\/span><\/span><\/span><\/span><\/p>\n<p><em><span style=\"vertical-align: inherit;\"><span style=\"vertical-align: inherit;\"><span style=\"vertical-align: inherit;\"><span style=\"vertical-align: inherit;\">Zutaten:<\/span><\/span><\/span><\/span><\/em><span style=\"vertical-align: inherit;\"><span style=\"vertical-align: inherit;\"><span style=\"vertical-align: inherit;\"><span style=\"vertical-align: inherit;\"> Handsortierte Schweizer Hemp Leaves, Birch Leaves, Hawthorn, Marigold, Elderflower und Cornflower, alle aus der Schweiz.<\/span><\/span><\/span><\/span><\/p>\n<p><em><span style=\"vertical-align: inherit;\"><span style=\"vertical-align: inherit;\"><span style=\"vertical-align: inherit;\"><span style=\"vertical-align: inherit;\">Vorbereitung:<\/span><\/span><\/span><\/span><\/em><span style=\"vertical-align: inherit;\"><span style=\"vertical-align: inherit;\"><span style=\"vertical-align: inherit;\"><span style=\"vertical-align: inherit;\">  Geben Sie 1 Teaspoon der Zubereitung auf 2 dl hei\u00dfes Wasser. Lassen Sie den Tee 8 bis 10 Minuten ziehen und genie\u00dfen Sie ihn. Dieser Tee enth\u00e4lt nat\u00fcrliche Wirkstoffe, die den Schlaf f\u00f6rdern, damit Sie leichter einschlafen k\u00f6nnen.  <\/span><\/span><\/span><\/span><\/p>\n<p><strong><span style=\"vertical-align: inherit;\"><span style=\"vertical-align: inherit;\"><span style=\"vertical-align: inherit;\"><span style=\"vertical-align: inherit;\">German:<\/span><\/span><\/span><\/span><\/strong><\/p>\n<p><span style=\"vertical-align: inherit;\"><span style=\"vertical-align: inherit;\"><span style=\"vertical-align: inherit;\"><span style=\"vertical-align: inherit;\">Entdecken Sie das Adelli Hanf\u00e4utertee in der 30-Gramm-Packung &#8211; eine Mischung aus hochwertigen Zutaten, die vollst\u00e4ndig aus der Schweiz stammen. Dieser Tee ist nur frei von Konservierungsstoffen und k\u00fcnstlichen Aromen, sondern unterst\u00fctzt auch auf nat\u00fcrliche Weise beim Einschlafen. <\/span><\/span><\/span><\/span><\/p>\n<p><em><span style=\"vertical-align: inherit;\"><span style=\"vertical-align: inherit;\"><span style=\"vertical-align: inherit;\"><span style=\"vertical-align: inherit;\">Zutaten:<\/span><\/span><\/span><\/span><\/em><span style=\"vertical-align: inherit;\"><span style=\"vertical-align: inherit;\"><span style=\"vertical-align: inherit;\"><span style=\"vertical-align: inherit;\"> Handverlesene Schweizer Hanfbl\u00e4tter, Birkenbl\u00e4tter, Wei\u00dfdorn, Ringelbl\u00fcme, Holunderbl\u00fcten und Kornblume.<\/span><\/span><\/span><\/span><\/p>\n<p><em><span style=\"vertical-align: inherit;\"><span style=\"vertical-align: inherit;\"><span style=\"vertical-align: inherit;\"><span style=\"vertical-align: inherit;\">Beschreibung:<\/span><\/span><\/span><\/span><\/em><span style=\"vertical-align: inherit;\"><span style=\"vertical-align: inherit;\"><span style=\"vertical-align: inherit;\"><span style=\"vertical-align: inherit;\">  For a perfect cup 1 teacup of mischung in 2 dl hei\u00dfem Wasser ziehen lassen. 8 bis 10 Minuten werden m\u00fcde und k\u00fchl sein. Dieser Tee enth\u00e4lt nat\u00fcrliche, schlaff\u00f6rdernde Inhaltsstoffe, die Ihnen helfen, entspannter einzuschlafen.  <\/span><\/span><\/span><\/span><\/p>\n<p><strong><span style=\"vertical-align: inherit;\"><span style=\"vertical-align: inherit;\"><span style=\"vertical-align: inherit;\"><span style=\"vertical-align: inherit;\">English:<\/span><\/span><\/span><\/span><\/strong><\/p>\n<p><span style=\"vertical-align: inherit;\"><span style=\"vertical-align: inherit;\"><span style=\"vertical-align: inherit;\"><span style=\"vertical-align: inherit;\">Entdecken Sie Adelli Hemp Herbal Tea in einer 30-gram Packung, eine Mischung aus hochwertigen Zutaten, die ausschlie\u00dflich aus der Schweiz stammen. Dieser Tee ist frei von Konservierungsstoffen und k\u00fcnstlichen Aromen und hilft auf nat\u00fcrliche Weise, einen besseren Schlaf zu f\u00f6rdern. <\/span><\/span><\/span><\/span><\/p>\n<p><em><span style=\"vertical-align: inherit;\"><span style=\"vertical-align: inherit;\"><span style=\"vertical-align: inherit;\"><span style=\"vertical-align: inherit;\">Zutaten:<\/span><\/span><\/span><\/span><\/em><span style=\"vertical-align: inherit;\"><span style=\"vertical-align: inherit;\"><span style=\"vertical-align: inherit;\"><span style=\"vertical-align: inherit;\"> Handsortierte Schweizer Hopfenbl\u00e4tter, Birkenbl\u00e4tter, Habichtskraut, Calendula, Eberesche und Kornblume.<\/span><\/span><\/span><\/span><\/p>\n<p><em><span style=\"vertical-align: inherit;\"><span style=\"vertical-align: inherit;\"><span style=\"vertical-align: inherit;\"><span style=\"vertical-align: inherit;\">Vorbereitung:<\/span><\/span><\/span><\/span><\/em><span style=\"vertical-align: inherit;\"><span style=\"vertical-align: inherit;\"><span style=\"vertical-align: inherit;\"><span style=\"vertical-align: inherit;\">  Geben Sie 1 Teaspoon der Mischung auf 2 dl hei\u00dfes Wasser. Lassen Sie den Tee 8 bis 10 Minuten lang stehen und genie\u00dfen Sie ihn. Dieser Tee enth\u00e4lt nat\u00fcrliche Schlaf f\u00f6rdernde Mittel, die Ihnen helfen, leichter einzuschlafen.  <\/span><\/span><\/span><\/span><\/p>\n<p>&nbsp;<\/p>\n<\/div>\n<\/div>\n<\/div>\n<\/div>\n","protected":false},"excerpt":{"rendered":"<p>Entdecken Sie unseren k\u00f6stlichen Hanftee, einen beruhigenden und nat\u00fcrlichen Kr\u00e4utertee. Unser Kr\u00e4utertee wird nachhaltig angebaut und ist reich an entspannenden Aromen und wohltuenden Vorteilen. Genie\u00dfen Sie mit jedem Schluck einen Moment der Entspannung. Kaufen Sie jetzt Ihren Premium-Hanf-Tee!   <\/p>\n","protected":false},"featured_media":43716,"comment_status":"open","ping_status":"closed","template":"","meta":{"_et_pb_use_builder":"","_et_pb_old_content":"","_et_gb_content_width":""},"product_brand":[],"product_cat":[61],"product_tag":[],"class_list":{"0":"post-43828","1":"product","2":"type-product","3":"status-publish","4":"has-post-thumbnail","6":"product_cat-gesundheit-und-wohlbefinden","8":"first","9":"instock","10":"shipping-taxable","11":"purchasable","12":"product-type-simple"},"yoast_head":"<!-- This site is optimized with the Yoast SEO plugin v26.0 - https:\/\/yoast.com\/wordpress\/plugins\/seo\/ -->\n<title>Schweizer Hanf Kr\u00e4utertee - Jetzt kaufen - CannaSmart.ch<\/title>\n<meta name=\"description\" content=\"Genie\u00dfen Sie unseren Schweizer Hanftee, einen feinen und beruhigenden Kr\u00e4utertee. Ideal zum Entspannen. Bestellen Sie noch heute f\u00fcr ein einzigartiges Erlebnis!\" \/>\n<meta name=\"robots\" content=\"index, follow, max-snippet:-1, max-image-preview:large, max-video-preview:-1\" \/>\n<link rel=\"canonical\" href=\"https:\/\/cannasmart.ch\/de\/produit\/kraeuter-und-hanftee\/\" \/>\n<meta property=\"og:locale\" content=\"de_DE\" \/>\n<meta property=\"og:type\" content=\"article\" \/>\n<meta property=\"og:title\" content=\"Schweizer Hanf Kr\u00e4utertee - Jetzt kaufen - CannaSmart.ch\" \/>\n<meta property=\"og:description\" content=\"Genie\u00dfen Sie unseren Schweizer Hanftee, einen feinen und beruhigenden Kr\u00e4utertee. Ideal zum Entspannen. Bestellen Sie noch heute f\u00fcr ein einzigartiges Erlebnis!\" \/>\n<meta property=\"og:url\" content=\"https:\/\/cannasmart.ch\/de\/produit\/kraeuter-und-hanftee\/\" \/>\n<meta property=\"og:site_name\" content=\"CannaSmart.ch\" \/>\n<meta property=\"article:modified_time\" content=\"2025-04-21T16:03:20+00:00\" \/>\n<meta property=\"og:image\" content=\"https:\/\/cannasmart.ch\/wp-content\/uploads\/2024\/05\/tisane-de-chanvre.adelli.jpg\" \/>\n\t<meta property=\"og:image:width\" content=\"1280\" \/>\n\t<meta property=\"og:image:height\" content=\"1280\" \/>\n\t<meta property=\"og:image:type\" content=\"image\/jpeg\" \/>\n<meta name=\"twitter:card\" content=\"summary_large_image\" \/>\n<meta name=\"twitter:label1\" content=\"Gesch\u00e4tzte Lesezeit\" \/>\n\t<meta name=\"twitter:data1\" content=\"1 minute\" \/>\n<script type=\"application\/ld+json\" class=\"yoast-schema-graph\">{\"@context\":\"https:\/\/schema.org\",\"@graph\":[{\"@type\":\"WebPage\",\"@id\":\"https:\/\/cannasmart.ch\/de\/produit\/kraeuter-und-hanftee\/\",\"url\":\"https:\/\/cannasmart.ch\/de\/produit\/kraeuter-und-hanftee\/\",\"name\":\"Schweizer Hanf Kr\u00e4utertee - Jetzt kaufen - CannaSmart.ch\",\"isPartOf\":{\"@id\":\"https:\/\/cannasmart.ch\/de\/#website\"},\"primaryImageOfPage\":{\"@id\":\"https:\/\/cannasmart.ch\/de\/produit\/kraeuter-und-hanftee\/#primaryimage\"},\"image\":{\"@id\":\"https:\/\/cannasmart.ch\/de\/produit\/kraeuter-und-hanftee\/#primaryimage\"},\"thumbnailUrl\":\"https:\/\/cannasmart.ch\/wp-content\/uploads\/2024\/05\/tisane-de-chanvre.adelli.jpg\",\"datePublished\":\"2024-08-15T05:00:53+00:00\",\"dateModified\":\"2025-04-21T16:03:20+00:00\",\"description\":\"Genie\u00dfen Sie unseren Schweizer Hanftee, einen feinen und beruhigenden Kr\u00e4utertee. Ideal zum Entspannen. Bestellen Sie noch heute f\u00fcr ein einzigartiges Erlebnis!\",\"breadcrumb\":{\"@id\":\"https:\/\/cannasmart.ch\/de\/produit\/kraeuter-und-hanftee\/#breadcrumb\"},\"inLanguage\":\"de-DE\",\"potentialAction\":[{\"@type\":\"ReadAction\",\"target\":[\"https:\/\/cannasmart.ch\/de\/produit\/kraeuter-und-hanftee\/\"]}]},{\"@type\":\"ImageObject\",\"inLanguage\":\"de-DE\",\"@id\":\"https:\/\/cannasmart.ch\/de\/produit\/kraeuter-und-hanftee\/#primaryimage\",\"url\":\"https:\/\/cannasmart.ch\/wp-content\/uploads\/2024\/05\/tisane-de-chanvre.adelli.jpg\",\"contentUrl\":\"https:\/\/cannasmart.ch\/wp-content\/uploads\/2024\/05\/tisane-de-chanvre.adelli.jpg\",\"width\":1280,\"height\":1280,\"caption\":\"der beste Hanftee ist die\"},{\"@type\":\"BreadcrumbList\",\"@id\":\"https:\/\/cannasmart.ch\/de\/produit\/kraeuter-und-hanftee\/#breadcrumb\",\"itemListElement\":[{\"@type\":\"ListItem\",\"position\":1,\"name\":\"Accueil\",\"item\":\"https:\/\/cannasmart.ch\/de\/startseite\/?lang=de\"},{\"@type\":\"ListItem\",\"position\":2,\"name\":\"Shop\",\"item\":\"https:\/\/cannasmart.ch\/boutique\/\"},{\"@type\":\"ListItem\",\"position\":3,\"name\":\"Kr\u00e4uter- und Hanftee\"}]},{\"@type\":\"WebSite\",\"@id\":\"https:\/\/cannasmart.ch\/de\/#website\",\"url\":\"https:\/\/cannasmart.ch\/de\/\",\"name\":\"CannaSmart.ch\",\"description\":\"Produits de CBD artisanaux\",\"publisher\":{\"@id\":\"https:\/\/cannasmart.ch\/de\/#organization\"},\"potentialAction\":[{\"@type\":\"SearchAction\",\"target\":{\"@type\":\"EntryPoint\",\"urlTemplate\":\"https:\/\/cannasmart.ch\/de\/?s={search_term_string}\"},\"query-input\":{\"@type\":\"PropertyValueSpecification\",\"valueRequired\":true,\"valueName\":\"search_term_string\"}}],\"inLanguage\":\"de-DE\"},{\"@type\":\"Organization\",\"@id\":\"https:\/\/cannasmart.ch\/de\/#organization\",\"name\":\"CannaSmart.ch\",\"url\":\"https:\/\/cannasmart.ch\/de\/\",\"logo\":{\"@type\":\"ImageObject\",\"inLanguage\":\"de-DE\",\"@id\":\"https:\/\/cannasmart.ch\/de\/#\/schema\/logo\/image\/\",\"url\":\"https:\/\/cannasmart.ch\/wp-content\/uploads\/2025\/09\/CS_Logo_V1.png\",\"contentUrl\":\"https:\/\/cannasmart.ch\/wp-content\/uploads\/2025\/09\/CS_Logo_V1.png\",\"width\":2000,\"height\":2000,\"caption\":\"CannaSmart.ch\"},\"image\":{\"@id\":\"https:\/\/cannasmart.ch\/de\/#\/schema\/logo\/image\/\"},\"sameAs\":[\"https:\/\/www.instagram.com\/cannasmart.ch\/\"]}]}<\/script>\n<!-- \/ Yoast SEO plugin. -->","yoast_head_json":{"title":"Schweizer Hanf Kr\u00e4utertee - Jetzt kaufen - CannaSmart.ch","description":"Genie\u00dfen Sie unseren Schweizer Hanftee, einen feinen und beruhigenden Kr\u00e4utertee. Ideal zum Entspannen. Bestellen Sie noch heute f\u00fcr ein einzigartiges Erlebnis!","robots":{"index":"index","follow":"follow","max-snippet":"max-snippet:-1","max-image-preview":"max-image-preview:large","max-video-preview":"max-video-preview:-1"},"canonical":"https:\/\/cannasmart.ch\/de\/produit\/kraeuter-und-hanftee\/","og_locale":"de_DE","og_type":"article","og_title":"Schweizer Hanf Kr\u00e4utertee - Jetzt kaufen - CannaSmart.ch","og_description":"Genie\u00dfen Sie unseren Schweizer Hanftee, einen feinen und beruhigenden Kr\u00e4utertee. Ideal zum Entspannen. Bestellen Sie noch heute f\u00fcr ein einzigartiges Erlebnis!","og_url":"https:\/\/cannasmart.ch\/de\/produit\/kraeuter-und-hanftee\/","og_site_name":"CannaSmart.ch","article_modified_time":"2025-04-21T16:03:20+00:00","og_image":[{"width":1280,"height":1280,"url":"https:\/\/cannasmart.ch\/wp-content\/uploads\/2024\/05\/tisane-de-chanvre.adelli.jpg","type":"image\/jpeg"}],"twitter_card":"summary_large_image","twitter_misc":{"Gesch\u00e4tzte Lesezeit":"1 minute"},"schema":{"@context":"https:\/\/schema.org","@graph":[{"@type":"WebPage","@id":"https:\/\/cannasmart.ch\/de\/produit\/kraeuter-und-hanftee\/","url":"https:\/\/cannasmart.ch\/de\/produit\/kraeuter-und-hanftee\/","name":"Schweizer Hanf Kr\u00e4utertee - Jetzt kaufen - CannaSmart.ch","isPartOf":{"@id":"https:\/\/cannasmart.ch\/de\/#website"},"primaryImageOfPage":{"@id":"https:\/\/cannasmart.ch\/de\/produit\/kraeuter-und-hanftee\/#primaryimage"},"image":{"@id":"https:\/\/cannasmart.ch\/de\/produit\/kraeuter-und-hanftee\/#primaryimage"},"thumbnailUrl":"https:\/\/cannasmart.ch\/wp-content\/uploads\/2024\/05\/tisane-de-chanvre.adelli.jpg","datePublished":"2024-08-15T05:00:53+00:00","dateModified":"2025-04-21T16:03:20+00:00","description":"Genie\u00dfen Sie unseren Schweizer Hanftee, einen feinen und beruhigenden Kr\u00e4utertee. Ideal zum Entspannen. Bestellen Sie noch heute f\u00fcr ein einzigartiges Erlebnis!","breadcrumb":{"@id":"https:\/\/cannasmart.ch\/de\/produit\/kraeuter-und-hanftee\/#breadcrumb"},"inLanguage":"de-DE","potentialAction":[{"@type":"ReadAction","target":["https:\/\/cannasmart.ch\/de\/produit\/kraeuter-und-hanftee\/"]}]},{"@type":"ImageObject","inLanguage":"de-DE","@id":"https:\/\/cannasmart.ch\/de\/produit\/kraeuter-und-hanftee\/#primaryimage","url":"https:\/\/cannasmart.ch\/wp-content\/uploads\/2024\/05\/tisane-de-chanvre.adelli.jpg","contentUrl":"https:\/\/cannasmart.ch\/wp-content\/uploads\/2024\/05\/tisane-de-chanvre.adelli.jpg","width":1280,"height":1280,"caption":"der beste Hanftee ist die"},{"@type":"BreadcrumbList","@id":"https:\/\/cannasmart.ch\/de\/produit\/kraeuter-und-hanftee\/#breadcrumb","itemListElement":[{"@type":"ListItem","position":1,"name":"Accueil","item":"https:\/\/cannasmart.ch\/de\/startseite\/?lang=de"},{"@type":"ListItem","position":2,"name":"Shop","item":"https:\/\/cannasmart.ch\/boutique\/"},{"@type":"ListItem","position":3,"name":"Kr\u00e4uter- und Hanftee"}]},{"@type":"WebSite","@id":"https:\/\/cannasmart.ch\/de\/#website","url":"https:\/\/cannasmart.ch\/de\/","name":"CannaSmart.ch","description":"Produits de CBD artisanaux","publisher":{"@id":"https:\/\/cannasmart.ch\/de\/#organization"},"potentialAction":[{"@type":"SearchAction","target":{"@type":"EntryPoint","urlTemplate":"https:\/\/cannasmart.ch\/de\/?s={search_term_string}"},"query-input":{"@type":"PropertyValueSpecification","valueRequired":true,"valueName":"search_term_string"}}],"inLanguage":"de-DE"},{"@type":"Organization","@id":"https:\/\/cannasmart.ch\/de\/#organization","name":"CannaSmart.ch","url":"https:\/\/cannasmart.ch\/de\/","logo":{"@type":"ImageObject","inLanguage":"de-DE","@id":"https:\/\/cannasmart.ch\/de\/#\/schema\/logo\/image\/","url":"https:\/\/cannasmart.ch\/wp-content\/uploads\/2025\/09\/CS_Logo_V1.png","contentUrl":"https:\/\/cannasmart.ch\/wp-content\/uploads\/2025\/09\/CS_Logo_V1.png","width":2000,"height":2000,"caption":"CannaSmart.ch"},"image":{"@id":"https:\/\/cannasmart.ch\/de\/#\/schema\/logo\/image\/"},"sameAs":["https:\/\/www.instagram.com\/cannasmart.ch\/"]}]}},"_links":{"self":[{"href":"https:\/\/cannasmart.ch\/de\/wp-json\/wp\/v2\/product\/43828","targetHints":{"allow":["GET"]}}],"collection":[{"href":"https:\/\/cannasmart.ch\/de\/wp-json\/wp\/v2\/product"}],"about":[{"href":"https:\/\/cannasmart.ch\/de\/wp-json\/wp\/v2\/types\/product"}],"replies":[{"embeddable":true,"href":"https:\/\/cannasmart.ch\/de\/wp-json\/wp\/v2\/comments?post=43828"}],"wp:featuredmedia":[{"embeddable":true,"href":"https:\/\/cannasmart.ch\/de\/wp-json\/wp\/v2\/media\/43716"}],"wp:attachment":[{"href":"https:\/\/cannasmart.ch\/de\/wp-json\/wp\/v2\/media?parent=43828"}],"wp:term":[{"taxonomy":"product_brand","embeddable":true,"href":"https:\/\/cannasmart.ch\/de\/wp-json\/wp\/v2\/product_brand?post=43828"},{"taxonomy":"product_cat","embeddable":true,"href":"https:\/\/cannasmart.ch\/de\/wp-json\/wp\/v2\/product_cat?post=43828"},{"taxonomy":"product_tag","embeddable":true,"href":"https:\/\/cannasmart.ch\/de\/wp-json\/wp\/v2\/product_tag?post=43828"}],"curies":[{"name":"wp","href":"https:\/\/api.w.org\/{rel}","templated":true}]}}