{"id":43826,"date":"2024-08-13T13:52:03","date_gmt":"2024-08-13T11:52:03","guid":{"rendered":"https:\/\/cannasmart.ch\/produit\/gepresste-cbd-bluetenpollen-10g\/"},"modified":"2025-12-11T15:31:10","modified_gmt":"2025-12-11T14:31:10","slug":"gepresste-cbd-bluetenpollen-10g","status":"publish","type":"product","link":"https:\/\/cannasmart.ch\/de\/produit\/gepresste-cbd-bluetenpollen-10g\/","title":{"rendered":"Gepresste CBD-Bl\u00fctenpollen 10g"},"content":{"rendered":"<div class=\"flex-shrink-0 flex flex-col relative items-end\">\n<div class=\"pt-0\">\n<div class=\"gizmo-bot-avatar flex h-8 w-8 items-center justify-center overflow-hidden rounded-full\">\n<div class=\"relative p-1 rounded-sm flex items-center justify-center bg-token-main-surface-primary text-token-text-primary h-8 w-8\">\n<div class=\"flex-shrink-0 flex flex-col relative items-end\">\n<div>\n<div class=\"pt-0\">\n<div class=\"gizmo-bot-avatar flex h-8 w-8 items-center justify-center overflow-hidden rounded-full\">\n<div class=\"relative p-1 rounded-sm flex items-center justify-center bg-token-main-surface-primary text-token-text-primary h-8 w-8\"><\/div>\n<\/div>\n<\/div>\n<\/div>\n<div><\/div>\n<div><strong><span style=\"vertical-align: inherit;\"><span style=\"vertical-align: inherit;\">Franz\u00f6sisch:<\/span><\/span><\/strong><\/div>\n<\/div>\n<div class=\"group\/conversation-turn relative flex w-full min-w-0 flex-col agent-turn\">\n<div class=\"flex-col gap-1 md:gap-3\">\n<div class=\"flex max-w-full flex-col flex-grow\">\n<div class=\"min-h-[20px] text-message flex w-full flex-col items-end gap-2 break-words [.text-message+&amp;]:mt-5 overflow-x-auto whitespace-pre-wrap\" dir=\"auto\" data-message-author-role=\"assistant\" data-message-id=\"9aaeebe8-04f3-4e31-be3b-df5de997a3c7\">\n<div class=\"flex w-full flex-col gap-1 empty:hidden first:pt-[3px]\">\n<div class=\"markdown prose w-full break-words dark:prose-invert light\">\n<p>Entdecken Sie unsere gepressten CBD-Bl\u00fctenpollen, ein Premium-Konzentrat von Cannabinoiden, das f\u00fcr eine tiefe und nat\u00fcrliche Entspannung entwickelt wurde. Dieses handgefertigte Produkt wurde aus einer sorgf\u00e4ltigen Auswahl hochwertiger CBD-Cannabissorten wie Strawberry, NLX und Mango Rambo hergestellt und bietet Ihnen eine Erfahrung, die reich an nat\u00fcrlichen Terpenen und fruchtigen Aromen ist.<\/p>\n<p>Jede Packung enth\u00e4lt 10 g gepressten Pollen, der die Vorteile und den optimalen CBD-Gehalt der Cannabisbl\u00fcten bewahrt. Unsere Pollen werden nach einem traditionellen Verfahren hergestellt, das maximale Reinheit und ein authentisches Erlebnis garantiert.<\/p>\n<hr>\n<\/div>\n<\/div>\n<\/div>\n<\/div>\n<\/div>\n<\/div>\n<p><strong><span style=\"vertical-align: inherit;\"><span style=\"vertical-align: inherit;\">Deutsch:<\/span><\/span><\/strong><\/p>\n<p><span style=\"vertical-align: inherit;\"><span style=\"vertical-align: inherit;\">Entdecken Sie jepresstes CBD-Bl\u00fctenpollen, ein hochwertiges Konzentr\u00e1t an Cannabinoiden, das f\u00fcr tiefe und nat\u00fcrliche Entspannung sorgt. Dieses handwerklich hergestellte Produkt stammt aus einer sorgf\u00e4ltigen Auswahl hochwertiger CBD-Cannabis-Sorten wie Strawberry, NLX und Mango Rambo. Sie werden in der Lage sein, die besten Aromen und frischen Geschmacksrichtungen in ihre M\u00fcnder zu bringen und diese sowie ihre nat\u00fcrlichen Inhaltsstoffe zu garantieren.  <\/span><\/span><\/p>\n<p><span style=\"vertical-align: inherit;\"><span style=\"vertical-align: inherit;\">Ich verpacke 10g Pollen, der den gesamten Wirbel der Cannabisbl\u00fcten enth\u00e4lt und optimal CBD-konzentriert ist. Ideal f\u00fcr alle, die einen so starken Start haben und die erstklassige Qualit\u00e4t von CBD sehr gut ist. Das Pollen wird nach traditioneller Methode hergestellt, was maximale Reinheit und ein authentisches Konsumerlebnis sichert.  <\/span><\/span><\/p>\n<hr>\n<p><strong><span style=\"vertical-align: inherit;\"><span style=\"vertical-align: inherit;\">English:<\/span><\/span><\/strong><\/p>\n<p><span style=\"vertical-align: inherit;\"><span style=\"vertical-align: inherit;\">Entdecken Sie unsere gepressten CBD-Bl\u00fctenpollen, ein Premium-Konzentrat von Cannabinoiden, ideal f\u00fcr eine tiefe, nat\u00fcrliche Entspannung. Dieses handgefertigte Produkt wird aus einer sorgf\u00e4ltig ausgew\u00e4hlten Reihe von hochwertigen CBD Cannabis-Strains hergestellt: Strawberry, NLX und Mango Rambo. Jede Sorte bietet ihre eigenen fruchtigen Aromen und einzigartigen Vorteile und sorgt f\u00fcr ein ausgewogenes Erlebnis, das reich an nat\u00fcrlichen Terpenen ist.  <\/span><\/span><\/p>\n<p><span style=\"vertical-align: inherit;\"><span style=\"vertical-align: inherit;\">Jede Packung enth\u00e4lt 10g gepresste Pollen, die alle Vorteile der Cannabisbl\u00fcten mit einer optimalen CBD-Konzentration enthalten. Perfekt f\u00fcr alle, die einen starken Entspannungseffekt suchen und gleichzeitig die h\u00f6chste CBD-Qualit\u00e4t genie\u00dfen wollen. Die Pollen werden nach traditionellen Methoden hergestellt, um maximale Reinheit und ein authentisches Konsumerlebnis zu gew\u00e4hrleisten.  <\/span><\/span><\/p>\n<\/div>\n<\/div>\n<\/div>\n<\/div>\n<p><img loading=\"lazy\" decoding=\"async\" class=\"alignnone size-thumbnail wp-image-43076 lazyload\" data-src=\"https:\/\/cannasmart.ch\/wp-content\/uploads\/2024\/08\/CannaSmart10g-150x150.png\" alt=\"\" width=\"150\" height=\"150\" src=\"data:image\/gif;base64,R0lGODlhAQABAAAAACH5BAEKAAEALAAAAAABAAEAAAICTAEAOw==\" style=\"--smush-placeholder-width: 150px; --smush-placeholder-aspect-ratio: 150\/150;\"><noscript><img loading=\"lazy\" decoding=\"async\" class=\"alignnone size-thumbnail wp-image-43076\" src=\"https:\/\/cannasmart.ch\/wp-content\/uploads\/2024\/08\/CannaSmart10g-150x150.png\" alt=\"\" width=\"150\" height=\"150\"><\/noscript><\/p>\n","protected":false},"excerpt":{"rendered":"<p><strong><span style=\"vertical-align: inherit;\"><span style=\"vertical-align: inherit;\">Gepresste CBD Pollen &#8211; 10g<\/span><\/span><\/strong><\/p>\n<p><span style=\"vertical-align: inherit;\"><span style=\"vertical-align: inherit;\">Genie\u00dfen Sie Premium CBD Pollen, gepresst aus <\/span><\/span><em><span style=\"vertical-align: inherit;\"><span style=\"vertical-align: inherit;\">Strawberry<\/span><\/span><\/em><span style=\"vertical-align: inherit;\"><span style=\"vertical-align: inherit;\"> , <\/span><\/span><em><span style=\"vertical-align: inherit;\"><span style=\"vertical-align: inherit;\">NLX<\/span><\/span><\/em><span style=\"vertical-align: inherit;\"><span style=\"vertical-align: inherit;\"> , und <\/span><\/span><em><span style=\"vertical-align: inherit;\"><span style=\"vertical-align: inherit;\">Mango Rambo<\/span><\/span><\/em><span style=\"vertical-align: inherit;\"><span style=\"vertical-align: inherit;\">  blumen. Dieses handgefertigte Konzentrat bietet tiefe Entspannung mit reichen, nat\u00fcrlichen Aromen. Perfekt f\u00fcr CBD-Liebhaber, die ein hochwertiges Erlebnis suchen.  <\/span><\/span><\/p>\n<p><img loading=\"lazy\" decoding=\"async\" class=\"alignnone size-thumbnail wp-image-43076 lazyload\" data-src=\"https:\/\/cannasmart.ch\/wp-content\/uploads\/2024\/08\/CannaSmart10g-150x150.png\" alt=\"\" width=\"150\" height=\"150\" src=\"data:image\/gif;base64,R0lGODlhAQABAAAAACH5BAEKAAEALAAAAAABAAEAAAICTAEAOw==\" style=\"--smush-placeholder-width: 150px; --smush-placeholder-aspect-ratio: 150\/150;\"><noscript><img loading=\"lazy\" decoding=\"async\" class=\"alignnone size-thumbnail wp-image-43076\" src=\"https:\/\/cannasmart.ch\/wp-content\/uploads\/2024\/08\/CannaSmart10g-150x150.png\" alt=\"\" width=\"150\" height=\"150\"><\/noscript><\/p>\n","protected":false},"featured_media":43719,"comment_status":"open","ping_status":"closed","template":"","meta":{"_et_pb_use_builder":"","_et_pb_old_content":"","_et_gb_content_width":""},"product_brand":[],"product_cat":[52,54],"product_tag":[],"class_list":{"0":"post-43826","1":"product","2":"type-product","3":"status-publish","4":"has-post-thumbnail","6":"product_cat-blumen","7":"product_cat-pollen-de","9":"first","10":"instock","11":"shipping-taxable","12":"purchasable","13":"product-type-simple"},"yoast_head":"<!-- This site is optimized with the Yoast SEO plugin v26.0 - https:\/\/yoast.com\/wordpress\/plugins\/seo\/ -->\n<title>CBD Pollen Premium Schweiz - Kaufen Sie Gepresste Pollen - CannaSmart.ch<\/title>\n<meta name=\"description\" content=\"Kaufen Sie gepresste CBD-Bl\u00fctenpollen in Schweizer Premium-Qualit\u00e4t. Genie\u00dfen Sie die nat\u00fcrlichen Vorteile und die au\u00dfergew\u00f6hnliche Reinheit. Bestellen Sie jetzt!\" \/>\n<meta name=\"robots\" content=\"index, follow, max-snippet:-1, max-image-preview:large, max-video-preview:-1\" \/>\n<link rel=\"canonical\" href=\"https:\/\/cannasmart.ch\/de\/produit\/gepresste-cbd-bluetenpollen-10g\/\" \/>\n<meta property=\"og:locale\" content=\"de_DE\" \/>\n<meta property=\"og:type\" content=\"article\" \/>\n<meta property=\"og:title\" content=\"CBD Pollen Premium Schweiz - Kaufen Sie Gepresste Pollen - CannaSmart.ch\" \/>\n<meta property=\"og:description\" content=\"Kaufen Sie gepresste CBD-Bl\u00fctenpollen in Schweizer Premium-Qualit\u00e4t. Genie\u00dfen Sie die nat\u00fcrlichen Vorteile und die au\u00dfergew\u00f6hnliche Reinheit. Bestellen Sie jetzt!\" \/>\n<meta property=\"og:url\" content=\"https:\/\/cannasmart.ch\/de\/produit\/gepresste-cbd-bluetenpollen-10g\/\" \/>\n<meta property=\"og:site_name\" content=\"CannaSmart.ch\" \/>\n<meta property=\"article:modified_time\" content=\"2025-12-11T14:31:10+00:00\" \/>\n<meta property=\"og:image\" content=\"https:\/\/cannasmart.ch\/wp-content\/uploads\/2024\/08\/CannaSmart10g.png\" \/>\n\t<meta property=\"og:image:width\" content=\"1280\" \/>\n\t<meta property=\"og:image:height\" content=\"1280\" \/>\n\t<meta property=\"og:image:type\" content=\"image\/png\" \/>\n<meta name=\"twitter:card\" content=\"summary_large_image\" \/>\n<meta name=\"twitter:label1\" content=\"Gesch\u00e4tzte Lesezeit\" \/>\n\t<meta name=\"twitter:data1\" content=\"2 minutes\" \/>\n<script type=\"application\/ld+json\" class=\"yoast-schema-graph\">{\"@context\":\"https:\/\/schema.org\",\"@graph\":[{\"@type\":\"WebPage\",\"@id\":\"https:\/\/cannasmart.ch\/de\/produit\/gepresste-cbd-bluetenpollen-10g\/\",\"url\":\"https:\/\/cannasmart.ch\/de\/produit\/gepresste-cbd-bluetenpollen-10g\/\",\"name\":\"CBD Pollen Premium Schweiz - Kaufen Sie Gepresste Pollen - CannaSmart.ch\",\"isPartOf\":{\"@id\":\"https:\/\/cannasmart.ch\/de\/#website\"},\"primaryImageOfPage\":{\"@id\":\"https:\/\/cannasmart.ch\/de\/produit\/gepresste-cbd-bluetenpollen-10g\/#primaryimage\"},\"image\":{\"@id\":\"https:\/\/cannasmart.ch\/de\/produit\/gepresste-cbd-bluetenpollen-10g\/#primaryimage\"},\"thumbnailUrl\":\"https:\/\/cannasmart.ch\/wp-content\/uploads\/2024\/08\/CannaSmart10g.png\",\"datePublished\":\"2024-08-13T11:52:03+00:00\",\"dateModified\":\"2025-12-11T14:31:10+00:00\",\"description\":\"Kaufen Sie gepresste CBD-Bl\u00fctenpollen in Schweizer Premium-Qualit\u00e4t. Genie\u00dfen Sie die nat\u00fcrlichen Vorteile und die au\u00dfergew\u00f6hnliche Reinheit. Bestellen Sie jetzt!\",\"breadcrumb\":{\"@id\":\"https:\/\/cannasmart.ch\/de\/produit\/gepresste-cbd-bluetenpollen-10g\/#breadcrumb\"},\"inLanguage\":\"de-DE\",\"potentialAction\":[{\"@type\":\"ReadAction\",\"target\":[\"https:\/\/cannasmart.ch\/de\/produit\/gepresste-cbd-bluetenpollen-10g\/\"]}]},{\"@type\":\"ImageObject\",\"inLanguage\":\"de-DE\",\"@id\":\"https:\/\/cannasmart.ch\/de\/produit\/gepresste-cbd-bluetenpollen-10g\/#primaryimage\",\"url\":\"https:\/\/cannasmart.ch\/wp-content\/uploads\/2024\/08\/CannaSmart10g.png\",\"contentUrl\":\"https:\/\/cannasmart.ch\/wp-content\/uploads\/2024\/08\/CannaSmart10g.png\",\"width\":1280,\"height\":1280},{\"@type\":\"BreadcrumbList\",\"@id\":\"https:\/\/cannasmart.ch\/de\/produit\/gepresste-cbd-bluetenpollen-10g\/#breadcrumb\",\"itemListElement\":[{\"@type\":\"ListItem\",\"position\":1,\"name\":\"Accueil\",\"item\":\"https:\/\/cannasmart.ch\/de\/startseite\/?lang=de\"},{\"@type\":\"ListItem\",\"position\":2,\"name\":\"Shop\",\"item\":\"https:\/\/cannasmart.ch\/boutique\/\"},{\"@type\":\"ListItem\",\"position\":3,\"name\":\"Gepresste CBD-Bl\u00fctenpollen 10g\"}]},{\"@type\":\"WebSite\",\"@id\":\"https:\/\/cannasmart.ch\/de\/#website\",\"url\":\"https:\/\/cannasmart.ch\/de\/\",\"name\":\"CannaSmart.ch\",\"description\":\"Produits de CBD artisanaux\",\"publisher\":{\"@id\":\"https:\/\/cannasmart.ch\/de\/#organization\"},\"potentialAction\":[{\"@type\":\"SearchAction\",\"target\":{\"@type\":\"EntryPoint\",\"urlTemplate\":\"https:\/\/cannasmart.ch\/de\/?s={search_term_string}\"},\"query-input\":{\"@type\":\"PropertyValueSpecification\",\"valueRequired\":true,\"valueName\":\"search_term_string\"}}],\"inLanguage\":\"de-DE\"},{\"@type\":\"Organization\",\"@id\":\"https:\/\/cannasmart.ch\/de\/#organization\",\"name\":\"CannaSmart.ch\",\"url\":\"https:\/\/cannasmart.ch\/de\/\",\"logo\":{\"@type\":\"ImageObject\",\"inLanguage\":\"de-DE\",\"@id\":\"https:\/\/cannasmart.ch\/de\/#\/schema\/logo\/image\/\",\"url\":\"https:\/\/cannasmart.ch\/wp-content\/uploads\/2025\/09\/CS_Logo_V1.png\",\"contentUrl\":\"https:\/\/cannasmart.ch\/wp-content\/uploads\/2025\/09\/CS_Logo_V1.png\",\"width\":2000,\"height\":2000,\"caption\":\"CannaSmart.ch\"},\"image\":{\"@id\":\"https:\/\/cannasmart.ch\/de\/#\/schema\/logo\/image\/\"},\"sameAs\":[\"https:\/\/www.instagram.com\/cannasmart.ch\/\"]}]}<\/script>\n<!-- \/ Yoast SEO plugin. -->","yoast_head_json":{"title":"CBD Pollen Premium Schweiz - Kaufen Sie Gepresste Pollen - CannaSmart.ch","description":"Kaufen Sie gepresste CBD-Bl\u00fctenpollen in Schweizer Premium-Qualit\u00e4t. Genie\u00dfen Sie die nat\u00fcrlichen Vorteile und die au\u00dfergew\u00f6hnliche Reinheit. Bestellen Sie jetzt!","robots":{"index":"index","follow":"follow","max-snippet":"max-snippet:-1","max-image-preview":"max-image-preview:large","max-video-preview":"max-video-preview:-1"},"canonical":"https:\/\/cannasmart.ch\/de\/produit\/gepresste-cbd-bluetenpollen-10g\/","og_locale":"de_DE","og_type":"article","og_title":"CBD Pollen Premium Schweiz - Kaufen Sie Gepresste Pollen - CannaSmart.ch","og_description":"Kaufen Sie gepresste CBD-Bl\u00fctenpollen in Schweizer Premium-Qualit\u00e4t. Genie\u00dfen Sie die nat\u00fcrlichen Vorteile und die au\u00dfergew\u00f6hnliche Reinheit. Bestellen Sie jetzt!","og_url":"https:\/\/cannasmart.ch\/de\/produit\/gepresste-cbd-bluetenpollen-10g\/","og_site_name":"CannaSmart.ch","article_modified_time":"2025-12-11T14:31:10+00:00","og_image":[{"width":1280,"height":1280,"url":"https:\/\/cannasmart.ch\/wp-content\/uploads\/2024\/08\/CannaSmart10g.png","type":"image\/png"}],"twitter_card":"summary_large_image","twitter_misc":{"Gesch\u00e4tzte Lesezeit":"2 minutes"},"schema":{"@context":"https:\/\/schema.org","@graph":[{"@type":"WebPage","@id":"https:\/\/cannasmart.ch\/de\/produit\/gepresste-cbd-bluetenpollen-10g\/","url":"https:\/\/cannasmart.ch\/de\/produit\/gepresste-cbd-bluetenpollen-10g\/","name":"CBD Pollen Premium Schweiz - Kaufen Sie Gepresste Pollen - CannaSmart.ch","isPartOf":{"@id":"https:\/\/cannasmart.ch\/de\/#website"},"primaryImageOfPage":{"@id":"https:\/\/cannasmart.ch\/de\/produit\/gepresste-cbd-bluetenpollen-10g\/#primaryimage"},"image":{"@id":"https:\/\/cannasmart.ch\/de\/produit\/gepresste-cbd-bluetenpollen-10g\/#primaryimage"},"thumbnailUrl":"https:\/\/cannasmart.ch\/wp-content\/uploads\/2024\/08\/CannaSmart10g.png","datePublished":"2024-08-13T11:52:03+00:00","dateModified":"2025-12-11T14:31:10+00:00","description":"Kaufen Sie gepresste CBD-Bl\u00fctenpollen in Schweizer Premium-Qualit\u00e4t. Genie\u00dfen Sie die nat\u00fcrlichen Vorteile und die au\u00dfergew\u00f6hnliche Reinheit. Bestellen Sie jetzt!","breadcrumb":{"@id":"https:\/\/cannasmart.ch\/de\/produit\/gepresste-cbd-bluetenpollen-10g\/#breadcrumb"},"inLanguage":"de-DE","potentialAction":[{"@type":"ReadAction","target":["https:\/\/cannasmart.ch\/de\/produit\/gepresste-cbd-bluetenpollen-10g\/"]}]},{"@type":"ImageObject","inLanguage":"de-DE","@id":"https:\/\/cannasmart.ch\/de\/produit\/gepresste-cbd-bluetenpollen-10g\/#primaryimage","url":"https:\/\/cannasmart.ch\/wp-content\/uploads\/2024\/08\/CannaSmart10g.png","contentUrl":"https:\/\/cannasmart.ch\/wp-content\/uploads\/2024\/08\/CannaSmart10g.png","width":1280,"height":1280},{"@type":"BreadcrumbList","@id":"https:\/\/cannasmart.ch\/de\/produit\/gepresste-cbd-bluetenpollen-10g\/#breadcrumb","itemListElement":[{"@type":"ListItem","position":1,"name":"Accueil","item":"https:\/\/cannasmart.ch\/de\/startseite\/?lang=de"},{"@type":"ListItem","position":2,"name":"Shop","item":"https:\/\/cannasmart.ch\/boutique\/"},{"@type":"ListItem","position":3,"name":"Gepresste CBD-Bl\u00fctenpollen 10g"}]},{"@type":"WebSite","@id":"https:\/\/cannasmart.ch\/de\/#website","url":"https:\/\/cannasmart.ch\/de\/","name":"CannaSmart.ch","description":"Produits de CBD artisanaux","publisher":{"@id":"https:\/\/cannasmart.ch\/de\/#organization"},"potentialAction":[{"@type":"SearchAction","target":{"@type":"EntryPoint","urlTemplate":"https:\/\/cannasmart.ch\/de\/?s={search_term_string}"},"query-input":{"@type":"PropertyValueSpecification","valueRequired":true,"valueName":"search_term_string"}}],"inLanguage":"de-DE"},{"@type":"Organization","@id":"https:\/\/cannasmart.ch\/de\/#organization","name":"CannaSmart.ch","url":"https:\/\/cannasmart.ch\/de\/","logo":{"@type":"ImageObject","inLanguage":"de-DE","@id":"https:\/\/cannasmart.ch\/de\/#\/schema\/logo\/image\/","url":"https:\/\/cannasmart.ch\/wp-content\/uploads\/2025\/09\/CS_Logo_V1.png","contentUrl":"https:\/\/cannasmart.ch\/wp-content\/uploads\/2025\/09\/CS_Logo_V1.png","width":2000,"height":2000,"caption":"CannaSmart.ch"},"image":{"@id":"https:\/\/cannasmart.ch\/de\/#\/schema\/logo\/image\/"},"sameAs":["https:\/\/www.instagram.com\/cannasmart.ch\/"]}]}},"_links":{"self":[{"href":"https:\/\/cannasmart.ch\/de\/wp-json\/wp\/v2\/product\/43826","targetHints":{"allow":["GET"]}}],"collection":[{"href":"https:\/\/cannasmart.ch\/de\/wp-json\/wp\/v2\/product"}],"about":[{"href":"https:\/\/cannasmart.ch\/de\/wp-json\/wp\/v2\/types\/product"}],"replies":[{"embeddable":true,"href":"https:\/\/cannasmart.ch\/de\/wp-json\/wp\/v2\/comments?post=43826"}],"wp:featuredmedia":[{"embeddable":true,"href":"https:\/\/cannasmart.ch\/de\/wp-json\/wp\/v2\/media\/43719"}],"wp:attachment":[{"href":"https:\/\/cannasmart.ch\/de\/wp-json\/wp\/v2\/media?parent=43826"}],"wp:term":[{"taxonomy":"product_brand","embeddable":true,"href":"https:\/\/cannasmart.ch\/de\/wp-json\/wp\/v2\/product_brand?post=43826"},{"taxonomy":"product_cat","embeddable":true,"href":"https:\/\/cannasmart.ch\/de\/wp-json\/wp\/v2\/product_cat?post=43826"},{"taxonomy":"product_tag","embeddable":true,"href":"https:\/\/cannasmart.ch\/de\/wp-json\/wp\/v2\/product_tag?post=43826"}],"curies":[{"name":"wp","href":"https:\/\/api.w.org\/{rel}","templated":true}]}}