{"id":43824,"date":"2024-10-07T14:16:52","date_gmt":"2024-10-07T12:16:52","guid":{"rendered":"https:\/\/cannasmart.ch\/produit\/elektronische-zigarette-cbd-strawberry-diesel\/"},"modified":"2025-12-11T15:31:11","modified_gmt":"2025-12-11T14:31:11","slug":"elektronische-zigarette-cbd-strawberry-diesel","status":"publish","type":"product","link":"https:\/\/cannasmart.ch\/de\/produit\/elektronische-zigarette-cbd-strawberry-diesel\/","title":{"rendered":"Elektronische Zigarette CBD Strawberry Diesel"},"content":{"rendered":"<p><strong>Deutsch :<\/strong><\/p>\n<p>Diese Vape zeichnet sich durch ihr klares und elegantes Design aus, das perfekt mit dem frischen und fruchtigen Aroma von Strawberry Diesel harmoniert und ein unvergessliches Geschmackserlebnis bietet. Genie\u00dfen Sie das Gef\u00fchl, einen hochwertigen CBD-Joint zu rauchen &#8211; v\u00f6llig rauchfrei und in der praktischen Form einer E-Zigarette!<\/p>\n<p>Nutzen Sie die Gelegenheit und probieren Sie jetzt unsere neuen CBD E-Zigaretten mit dem Geschmack von Strawberry Diesel!<\/p>\n<p>Das Beste daran ist: Mit unserem nachhaltigen R\u00fccknahmesystem werden Sie belohnt! Sammeln Sie einfach 10 leere E-Zigaretten, schicken Sie sie an uns zur\u00fcck und Sie erhalten kostenlos eine neue!<\/p>\n<hr>\n<p><strong>Deutsch:<\/strong><\/p>\n<p>Diese Vape besticht durch ihr klares und elegantes Design, das perfekt mit dem frischen und fruchtigen Aroma von Strawberry Diesel harmoniert und ein unvergessliches Geschmackserlebnis bietet. Genie\u00dfe das Gef\u00fchl, einen hochwertigen CBD-Joint zu rauchen &#8211; ganz rauchfrei und in der praktischen Form einer E-Zigarette!<\/p>\n<p>Nutzen Sie die Gelegenheit und probieren Sie jetzt unsere neuen CBD-E-Zigaretten mit Strawberry Diesel-Geschmack aus!<\/p>\n<p>Das Beste daran: Mit unserem nachhaltigen R\u00fccknahmesystem wirst du belohnt! Sammle einfach 10 leere E-Zigaretten, sende sie uns zur\u00fcck und erhalte eine neue kostenlos!<\/p>\n<hr>\n<p><strong>English:<\/strong><\/p>\n<p>Dieser Vape besticht durch sein klares und elegantes Design, das perfekt das frische und fruchtige Aroma von Strawberry Diesel erg\u00e4nzt und ein unvergessliches Geschmackserlebnis bietet. Genie\u00dfen Sie das Gef\u00fchl, einen hochwertigen CBD Joint zu rauchen &#8211; v\u00f6llig rauchfrei und in der praktischen Form einer E-Zigarette!<\/p>\n<p>Nutzen Sie die Gelegenheit und probieren Sie unsere neuen CBD e-Zigaretten in der Geschmacksrichtung Strawberry Diesel jetzt aus!<\/p>\n<p>Der beste Teil: Mit unserem nachhaltigen R\u00fcckgabesystem werden Sie belohnt! Sammeln Sie einfach 10 leere e-Zigaretten, schicken Sie sie an uns zur\u00fcck und erhalten Sie eine neue gratis!<\/p>\n","protected":false},"excerpt":{"rendered":"<p>Elektronische Zigarette \/ CBD Vape Pen<br \/>\nGeschmack: Strawberry Diesel<br \/>\nCBD: 10 %<br \/>\nAnzahl der Puffs: 600<br \/>\nTankkapazit\u00e4t: 2 ml<br \/>\nBeste Batterie auf dem Markt (500 mAh)<\/p>\n","protected":false},"featured_media":43727,"comment_status":"open","ping_status":"closed","template":"","meta":{"_et_pb_use_builder":"","_et_pb_old_content":"","_et_gb_content_width":""},"product_brand":[],"product_cat":[51],"product_tag":[],"class_list":{"0":"post-43824","1":"product","2":"type-product","3":"status-publish","4":"has-post-thumbnail","6":"product_cat-elektronische-zigarette","8":"first","9":"instock","10":"shipping-taxable","11":"purchasable","12":"product-type-simple"},"yoast_head":"<!-- This site is optimized with the Yoast SEO plugin v26.0 - https:\/\/yoast.com\/wordpress\/plugins\/seo\/ -->\n<title>Elektronische Zigarette CBD Strawberry Diesel - CannaSmart.ch<\/title>\n<meta name=\"robots\" content=\"index, follow, max-snippet:-1, max-image-preview:large, max-video-preview:-1\" \/>\n<link rel=\"canonical\" href=\"https:\/\/cannasmart.ch\/de\/produit\/elektronische-zigarette-cbd-strawberry-diesel\/\" \/>\n<meta property=\"og:locale\" content=\"de_DE\" \/>\n<meta property=\"og:type\" content=\"article\" \/>\n<meta property=\"og:title\" content=\"Elektronische Zigarette CBD Strawberry Diesel - CannaSmart.ch\" \/>\n<meta property=\"og:description\" content=\"Elektronische Zigarette \/ CBD Vape Pen Geschmack: Strawberry Diesel CBD: 10 % Anzahl der Puffs: 600 Tankkapazit\u00e4t: 2 ml Beste Batterie auf dem Markt (500 mAh)\" \/>\n<meta property=\"og:url\" content=\"https:\/\/cannasmart.ch\/de\/produit\/elektronische-zigarette-cbd-strawberry-diesel\/\" \/>\n<meta property=\"og:site_name\" content=\"CannaSmart.ch\" \/>\n<meta property=\"article:modified_time\" content=\"2025-12-11T14:31:11+00:00\" \/>\n<meta property=\"og:image\" content=\"https:\/\/cannasmart.ch\/wp-content\/uploads\/2024\/10\/Strawberry-Diesel.jpeg\" \/>\n\t<meta property=\"og:image:width\" content=\"600\" \/>\n\t<meta property=\"og:image:height\" content=\"800\" \/>\n\t<meta property=\"og:image:type\" content=\"image\/jpeg\" \/>\n<meta name=\"twitter:card\" content=\"summary_large_image\" \/>\n<meta name=\"twitter:label1\" content=\"Gesch\u00e4tzte Lesezeit\" \/>\n\t<meta name=\"twitter:data1\" content=\"1 minute\" \/>\n<script type=\"application\/ld+json\" class=\"yoast-schema-graph\">{\"@context\":\"https:\/\/schema.org\",\"@graph\":[{\"@type\":\"WebPage\",\"@id\":\"https:\/\/cannasmart.ch\/de\/produit\/elektronische-zigarette-cbd-strawberry-diesel\/\",\"url\":\"https:\/\/cannasmart.ch\/de\/produit\/elektronische-zigarette-cbd-strawberry-diesel\/\",\"name\":\"Elektronische Zigarette CBD Strawberry Diesel - CannaSmart.ch\",\"isPartOf\":{\"@id\":\"https:\/\/cannasmart.ch\/de\/#website\"},\"primaryImageOfPage\":{\"@id\":\"https:\/\/cannasmart.ch\/de\/produit\/elektronische-zigarette-cbd-strawberry-diesel\/#primaryimage\"},\"image\":{\"@id\":\"https:\/\/cannasmart.ch\/de\/produit\/elektronische-zigarette-cbd-strawberry-diesel\/#primaryimage\"},\"thumbnailUrl\":\"https:\/\/cannasmart.ch\/wp-content\/uploads\/2024\/10\/Strawberry-Diesel.jpeg\",\"datePublished\":\"2024-10-07T12:16:52+00:00\",\"dateModified\":\"2025-12-11T14:31:11+00:00\",\"breadcrumb\":{\"@id\":\"https:\/\/cannasmart.ch\/de\/produit\/elektronische-zigarette-cbd-strawberry-diesel\/#breadcrumb\"},\"inLanguage\":\"de-DE\",\"potentialAction\":[{\"@type\":\"ReadAction\",\"target\":[\"https:\/\/cannasmart.ch\/de\/produit\/elektronische-zigarette-cbd-strawberry-diesel\/\"]}]},{\"@type\":\"ImageObject\",\"inLanguage\":\"de-DE\",\"@id\":\"https:\/\/cannasmart.ch\/de\/produit\/elektronische-zigarette-cbd-strawberry-diesel\/#primaryimage\",\"url\":\"https:\/\/cannasmart.ch\/wp-content\/uploads\/2024\/10\/Strawberry-Diesel.jpeg\",\"contentUrl\":\"https:\/\/cannasmart.ch\/wp-content\/uploads\/2024\/10\/Strawberry-Diesel.jpeg\",\"width\":600,\"height\":800},{\"@type\":\"BreadcrumbList\",\"@id\":\"https:\/\/cannasmart.ch\/de\/produit\/elektronische-zigarette-cbd-strawberry-diesel\/#breadcrumb\",\"itemListElement\":[{\"@type\":\"ListItem\",\"position\":1,\"name\":\"Accueil\",\"item\":\"https:\/\/cannasmart.ch\/de\/startseite\/?lang=de\"},{\"@type\":\"ListItem\",\"position\":2,\"name\":\"Shop\",\"item\":\"https:\/\/cannasmart.ch\/boutique\/\"},{\"@type\":\"ListItem\",\"position\":3,\"name\":\"Elektronische Zigarette CBD Strawberry Diesel\"}]},{\"@type\":\"WebSite\",\"@id\":\"https:\/\/cannasmart.ch\/de\/#website\",\"url\":\"https:\/\/cannasmart.ch\/de\/\",\"name\":\"CannaSmart.ch\",\"description\":\"Produits de CBD artisanaux\",\"publisher\":{\"@id\":\"https:\/\/cannasmart.ch\/de\/#organization\"},\"potentialAction\":[{\"@type\":\"SearchAction\",\"target\":{\"@type\":\"EntryPoint\",\"urlTemplate\":\"https:\/\/cannasmart.ch\/de\/?s={search_term_string}\"},\"query-input\":{\"@type\":\"PropertyValueSpecification\",\"valueRequired\":true,\"valueName\":\"search_term_string\"}}],\"inLanguage\":\"de-DE\"},{\"@type\":\"Organization\",\"@id\":\"https:\/\/cannasmart.ch\/de\/#organization\",\"name\":\"CannaSmart.ch\",\"url\":\"https:\/\/cannasmart.ch\/de\/\",\"logo\":{\"@type\":\"ImageObject\",\"inLanguage\":\"de-DE\",\"@id\":\"https:\/\/cannasmart.ch\/de\/#\/schema\/logo\/image\/\",\"url\":\"https:\/\/cannasmart.ch\/wp-content\/uploads\/2025\/09\/CS_Logo_V1.png\",\"contentUrl\":\"https:\/\/cannasmart.ch\/wp-content\/uploads\/2025\/09\/CS_Logo_V1.png\",\"width\":2000,\"height\":2000,\"caption\":\"CannaSmart.ch\"},\"image\":{\"@id\":\"https:\/\/cannasmart.ch\/de\/#\/schema\/logo\/image\/\"},\"sameAs\":[\"https:\/\/www.instagram.com\/cannasmart.ch\/\"]}]}<\/script>\n<!-- \/ Yoast SEO plugin. -->","yoast_head_json":{"title":"Elektronische Zigarette CBD Strawberry Diesel - CannaSmart.ch","robots":{"index":"index","follow":"follow","max-snippet":"max-snippet:-1","max-image-preview":"max-image-preview:large","max-video-preview":"max-video-preview:-1"},"canonical":"https:\/\/cannasmart.ch\/de\/produit\/elektronische-zigarette-cbd-strawberry-diesel\/","og_locale":"de_DE","og_type":"article","og_title":"Elektronische Zigarette CBD Strawberry Diesel - CannaSmart.ch","og_description":"Elektronische Zigarette \/ CBD Vape Pen Geschmack: Strawberry Diesel CBD: 10 % Anzahl der Puffs: 600 Tankkapazit\u00e4t: 2 ml Beste Batterie auf dem Markt (500 mAh)","og_url":"https:\/\/cannasmart.ch\/de\/produit\/elektronische-zigarette-cbd-strawberry-diesel\/","og_site_name":"CannaSmart.ch","article_modified_time":"2025-12-11T14:31:11+00:00","og_image":[{"width":600,"height":800,"url":"https:\/\/cannasmart.ch\/wp-content\/uploads\/2024\/10\/Strawberry-Diesel.jpeg","type":"image\/jpeg"}],"twitter_card":"summary_large_image","twitter_misc":{"Gesch\u00e4tzte Lesezeit":"1 minute"},"schema":{"@context":"https:\/\/schema.org","@graph":[{"@type":"WebPage","@id":"https:\/\/cannasmart.ch\/de\/produit\/elektronische-zigarette-cbd-strawberry-diesel\/","url":"https:\/\/cannasmart.ch\/de\/produit\/elektronische-zigarette-cbd-strawberry-diesel\/","name":"Elektronische Zigarette CBD Strawberry Diesel - CannaSmart.ch","isPartOf":{"@id":"https:\/\/cannasmart.ch\/de\/#website"},"primaryImageOfPage":{"@id":"https:\/\/cannasmart.ch\/de\/produit\/elektronische-zigarette-cbd-strawberry-diesel\/#primaryimage"},"image":{"@id":"https:\/\/cannasmart.ch\/de\/produit\/elektronische-zigarette-cbd-strawberry-diesel\/#primaryimage"},"thumbnailUrl":"https:\/\/cannasmart.ch\/wp-content\/uploads\/2024\/10\/Strawberry-Diesel.jpeg","datePublished":"2024-10-07T12:16:52+00:00","dateModified":"2025-12-11T14:31:11+00:00","breadcrumb":{"@id":"https:\/\/cannasmart.ch\/de\/produit\/elektronische-zigarette-cbd-strawberry-diesel\/#breadcrumb"},"inLanguage":"de-DE","potentialAction":[{"@type":"ReadAction","target":["https:\/\/cannasmart.ch\/de\/produit\/elektronische-zigarette-cbd-strawberry-diesel\/"]}]},{"@type":"ImageObject","inLanguage":"de-DE","@id":"https:\/\/cannasmart.ch\/de\/produit\/elektronische-zigarette-cbd-strawberry-diesel\/#primaryimage","url":"https:\/\/cannasmart.ch\/wp-content\/uploads\/2024\/10\/Strawberry-Diesel.jpeg","contentUrl":"https:\/\/cannasmart.ch\/wp-content\/uploads\/2024\/10\/Strawberry-Diesel.jpeg","width":600,"height":800},{"@type":"BreadcrumbList","@id":"https:\/\/cannasmart.ch\/de\/produit\/elektronische-zigarette-cbd-strawberry-diesel\/#breadcrumb","itemListElement":[{"@type":"ListItem","position":1,"name":"Accueil","item":"https:\/\/cannasmart.ch\/de\/startseite\/?lang=de"},{"@type":"ListItem","position":2,"name":"Shop","item":"https:\/\/cannasmart.ch\/boutique\/"},{"@type":"ListItem","position":3,"name":"Elektronische Zigarette CBD Strawberry Diesel"}]},{"@type":"WebSite","@id":"https:\/\/cannasmart.ch\/de\/#website","url":"https:\/\/cannasmart.ch\/de\/","name":"CannaSmart.ch","description":"Produits de CBD artisanaux","publisher":{"@id":"https:\/\/cannasmart.ch\/de\/#organization"},"potentialAction":[{"@type":"SearchAction","target":{"@type":"EntryPoint","urlTemplate":"https:\/\/cannasmart.ch\/de\/?s={search_term_string}"},"query-input":{"@type":"PropertyValueSpecification","valueRequired":true,"valueName":"search_term_string"}}],"inLanguage":"de-DE"},{"@type":"Organization","@id":"https:\/\/cannasmart.ch\/de\/#organization","name":"CannaSmart.ch","url":"https:\/\/cannasmart.ch\/de\/","logo":{"@type":"ImageObject","inLanguage":"de-DE","@id":"https:\/\/cannasmart.ch\/de\/#\/schema\/logo\/image\/","url":"https:\/\/cannasmart.ch\/wp-content\/uploads\/2025\/09\/CS_Logo_V1.png","contentUrl":"https:\/\/cannasmart.ch\/wp-content\/uploads\/2025\/09\/CS_Logo_V1.png","width":2000,"height":2000,"caption":"CannaSmart.ch"},"image":{"@id":"https:\/\/cannasmart.ch\/de\/#\/schema\/logo\/image\/"},"sameAs":["https:\/\/www.instagram.com\/cannasmart.ch\/"]}]}},"_links":{"self":[{"href":"https:\/\/cannasmart.ch\/de\/wp-json\/wp\/v2\/product\/43824","targetHints":{"allow":["GET"]}}],"collection":[{"href":"https:\/\/cannasmart.ch\/de\/wp-json\/wp\/v2\/product"}],"about":[{"href":"https:\/\/cannasmart.ch\/de\/wp-json\/wp\/v2\/types\/product"}],"replies":[{"embeddable":true,"href":"https:\/\/cannasmart.ch\/de\/wp-json\/wp\/v2\/comments?post=43824"}],"wp:featuredmedia":[{"embeddable":true,"href":"https:\/\/cannasmart.ch\/de\/wp-json\/wp\/v2\/media\/43727"}],"wp:attachment":[{"href":"https:\/\/cannasmart.ch\/de\/wp-json\/wp\/v2\/media?parent=43824"}],"wp:term":[{"taxonomy":"product_brand","embeddable":true,"href":"https:\/\/cannasmart.ch\/de\/wp-json\/wp\/v2\/product_brand?post=43824"},{"taxonomy":"product_cat","embeddable":true,"href":"https:\/\/cannasmart.ch\/de\/wp-json\/wp\/v2\/product_cat?post=43824"},{"taxonomy":"product_tag","embeddable":true,"href":"https:\/\/cannasmart.ch\/de\/wp-json\/wp\/v2\/product_tag?post=43824"}],"curies":[{"name":"wp","href":"https:\/\/api.w.org\/{rel}","templated":true}]}}