{"id":43787,"date":"2021-10-18T20:31:35","date_gmt":"2021-10-18T18:31:35","guid":{"rendered":"https:\/\/cannasmart.ch\/shop\/"},"modified":"2025-12-11T15:23:18","modified_gmt":"2025-12-11T14:23:18","slug":"shop","status":"publish","type":"page","link":"https:\/\/cannasmart.ch\/de\/shop\/","title":{"rendered":"Shop"},"content":{"rendered":"<p>[et_pb_section fb_built=&#8221;1&#8243; _builder_version=&#8221;4.16&#8243; _module_preset=&#8221;default&#8221; global_colors_info=&#8221;{}&#8221;][et_pb_row admin_label=&#8221;Abschnitt Header Row&#8221; _builder_version=&#8221;4.16&#8243; custom_padding=&#8221;0px|0px|27px|0px&#8221; locked=&#8221;off&#8221; global_colors_info=&#8221;{}&#8221;][et_pb_column type=&#8221;4_4&#8243; _builder_version=&#8221;4.16&#8243; custom_padding=&#8221;|||&#8221; global_colors_info=&#8221;{}&#8221; custom_padding__hover=&#8221;|||&#8221;][et_pb_text admin_label=&#8221;Tittle &#038; Paragraph&#8221; _builder_version=&#8221;4.16&#8243; text_font=&#8221;Open Sans|600|||||||&#8221; text_font_size=&#8221;16px&#8221; text_line_height=&#8221;1.8em&#8221; link_font=&#8221;||||||||&#8221; ul_font=&#8221;||||||||&#8221; ol_font=&#8221;||||||||&#8221; quote_font=&#8221;||||||||&#8221; header_font=&#8221;||||||||&#8221; header_2_font=&#8221;Oswald|||on|||||&#8221; header_2_font_size=&#8221;45px&#8221; header_2_letter_spacing=&#8221;3px&#8221; header_2_line_height=&#8221;1.4em&#8221; text_orientation=&#8221;center&#8221; max_width=&#8221;700px&#8221; module_alignment=&#8221;center&#8221; custom_margin=&#8221;40px|||&#8221; custom_margin_tablet=&#8221;0px|||&#8221; custom_margin_phone=&#8221;|||&#8221; custom_margin_last_edited=&#8221;on|phone&#8221; global_colors_info=&#8221;{}&#8221;]<\/p>\n<h2>shop  <\/h2>\n<p>Finden Sie das Beste von CBD in unseren Produkten. Wir bieten hochwertige Blumen und \u00d6le an, die umweltfreundlich produziert werden.  <\/p>\n<p><i>Alle unsere Produkte haben einen THC-Gehalt von weniger als &lt;1% und erf\u00fcllen die gesetzlichen Anforderungen in der Schweiz.<\/i><\/p>\n<p>[\/et_pb_text][\/et_pb_column][\/et_pb_row][et_pb_row _builder_version=&#8221;4.16&#8243; _module_preset=&#8221;default&#8221; global_colors_info=&#8221;{}&#8221;][et_pb_column type=&#8221;4_4&#8243; _builder_version=&#8221;4.16&#8243; _module_preset=&#8221;default&#8221; global_colors_info=&#8221;{}&#8221;][et_pb_text _builder_version=&#8221;4.23&#8243; _module_preset=&#8221;default&#8221; custom_padding=&#8221;||29px|||&#8221; global_colors_info=&#8221;{}&#8221;]<\/p>\n<h3>DeinDeal-Angebote<\/h3>\n<p>[\/et_pb_text][et_pb_shop type=&#8221;product_category&#8221; include_categories=&#8221;31&#8243; _builder_version=&#8221;4.23&#8243; _module_preset=&#8221;default&#8221; global_colors_info=&#8221;{}&#8221;][\/et_pb_shop][\/et_pb_column][\/et_pb_row][et_pb_row _builder_version=&#8221;4.16&#8243; _module_preset=&#8221;default&#8221; global_colors_info=&#8221;{}&#8221;][et_pb_column type=&#8221;4_4&#8243; _builder_version=&#8221;4.16&#8243; _module_preset=&#8221;default&#8221; global_colors_info=&#8221;{}&#8221;][et_pb_text _builder_version=&#8221;4.16&#8243; _module_preset=&#8221;default&#8221; global_colors_info=&#8221;{}&#8221;]<\/p>\n<h3>CBD-Bl\u00fcten<\/h3>\n<p>[\/et_pb_text][\/et_pb_column][\/et_pb_row][et_pb_row _builder_version=&#8221;4.16&#8243; _module_preset=&#8221;default&#8221; min_height=&#8221;291.4px&#8221; global_colors_info=&#8221;{}&#8221;][et_pb_column type=&#8221;4_4&#8243; _builder_version=&#8221;4.16&#8243; _module_preset=&#8221;default&#8221; global_colors_info=&#8221;{}&#8221;][et_pb_shop type=&#8221;product_category&#8221; include_categories=&#8221;24&#8243; _builder_version=&#8221;4.20.2&#8243; _module_preset=&#8221;default&#8221; global_colors_info=&#8221;{}&#8221;][\/et_pb_shop][\/et_pb_column][\/et_pb_row][et_pb_row disabled_on=&#8221;off|off|off&#8221; _builder_version=&#8221;4.25.0&#8243; _module_preset=&#8221;default&#8221; global_colors_info=&#8221;{}&#8221;][et_pb_column type=&#8221;4_4&#8243; _builder_version=&#8221;4.16&#8243; _module_preset=&#8221;default&#8221; global_colors_info=&#8221;{}&#8221;][et_pb_text _builder_version=&#8221;4.25.0&#8243; _module_preset=&#8221;default&#8221; global_colors_info=&#8221;{}&#8221;]<\/p>\n<h3>Gesundheit und Wohlbefinden<\/h3>\n<p>[\/et_pb_text][et_pb_shop type=&#8221;product_category&#8221; include_categories=&#8221;60&#8243; _builder_version=&#8221;4.25.0&#8243; _module_preset=&#8221;default&#8221; global_colors_info=&#8221;{}&#8221;][\/et_pb_shop][\/et_pb_column][\/et_pb_row][et_pb_row _builder_version=&#8221;4.25.0&#8243; _module_preset=&#8221;default&#8221; collapsed=&#8221;off&#8221; global_colors_info=&#8221;{}&#8221;][et_pb_column type=&#8221;4_4&#8243; _builder_version=&#8221;4.16&#8243; _module_preset=&#8221;default&#8221; global_colors_info=&#8221;{}&#8221;][et_pb_text _builder_version=&#8221;4.25.0&#8243; _module_preset=&#8221;default&#8221; custom_padding=&#8221;||29px|||&#8221; global_colors_info=&#8221;{}&#8221;]<\/p>\n<h3>Elektronische Zigaretten<\/h3>\n<p>[\/et_pb_text][et_pb_shop type=&#8221;product_category&#8221; include_categories=&#8221;35&#8243; _builder_version=&#8221;4.25.0&#8243; _module_preset=&#8221;default&#8221; global_colors_info=&#8221;{}&#8221;][\/et_pb_shop][\/et_pb_column][\/et_pb_row][et_pb_row _builder_version=&#8221;4.16&#8243; _module_preset=&#8221;default&#8221; collapsed=&#8221;on&#8221; global_colors_info=&#8221;{}&#8221;][et_pb_column type=&#8221;4_4&#8243; _builder_version=&#8221;4.16&#8243; _module_preset=&#8221;default&#8221; global_colors_info=&#8221;{}&#8221;][et_pb_signup mailchimp_list=&#8221;CannaSmart|e0deed5885&#8243; layout=&#8221;top_bottom&#8221; first_name_field=&#8221;off&#8221; last_name_field=&#8221;off&#8221; success_message=&#8221;Herzlich willkommen!&#8221; title=&#8221;Haben Sie schon von der letzten geh\u00f6rt? Abonnieren Sie es, um nichts zu verpassen! &#8221; button_text=&#8221;Ich abonniere&#8221; _builder_version=&#8221;4.16&#8243; _module_preset=&#8221;default&#8221; header_font=&#8221;Oswald||||||||&#8221; body_font=&#8221;Open Sans|300|||||||&#8221; background_color=&#8221;#454545&#8243; text_orientation=&#8221;center&#8221; global_colors_info=&#8221;{}&#8221;][\/et_pb_signup][\/et_pb_column][\/et_pb_row][\/et_pb_section][et_pb_section fb_built=&#8221;1&#8243; admin_label=&#8221;Footer Section&#8221; _builder_version=&#8221;4.16&#8243; background_color=&#8221;#000000&#8243; custom_padding=&#8221;50px|0px|101px|0px||&#8221; saved_tabs=&#8221;all&#8221; locked=&#8221;off&#8221; global_colors_info=&#8221;{}&#8221;][et_pb_row column_structure=&#8221;1_2,1_2&#8243; admin_label=&#8221;Footer Row&#8221; _builder_version=&#8221;4.16&#8243; global_colors_info=&#8221;{}&#8221;][et_pb_column type=&#8221;1_2&#8243; _builder_version=&#8221;4.16&#8243; custom_padding=&#8221;|||&#8221; global_colors_info=&#8221;{}&#8221; custom_padding__hover=&#8221;|||&#8221;][et_pb_image src=&#8221;https:\/\/cannasmart.ch\/wp-content\/uploads\/2021\/07\/CannaSmart_Long.png&#8221; title_text=&#8221;CannaSmart_Long&#8221; align_tablet=&#8221;center&#8221; align_phone=&#8221;&#8221; align_last_edited=&#8221;on|desktop&#8221; admin_label=&#8221;logo&#8221; _builder_version=&#8221;4.16&#8243; max_width=&#8221;50%&#8221; global_colors_info=&#8221;{}&#8221;][\/et_pb_image][et_pb_social_media_follow _builder_version=&#8221;4.20.2&#8243; text_orientation=&#8221;left&#8221; custom_margin=&#8221;|||&#8221; custom_padding=&#8221;|||&#8221; mix_blend_mode=&#8221;multiply&#8221; global_colors_info=&#8221;{}&#8221;][et_pb_social_media_follow_network social_network=&#8221;instagram&#8221; url=&#8221;https:\/\/www.instagram.com\/cannasmart.ch\/&#8221; _builder_version=&#8221;4.16&#8243; background_color=&#8221;rgba(160,160,160,0.8)&#8221; custom_margin=&#8221;|2%||2%&#8221; custom_padding=&#8221;12px|12px|12px|12px&#8221; border_radii=&#8221;on|100px|100px|100px|100px&#8221; global_colors_info=&#8221;{}&#8221; follow_button=&#8221;off&#8221; url_new_window=&#8221;on&#8221;]instagram[\/et_pb_social_media_follow_network][\/et_pb_social_media_follow][\/et_pb_column][et_pb_column type=&#8221;1_2&#8243; _builder_version=&#8221;4.20.2&#8243; _module_preset=&#8221;default&#8221; global_colors_info=&#8221;{}&#8221;][et_pb_text admin_label=&#8221;Links&#8221; _builder_version=&#8221;4.20.2&#8243; text_font=&#8221;Open Sans|600|||||||&#8221; text_text_color=&#8221;#ffffff&#8221; text_line_height=&#8221;1.4em&#8221; link_font=&#8221;Open Sans|600|||||||&#8221; link_text_color=&#8221;#ffffff&#8221; link_line_height=&#8221;2.5em&#8221; header_font=&#8221;||||||||&#8221; header_2_font=&#8221;||||||||&#8221; header_3_font=&#8221;||||||||&#8221; header_6_font=&#8221;Oswald|500||on|||||&#8221; header_6_text_color=&#8221;rgba(255,255,255,0.4)&#8221; header_6_letter_spacing=&#8221;2px&#8221; header_6_line_height=&#8221;1.7em&#8221; background_layout=&#8221;dark&#8221; module_alignment=&#8221;center&#8221; custom_margin=&#8221;|||&#8221; custom_margin_tablet=&#8221;0px|||&#8221; custom_margin_phone=&#8221;|||&#8221; custom_margin_last_edited=&#8221;off|desktop&#8221; text_line_height_last_edited=&#8221;off|desktop&#8221; global_colors_info=&#8221;{}&#8221;]<\/p>\n<h6>Kontakt<\/h6>\n<p><span style=\"font-size: 14px;\"><a href=\"mailto:info@cannasmart.ch\">info@cannasmart.ch<\/a><\/span><\/p>\n<p><span style=\"font-size: 14px;\">026 551 00 09<\/span><\/p>\n<p><span style=\"font-size: 14px;\">Route du Tilleul 19<\/span><\/p>\n<p><span style=\"font-size: 14px;\">1724 Ferpicloz<\/span><\/p>\n<p>[\/et_pb_text][\/et_pb_column][\/et_pb_row][\/et_pb_section]<\/p>\n","protected":false},"excerpt":{"rendered":"<p>shop Finden Sie das Beste von CBD in unseren Produkten. Wir bieten hochwertige Blumen und \u00d6le an, die umweltfreundlich produziert werden. Alle unsere Produkte haben einen THC-Gehalt von weniger als &lt;1% und erf\u00fcllen die gesetzlichen Anforderungen in der Schweiz.DeinDeal-AngeboteCBD-Bl\u00fctenGesundheit und WohlbefindenElektronische ZigarettenKontakt info@cannasmart.ch 026 551 00 09 Route du Tilleul 19 1724 Ferpicloz<\/p>\n","protected":false},"author":1,"featured_media":0,"parent":0,"menu_order":0,"comment_status":"closed","ping_status":"closed","template":"","meta":{"_et_pb_use_builder":"on","_et_pb_old_content":"","_et_gb_content_width":"","footnotes":""},"class_list":["post-43787","page","type-page","status-publish","hentry"],"yoast_head":"<!-- This site is optimized with the Yoast SEO plugin v26.0 - https:\/\/yoast.com\/wordpress\/plugins\/seo\/ -->\n<title>CBD Produkte online - Bestellen Sie bei Cannasmart<\/title>\n<meta name=\"description\" content=\"Entdecken Sie unsere Online-Auswahl an CBD-Produkten, einschlie\u00dflich \u00d6len, Gummib\u00e4rchen und Kosmetika. Nutzen Sie die nat\u00fcrlichen Vorteile. Bestellen Sie jetzt!\" \/>\n<meta name=\"robots\" content=\"index, follow, max-snippet:-1, max-image-preview:large, max-video-preview:-1\" \/>\n<link rel=\"canonical\" href=\"https:\/\/cannasmart.ch\/de\/shop\/\" \/>\n<meta property=\"og:locale\" content=\"de_DE\" \/>\n<meta property=\"og:type\" content=\"article\" \/>\n<meta property=\"og:title\" content=\"CBD Produkte online - Bestellen Sie bei Cannasmart\" \/>\n<meta property=\"og:description\" content=\"Entdecken Sie unsere Online-Auswahl an CBD-Produkten, einschlie\u00dflich \u00d6len, Gummib\u00e4rchen und Kosmetika. Nutzen Sie die nat\u00fcrlichen Vorteile. Bestellen Sie jetzt!\" \/>\n<meta property=\"og:url\" content=\"https:\/\/cannasmart.ch\/de\/shop\/\" \/>\n<meta property=\"og:site_name\" content=\"CannaSmart.ch\" \/>\n<meta property=\"article:modified_time\" content=\"2025-12-11T14:23:18+00:00\" \/>\n<meta name=\"twitter:card\" content=\"summary_large_image\" \/>\n<meta name=\"twitter:label1\" content=\"Gesch\u00e4tzte Lesezeit\" \/>\n\t<meta name=\"twitter:data1\" content=\"4 minutes\" \/>\n<script type=\"application\/ld+json\" class=\"yoast-schema-graph\">{\"@context\":\"https:\/\/schema.org\",\"@graph\":[{\"@type\":\"WebPage\",\"@id\":\"https:\/\/cannasmart.ch\/de\/shop\/\",\"url\":\"https:\/\/cannasmart.ch\/de\/shop\/\",\"name\":\"CBD Produkte online - Bestellen Sie bei Cannasmart\",\"isPartOf\":{\"@id\":\"https:\/\/cannasmart.ch\/de\/#website\"},\"datePublished\":\"2021-10-18T18:31:35+00:00\",\"dateModified\":\"2025-12-11T14:23:18+00:00\",\"description\":\"Entdecken Sie unsere Online-Auswahl an CBD-Produkten, einschlie\u00dflich \u00d6len, Gummib\u00e4rchen und Kosmetika. Nutzen Sie die nat\u00fcrlichen Vorteile. Bestellen Sie jetzt!\",\"breadcrumb\":{\"@id\":\"https:\/\/cannasmart.ch\/de\/shop\/#breadcrumb\"},\"inLanguage\":\"de-DE\",\"potentialAction\":[{\"@type\":\"ReadAction\",\"target\":[\"https:\/\/cannasmart.ch\/de\/shop\/\"]}]},{\"@type\":\"BreadcrumbList\",\"@id\":\"https:\/\/cannasmart.ch\/de\/shop\/#breadcrumb\",\"itemListElement\":[{\"@type\":\"ListItem\",\"position\":1,\"name\":\"Accueil\",\"item\":\"https:\/\/cannasmart.ch\/de\/startseite\/?lang=de\"},{\"@type\":\"ListItem\",\"position\":2,\"name\":\"Shop\"}]},{\"@type\":\"WebSite\",\"@id\":\"https:\/\/cannasmart.ch\/de\/#website\",\"url\":\"https:\/\/cannasmart.ch\/de\/\",\"name\":\"CannaSmart.ch\",\"description\":\"Produits de CBD artisanaux\",\"publisher\":{\"@id\":\"https:\/\/cannasmart.ch\/de\/#organization\"},\"potentialAction\":[{\"@type\":\"SearchAction\",\"target\":{\"@type\":\"EntryPoint\",\"urlTemplate\":\"https:\/\/cannasmart.ch\/de\/?s={search_term_string}\"},\"query-input\":{\"@type\":\"PropertyValueSpecification\",\"valueRequired\":true,\"valueName\":\"search_term_string\"}}],\"inLanguage\":\"de-DE\"},{\"@type\":\"Organization\",\"@id\":\"https:\/\/cannasmart.ch\/de\/#organization\",\"name\":\"CannaSmart.ch\",\"url\":\"https:\/\/cannasmart.ch\/de\/\",\"logo\":{\"@type\":\"ImageObject\",\"inLanguage\":\"de-DE\",\"@id\":\"https:\/\/cannasmart.ch\/de\/#\/schema\/logo\/image\/\",\"url\":\"https:\/\/cannasmart.ch\/wp-content\/uploads\/2025\/09\/CS_Logo_V1.png\",\"contentUrl\":\"https:\/\/cannasmart.ch\/wp-content\/uploads\/2025\/09\/CS_Logo_V1.png\",\"width\":2000,\"height\":2000,\"caption\":\"CannaSmart.ch\"},\"image\":{\"@id\":\"https:\/\/cannasmart.ch\/de\/#\/schema\/logo\/image\/\"},\"sameAs\":[\"https:\/\/www.instagram.com\/cannasmart.ch\/\"]}]}<\/script>\n<!-- \/ Yoast SEO plugin. -->","yoast_head_json":{"title":"CBD Produkte online - Bestellen Sie bei Cannasmart","description":"Entdecken Sie unsere Online-Auswahl an CBD-Produkten, einschlie\u00dflich \u00d6len, Gummib\u00e4rchen und Kosmetika. Nutzen Sie die nat\u00fcrlichen Vorteile. Bestellen Sie jetzt!","robots":{"index":"index","follow":"follow","max-snippet":"max-snippet:-1","max-image-preview":"max-image-preview:large","max-video-preview":"max-video-preview:-1"},"canonical":"https:\/\/cannasmart.ch\/de\/shop\/","og_locale":"de_DE","og_type":"article","og_title":"CBD Produkte online - Bestellen Sie bei Cannasmart","og_description":"Entdecken Sie unsere Online-Auswahl an CBD-Produkten, einschlie\u00dflich \u00d6len, Gummib\u00e4rchen und Kosmetika. Nutzen Sie die nat\u00fcrlichen Vorteile. Bestellen Sie jetzt!","og_url":"https:\/\/cannasmart.ch\/de\/shop\/","og_site_name":"CannaSmart.ch","article_modified_time":"2025-12-11T14:23:18+00:00","twitter_card":"summary_large_image","twitter_misc":{"Gesch\u00e4tzte Lesezeit":"4 minutes"},"schema":{"@context":"https:\/\/schema.org","@graph":[{"@type":"WebPage","@id":"https:\/\/cannasmart.ch\/de\/shop\/","url":"https:\/\/cannasmart.ch\/de\/shop\/","name":"CBD Produkte online - Bestellen Sie bei Cannasmart","isPartOf":{"@id":"https:\/\/cannasmart.ch\/de\/#website"},"datePublished":"2021-10-18T18:31:35+00:00","dateModified":"2025-12-11T14:23:18+00:00","description":"Entdecken Sie unsere Online-Auswahl an CBD-Produkten, einschlie\u00dflich \u00d6len, Gummib\u00e4rchen und Kosmetika. Nutzen Sie die nat\u00fcrlichen Vorteile. Bestellen Sie jetzt!","breadcrumb":{"@id":"https:\/\/cannasmart.ch\/de\/shop\/#breadcrumb"},"inLanguage":"de-DE","potentialAction":[{"@type":"ReadAction","target":["https:\/\/cannasmart.ch\/de\/shop\/"]}]},{"@type":"BreadcrumbList","@id":"https:\/\/cannasmart.ch\/de\/shop\/#breadcrumb","itemListElement":[{"@type":"ListItem","position":1,"name":"Accueil","item":"https:\/\/cannasmart.ch\/de\/startseite\/?lang=de"},{"@type":"ListItem","position":2,"name":"Shop"}]},{"@type":"WebSite","@id":"https:\/\/cannasmart.ch\/de\/#website","url":"https:\/\/cannasmart.ch\/de\/","name":"CannaSmart.ch","description":"Produits de CBD artisanaux","publisher":{"@id":"https:\/\/cannasmart.ch\/de\/#organization"},"potentialAction":[{"@type":"SearchAction","target":{"@type":"EntryPoint","urlTemplate":"https:\/\/cannasmart.ch\/de\/?s={search_term_string}"},"query-input":{"@type":"PropertyValueSpecification","valueRequired":true,"valueName":"search_term_string"}}],"inLanguage":"de-DE"},{"@type":"Organization","@id":"https:\/\/cannasmart.ch\/de\/#organization","name":"CannaSmart.ch","url":"https:\/\/cannasmart.ch\/de\/","logo":{"@type":"ImageObject","inLanguage":"de-DE","@id":"https:\/\/cannasmart.ch\/de\/#\/schema\/logo\/image\/","url":"https:\/\/cannasmart.ch\/wp-content\/uploads\/2025\/09\/CS_Logo_V1.png","contentUrl":"https:\/\/cannasmart.ch\/wp-content\/uploads\/2025\/09\/CS_Logo_V1.png","width":2000,"height":2000,"caption":"CannaSmart.ch"},"image":{"@id":"https:\/\/cannasmart.ch\/de\/#\/schema\/logo\/image\/"},"sameAs":["https:\/\/www.instagram.com\/cannasmart.ch\/"]}]}},"_links":{"self":[{"href":"https:\/\/cannasmart.ch\/de\/wp-json\/wp\/v2\/pages\/43787","targetHints":{"allow":["GET"]}}],"collection":[{"href":"https:\/\/cannasmart.ch\/de\/wp-json\/wp\/v2\/pages"}],"about":[{"href":"https:\/\/cannasmart.ch\/de\/wp-json\/wp\/v2\/types\/page"}],"author":[{"embeddable":true,"href":"https:\/\/cannasmart.ch\/de\/wp-json\/wp\/v2\/users\/1"}],"replies":[{"embeddable":true,"href":"https:\/\/cannasmart.ch\/de\/wp-json\/wp\/v2\/comments?post=43787"}],"version-history":[{"count":11,"href":"https:\/\/cannasmart.ch\/de\/wp-json\/wp\/v2\/pages\/43787\/revisions"}],"predecessor-version":[{"id":45517,"href":"https:\/\/cannasmart.ch\/de\/wp-json\/wp\/v2\/pages\/43787\/revisions\/45517"}],"wp:attachment":[{"href":"https:\/\/cannasmart.ch\/de\/wp-json\/wp\/v2\/media?parent=43787"}],"curies":[{"name":"wp","href":"https:\/\/api.w.org\/{rel}","templated":true}]}}